{"id":5874,"date":"2014-04-15T03:38:37","date_gmt":"2014-04-15T07:38:37","guid":{"rendered":"https:\/\/calacs-chateauguay.ca\/who-are-we\/our-philosophy\/"},"modified":"2023-07-20T15:15:07","modified_gmt":"2023-07-20T19:15:07","slug":"our-philosophy","status":"publish","type":"page","link":"https:\/\/calacs-chateauguay.ca\/en\/who-are-we\/our-philosophy\/","title":{"rendered":"Our Philosophy"},"content":{"rendered":"<p>[et_pb_section fb_built=&#8221;1&#8243; specialty=&#8221;on&#8221; _builder_version=&#8221;4.19.5&#8243; _module_preset=&#8221;default&#8221; global_colors_info=&#8221;{}&#8221;][et_pb_column type=&#8221;1_4&#8243; _builder_version=&#8221;4.16&#8243; custom_padding=&#8221;|||&#8221; global_colors_info=&#8221;{}&#8221; custom_padding__hover=&#8221;|||&#8221;]<\/p>\n<p>[et_pb_sidebar area=&#8221;et_pb_widget_area_1&#8243; _builder_version=&#8221;4.19.5&#8243; _module_preset=&#8221;default&#8221; global_colors_info=&#8221;{}&#8221;][\/et_pb_sidebar]<\/p>\n<p>[\/et_pb_column][et_pb_column type=&#8221;3_4&#8243; specialty_columns=&#8221;3&#8243; _builder_version=&#8221;4.16&#8243; custom_padding=&#8221;|||&#8221; global_colors_info=&#8221;{}&#8221; custom_padding__hover=&#8221;|||&#8221;][et_pb_row_inner _builder_version=&#8221;4.19.5&#8243; _module_preset=&#8221;default&#8221; global_colors_info=&#8221;{}&#8221;][et_pb_column_inner saved_specialty_column_type=&#8221;3_4&#8243; _builder_version=&#8221;4.19.5&#8243; _module_preset=&#8221;default&#8221; global_colors_info=&#8221;{}&#8221;][et_pb_text admin_label=&#8221;Le CALACS Ch\u00e2teauguay adh\u00e8re&#8230;&#8221; _builder_version=&#8221;4.21.0&#8243; background_size=&#8221;initial&#8221; background_position=&#8221;top_left&#8221; background_repeat=&#8221;repeat&#8221; hover_enabled=&#8221;0&#8243; global_colors_info=&#8221;{}&#8221; sticky_enabled=&#8221;0&#8243;]<\/p>\n<p>The CALACS Ch\u00e2teauguay adheres to the declaration of principles of the Regroupement qu\u00e9b\u00e9cois des CALACS (Quebec Coalition of Sexual Assault Centers). In this sense, it insists that sexual violence constitutes a means of control to dictate the lives of women and keep them in a position of fear and submission before patriarchal power. Sexual assaults are acts of domination, humiliation, violence, and abuse of power, mainly committed by men against women, adolescent girls, and children with the aim of keeping them in unequal power relations. The CALACS denounces sexual violence in all its forms.<\/p>\n<p>Sexual violence is a social problem and not an individual one. It is <strong>in no way<\/strong> the responsibility of the women, adolescents and children that are subjected to it. The lack of objective and complete information, as well as the incomprehension of the issue, allows myths and prejudices not only to persist, but also to multiply. Consequently, the means to put an end to it must come from society and its various political, social, public, economic, and legal bodies.<\/p>\n<p>In the light of these findings, the choice to intervene\/act\/work from a feminist perspective was made. The preferred actions, focusing on social change, aim to raise awareness of sexist attitudes, prejudices, and values \u200b\u200bas well as the negative effects of the stereotypical and even victimizing socialization of women.<\/p>\n<p>The intervention with sexually assaulted women is imbued, for reasons of consistency, with a feminist perspective. Feminist intervention, an approach advocated at the CALACS, applies to both individual and group counselling support. &#8220;The goals pursued are essentially to help sexually assaulted women identify their needs, achieve their personal and social goals, find concrete ways to relieve their suffering, overcome the consequences of their assault, feel better about themselves, others and in society and finally, to regain power over their lives (Basis of Unity) RQCALACS, Vandal, 1997a: 31).<\/p>\n<p>The CALACS also plays a socio-legal support role that can, depending on the needs of the woman, provide relevant information on the rights and recourses available. The CALACS can also offer support to women who decide to take legal action.<\/p>\n<p>Because the CALACS is challenged by patriarchal and hierarchical power, it has chosen a mode of operation without hierarchy, moving away from the traditional management model. Collective functioning aims for decision-making by consensus, an equitable sharing of tasks, responsibilities, information, and power between the workers themselves and between the workers and the members of the Collective. The CALACS also recognizes that the process is as important as the outcome.<\/p>\n<p>In order to eliminate sexual violence, CALACS firmly believes that prevention and education activities must be offered to the population as well as struggles must be conducted in order to change mentalities, this is in addition to services to help women who have been sexually assaulted.<\/p>\n<p>[\/et_pb_text][\/et_pb_column_inner][\/et_pb_row_inner][\/et_pb_column][\/et_pb_section]<\/p>\n","protected":false},"excerpt":{"rendered":"<p>The CALACS Ch\u00e2teauguay adheres to the declaration of principles of the Regroupement qu\u00e9b\u00e9cois des CALACS (Quebec Coalition of Sexual Assault Centers). In this sense, it insists that sexual violence constitutes a means of control to dictate the lives of women and keep them in a position of fear and submission before patriarchal power. Sexual assaults [&hellip;]<\/p>\n","protected":false},"author":4,"featured_media":0,"parent":5865,"menu_order":130,"comment_status":"closed","ping_status":"closed","template":"","meta":{"_et_pb_use_builder":"on","_et_pb_old_content":"","_et_gb_content_width":"","footnotes":""},"class_list":["post-5874","page","type-page","status-publish","hentry"],"yoast_head":"<!-- This site is optimized with the Yoast SEO plugin v27.3 - https:\/\/yoast.com\/product\/yoast-seo-wordpress\/ -->\n<title>Our Philosophy - Calacs Chateauguay<\/title>\n<meta name=\"robots\" content=\"index, follow, max-snippet:-1, max-image-preview:large, max-video-preview:-1\" \/>\n<link rel=\"canonical\" href=\"https:\/\/calacs-chateauguay.ca\/en\/who-are-we\/our-philosophy\/\" \/>\n<meta property=\"og:locale\" content=\"en_US\" \/>\n<meta property=\"og:type\" content=\"article\" \/>\n<meta property=\"og:title\" content=\"Our Philosophy - Calacs Chateauguay\" \/>\n<meta property=\"og:description\" content=\"The CALACS Ch\u00e2teauguay adheres to the declaration of principles of the Regroupement qu\u00e9b\u00e9cois des CALACS (Quebec Coalition of Sexual Assault Centers). In this sense, it insists that sexual violence constitutes a means of control to dictate the lives of women and keep them in a position of fear and submission before patriarchal power. Sexual assaults [&hellip;]\" \/>\n<meta property=\"og:url\" content=\"https:\/\/calacs-chateauguay.ca\/en\/who-are-we\/our-philosophy\/\" \/>\n<meta property=\"og:site_name\" content=\"Calacs Chateauguay\" \/>\n<meta property=\"article:modified_time\" content=\"2023-07-20T19:15:07+00:00\" \/>\n<meta name=\"twitter:label1\" content=\"Est. reading time\" \/>\n\t<meta name=\"twitter:data1\" content=\"3 minutes\" \/>\n<script type=\"application\/ld+json\" class=\"yoast-schema-graph\">{\"@context\":\"https:\\\/\\\/schema.org\",\"@graph\":[{\"@type\":\"WebPage\",\"@id\":\"https:\\\/\\\/calacs-chateauguay.ca\\\/en\\\/who-are-we\\\/our-philosophy\\\/\",\"url\":\"https:\\\/\\\/calacs-chateauguay.ca\\\/en\\\/who-are-we\\\/our-philosophy\\\/\",\"name\":\"Our Philosophy - Calacs Chateauguay\",\"isPartOf\":{\"@id\":\"https:\\\/\\\/calacs-chateauguay.ca\\\/en\\\/#website\"},\"datePublished\":\"2014-04-15T07:38:37+00:00\",\"dateModified\":\"2023-07-20T19:15:07+00:00\",\"breadcrumb\":{\"@id\":\"https:\\\/\\\/calacs-chateauguay.ca\\\/en\\\/who-are-we\\\/our-philosophy\\\/#breadcrumb\"},\"inLanguage\":\"en-US\",\"potentialAction\":[{\"@type\":\"ReadAction\",\"target\":[\"https:\\\/\\\/calacs-chateauguay.ca\\\/en\\\/who-are-we\\\/our-philosophy\\\/\"]}]},{\"@type\":\"BreadcrumbList\",\"@id\":\"https:\\\/\\\/calacs-chateauguay.ca\\\/en\\\/who-are-we\\\/our-philosophy\\\/#breadcrumb\",\"itemListElement\":[{\"@type\":\"ListItem\",\"position\":1,\"name\":\"Reception\",\"item\":\"https:\\\/\\\/calacs-chateauguay.ca\\\/en\\\/\"},{\"@type\":\"ListItem\",\"position\":2,\"name\":\"Who are we&nbsp;?\",\"item\":\"https:\\\/\\\/calacs-chateauguay.ca\\\/en\\\/qui-sommes-nous\\\/\"},{\"@type\":\"ListItem\",\"position\":3,\"name\":\"Our Philosophy\"}]},{\"@type\":\"WebSite\",\"@id\":\"https:\\\/\\\/calacs-chateauguay.ca\\\/en\\\/#website\",\"url\":\"https:\\\/\\\/calacs-chateauguay.ca\\\/en\\\/\",\"name\":\"Calacs Chateauguay\",\"description\":\"EN PARLER C\u2019EST SE LIBERER\",\"potentialAction\":[{\"@type\":\"SearchAction\",\"target\":{\"@type\":\"EntryPoint\",\"urlTemplate\":\"https:\\\/\\\/calacs-chateauguay.ca\\\/en\\\/?s={search_term_string}\"},\"query-input\":{\"@type\":\"PropertyValueSpecification\",\"valueRequired\":true,\"valueName\":\"search_term_string\"}}],\"inLanguage\":\"en-US\"}]}<\/script>\n<!-- \/ Yoast SEO plugin. -->","yoast_head_json":{"title":"Our Philosophy - Calacs Chateauguay","robots":{"index":"index","follow":"follow","max-snippet":"max-snippet:-1","max-image-preview":"max-image-preview:large","max-video-preview":"max-video-preview:-1"},"canonical":"https:\/\/calacs-chateauguay.ca\/en\/who-are-we\/our-philosophy\/","og_locale":"en_US","og_type":"article","og_title":"Our Philosophy - Calacs Chateauguay","og_description":"The CALACS Ch\u00e2teauguay adheres to the declaration of principles of the Regroupement qu\u00e9b\u00e9cois des CALACS (Quebec Coalition of Sexual Assault Centers). In this sense, it insists that sexual violence constitutes a means of control to dictate the lives of women and keep them in a position of fear and submission before patriarchal power. Sexual assaults [&hellip;]","og_url":"https:\/\/calacs-chateauguay.ca\/en\/who-are-we\/our-philosophy\/","og_site_name":"Calacs Chateauguay","article_modified_time":"2023-07-20T19:15:07+00:00","twitter_misc":{"Est. reading time":"3 minutes"},"schema":{"@context":"https:\/\/schema.org","@graph":[{"@type":"WebPage","@id":"https:\/\/calacs-chateauguay.ca\/en\/who-are-we\/our-philosophy\/","url":"https:\/\/calacs-chateauguay.ca\/en\/who-are-we\/our-philosophy\/","name":"Our Philosophy - Calacs Chateauguay","isPartOf":{"@id":"https:\/\/calacs-chateauguay.ca\/en\/#website"},"datePublished":"2014-04-15T07:38:37+00:00","dateModified":"2023-07-20T19:15:07+00:00","breadcrumb":{"@id":"https:\/\/calacs-chateauguay.ca\/en\/who-are-we\/our-philosophy\/#breadcrumb"},"inLanguage":"en-US","potentialAction":[{"@type":"ReadAction","target":["https:\/\/calacs-chateauguay.ca\/en\/who-are-we\/our-philosophy\/"]}]},{"@type":"BreadcrumbList","@id":"https:\/\/calacs-chateauguay.ca\/en\/who-are-we\/our-philosophy\/#breadcrumb","itemListElement":[{"@type":"ListItem","position":1,"name":"Reception","item":"https:\/\/calacs-chateauguay.ca\/en\/"},{"@type":"ListItem","position":2,"name":"Who are we&nbsp;?","item":"https:\/\/calacs-chateauguay.ca\/en\/qui-sommes-nous\/"},{"@type":"ListItem","position":3,"name":"Our Philosophy"}]},{"@type":"WebSite","@id":"https:\/\/calacs-chateauguay.ca\/en\/#website","url":"https:\/\/calacs-chateauguay.ca\/en\/","name":"Calacs Chateauguay","description":"EN PARLER C\u2019EST SE LIBERER","potentialAction":[{"@type":"SearchAction","target":{"@type":"EntryPoint","urlTemplate":"https:\/\/calacs-chateauguay.ca\/en\/?s={search_term_string}"},"query-input":{"@type":"PropertyValueSpecification","valueRequired":true,"valueName":"search_term_string"}}],"inLanguage":"en-US"}]}},"_links":{"self":[{"href":"https:\/\/calacs-chateauguay.ca\/en\/wp-json\/wp\/v2\/pages\/5874","targetHints":{"allow":["GET"]}}],"collection":[{"href":"https:\/\/calacs-chateauguay.ca\/en\/wp-json\/wp\/v2\/pages"}],"about":[{"href":"https:\/\/calacs-chateauguay.ca\/en\/wp-json\/wp\/v2\/types\/page"}],"author":[{"embeddable":true,"href":"https:\/\/calacs-chateauguay.ca\/en\/wp-json\/wp\/v2\/users\/4"}],"replies":[{"embeddable":true,"href":"https:\/\/calacs-chateauguay.ca\/en\/wp-json\/wp\/v2\/comments?post=5874"}],"version-history":[{"count":5,"href":"https:\/\/calacs-chateauguay.ca\/en\/wp-json\/wp\/v2\/pages\/5874\/revisions"}],"predecessor-version":[{"id":8481,"href":"https:\/\/calacs-chateauguay.ca\/en\/wp-json\/wp\/v2\/pages\/5874\/revisions\/8481"}],"up":[{"embeddable":true,"href":"https:\/\/calacs-chateauguay.ca\/en\/wp-json\/wp\/v2\/pages\/5865"}],"wp:attachment":[{"href":"https:\/\/calacs-chateauguay.ca\/en\/wp-json\/wp\/v2\/media?parent=5874"}],"curies":[{"name":"wp","href":"https:\/\/api.w.org\/{rel}","templated":true}]}}