{"id":6046,"date":"2013-08-16T03:47:30","date_gmt":"2013-08-16T07:47:30","guid":{"rendered":"https:\/\/calacs-chateauguay.ca\/?page_id=6046"},"modified":"2023-07-20T15:15:03","modified_gmt":"2023-07-20T19:15:03","slug":"as-a-supporter-what-do-i-need-to-know","status":"publish","type":"page","link":"https:\/\/calacs-chateauguay.ca\/en\/help\/for-the-relatives-and-loved-ones-of-a-victim\/as-a-supporter-what-do-i-need-to-know\/","title":{"rendered":"As a Supporter\u2026 What do I Need to Know&nbsp;?"},"content":{"rendered":"<p>[et_pb_section fb_built=&#8221;1&#8243; specialty=&#8221;on&#8221; _builder_version=&#8221;4.16&#8243; global_colors_info=&#8221;{}&#8221;][et_pb_column type=&#8221;1_4&#8243; _builder_version=&#8221;4.16&#8243; custom_padding=&#8221;|||&#8221; global_colors_info=&#8221;{}&#8221; custom_padding__hover=&#8221;|||&#8221;]<\/p>\n<p>[et_pb_sidebar area=&#8221;et_pb_widget_area_3&#8243; _builder_version=&#8221;4.16&#8243; global_colors_info=&#8221;{}&#8221;][\/et_pb_sidebar]<\/p>\n<p>[\/et_pb_column][et_pb_column type=&#8221;3_4&#8243; specialty_columns=&#8221;3&#8243; _builder_version=&#8221;4.16&#8243; custom_padding=&#8221;|||&#8221; global_colors_info=&#8221;{}&#8221; custom_padding__hover=&#8221;|||&#8221;][et_pb_row_inner _builder_version=&#8221;4.16&#8243; global_colors_info=&#8221;{}&#8221;][et_pb_column_inner saved_specialty_column_type=&#8221;3_4&#8243; _builder_version=&#8221;4.16&#8243; global_colors_info=&#8221;{}&#8221;][et_pb_text _builder_version=&#8221;4.21.0&#8243; background_size=&#8221;initial&#8221; background_position=&#8221;top_left&#8221; background_repeat=&#8221;repeat&#8221; hover_enabled=&#8221;0&#8243; global_colors_info=&#8221;{}&#8221; sticky_enabled=&#8221;0&#8243;]<\/p>\n<p>A woman close to you was a victim of sexual assault recently or in the past? You need to know that sexual assault is a severe, traumatic event that attacks a person\u2019s physical and psychological integrity. Distressing memories can surface at any time, days, months even years after. The support of family members, close relatives, friends and counsellors plays an important role in the recovery process of the sexual assault victim.<\/p>\n<div class=\"post-it\">&#8221; Talking about it and finding support can help a victim. &#8220;<\/div>\n<p>You must know that sexual assault is often experienced as a betrayal, especially if the perpetrator was someone she knew, loved and with whom she was close. A woman who was sexually assaulted needs to be able to trust the people she confides in. She was sufficiently betrayed and not shown any respect without adding to the list other people who do not respect her.<\/p>\n<p>In many cases, the victim is only waiting for one thing to open up: someone to reach out to her. It can also be that she herself decides to talk to someone she trusts. Once the silence and isolation are broken, she starts to see a way out. The reactions from people around her are very important.<\/p>\n<p>Facing the traumatic experience of a person who was sexually assaulted can be emotionally difficult to deal with.<\/p>\n<p>&nbsp;<\/p>\n<h5><strong>You need to know that, as a supporter, you may feel :<\/strong><\/h5>\n<p>Troubled, shocked, disgusted, devastated, inadequate, powerless, guilty of not giving enough support to the other person, guilty of questionning your commitment as a supporter, guilty of not having prevented the assault, frustrated by the time she takes to recover, threatened, trapped, attacked, blamed, stressed, confused, desperate, helpless, disturbed by memories that can reappear from your own family history, etc.<\/p>\n<p>Certain things can be harder for you to hear. <span style=\"color: #a63439;\"><strong>This is legitimate. <\/strong><\/span>You may feel compassion or sadness for her suffering.<\/p>\n<p>Having been confided such an event is not easy to take on alone. If you feel the need to talk to someone, do not hesitate to contact a resource that offers support to sexual assault victims. Generally, they also offer services to relatives and loved ones. Do not forget that it is also important that you take care of yourself.<\/p>\n<p>&nbsp;<\/p>\n<h5><strong>If some of your reactions can be helpful for a victim of sexual assault, others can be harmful. Here is a list of important elements to help you in your role of supporter :<\/strong><\/h5>\n<h5>\u00a0<\/h5>\n<h5><strong>Listen<\/strong><\/h5>\n<p>Listen to what the victim has to say without passing judgment. Have a nonverbal \u00ab listening \u00bb approach: good eye contact, open posture, etc. Let her express herself in her own words, in her own way, at her own pace. Victims may have a need to tell their story more than once before feeling free. If the perpetrator was a parent, the victim can feel love towards him, and at the same time, anger. She must be able to make up her own mind without you intervening. In all circumstances, be patient.<\/p>\n<h5>\u00a0<\/h5>\n<h5><strong>Believe<\/strong><\/h5>\n<p>Croyez ce que la victime vous dit. Ne banalisez pas l\u2019importance de l\u2019agression dont elle a \u00e9t\u00e9 victime, m\u00eame si la r\u00e9alit\u00e9 n\u2019est pas belle \u00e0 voir et \u00e0 entendre. C\u2019est son v\u00e9cu et sa perception. Vous devez vous centrer sur ce qu\u2019elle dit et vit.<\/p>\n<h5>\u00a0<\/h5>\n<h5><strong>Acknowledge<\/strong><\/h5>\n<p>Acknowledge what the victim says without minimizing or exaggerating the facts, emotions or consequences. If you do not take her feelings seriously, you are not helping her. Try to stay as calm as possible.<\/p>\n<h5>\u00a0<\/h5>\n<h5><strong>Alleviate the guilt<\/strong><\/h5>\n<p>Make the victim understand that the sexual assault was in no way her fault. The perpetrator is entirely responsible for his actions. Remember that <strong>sexual assault is unacceptable and criminal. <\/strong>Her responsibility is to take care of herself.<\/p>\n<h5>\u00a0<\/h5>\n<h5><strong>Validate her emotions<\/strong><\/h5>\n<div class=\"post-it\">&#8220;Being a victim means suffering. We do not forget being sexually assaulted but we can live without the memory invading our lives and guiding all our choices.&#8221;<\/div>\n<p>Help the victim express what she feels by reassuring her that her reactions, her emotions and her feelings (anger, resentment, guilt, low self-esteem) are normal.<\/p>\n<h5>\u00a0<\/h5>\n<h5><strong>Be supportive<\/strong><\/h5>\n<p>Let the victim know you are available if she needs to talk or needs accompaniment. If it is impossible for you to be supportive, it is important to tell her and help her find another person who will be able to do so. Focus your intervention on the victim, take care of her protection and avoid reacting too intensively as this could have a negative impact and cause the victim to remain silent. Be respectful of her ambivalence.<\/p>\n<p>You have to be supportive of the way the victim intends to deal with her problems. Do not try to direct what she is doing; she could feel you are trying to control her life. She needs to decide if she will get help, join a support group or file a complaint against the perpetrator. Your role is to support her in these important decisions and accompany her, if needed, in her medical, social and judicial proceedings.<\/p>\n<h5>\u00a0<\/h5>\n<h5><strong>Encourage her strength<\/strong><\/h5>\n<p>Back up the victim\u2019s positive steps forward. Emphasize her strenght and courage to talk about it. Help build up her self-esteem by pointing out her qualities and by helping her live<\/p>\n<p>positive experiences, successes and achievements.<\/p>\n<h5>\u00a0<\/h5>\n<h5><strong>Avoid taking charge<\/strong><\/h5>\n<p>You could have a tendency to take charge of the victim because she has suffered a lot, because you believe she is fragile and vulnerable. Taking charge is harmful. It encourages victimization and discourages autonomy. The victim must learn to believe in herself and to nurture herself. She must understand that though she is a victim and is suffering, this does not give her every right and does not cut her off from all her resources. She must learn to set limits and respect those of others; she must learn to see herself as a fighter, a survivor and not as a victim.<\/p>\n<h5>\u00a0<\/h5>\n<h5><strong>Help her reclaim her autonomy<\/strong><\/h5>\n<p>Help the victim take back control of her life while you remain in the picture. Encourage her to make decisions and to get back to her normal level of activity.<\/p>\n<h5>\u00a0<\/h5>\n<h5><strong>Respect the confidentiality<\/strong><\/h5>\n<div class=\"post-it\">&#8220;It is possible that the victim has other needs, be attentive ! Your openness, your ability to listen and your support can make all the difference&#8221;<\/div>\n<p>It was difficult for the victim to open up about it. The fact that she chose you is a big proof of her trust, do not deceive her\u2026 respect the confidentiality.<\/p>\n<p>As a supporter, some situations can affect you in a more particular way depending on your relationship with the victim. The revelation of sexual violence within your family or your couple can throw your personal and family life into turmoil.<\/p>\n<p>[\/et_pb_text][\/et_pb_column_inner][\/et_pb_row_inner][\/et_pb_column][\/et_pb_section]<\/p>\n","protected":false},"excerpt":{"rendered":"<p>A woman close to you was a victim of sexual assault recently or in the past? You need to know that sexual assault is a severe, traumatic event that attacks a person\u2019s physical and psychological integrity. Distressing memories can surface at any time, days, months even years after. The support of family members, close relatives, [&hellip;]<\/p>\n","protected":false},"author":4,"featured_media":0,"parent":5946,"menu_order":231,"comment_status":"closed","ping_status":"closed","template":"","meta":{"_et_pb_use_builder":"on","_et_pb_old_content":"","_et_gb_content_width":"","footnotes":""},"class_list":["post-6046","page","type-page","status-publish","hentry"],"yoast_head":"<!-- This site is optimized with the Yoast SEO plugin v27.5 - https:\/\/yoast.com\/product\/yoast-seo-wordpress\/ -->\n<title>As a Supporter\u2026 What do I Need to Know&nbsp;? - Calacs Chateauguay<\/title>\n<meta name=\"robots\" content=\"index, follow, max-snippet:-1, max-image-preview:large, max-video-preview:-1\" \/>\n<link rel=\"canonical\" href=\"https:\/\/calacs-chateauguay.ca\/en\/help\/for-the-relatives-and-loved-ones-of-a-victim\/as-a-supporter-what-do-i-need-to-know\/\" \/>\n<meta property=\"og:locale\" content=\"en_US\" \/>\n<meta property=\"og:type\" content=\"article\" \/>\n<meta property=\"og:title\" content=\"As a Supporter\u2026 What do I Need to Know&nbsp;? - Calacs Chateauguay\" \/>\n<meta property=\"og:description\" content=\"A woman close to you was a victim of sexual assault recently or in the past? You need to know that sexual assault is a severe, traumatic event that attacks a person\u2019s physical and psychological integrity. Distressing memories can surface at any time, days, months even years after. The support of family members, close relatives, [&hellip;]\" \/>\n<meta property=\"og:url\" content=\"https:\/\/calacs-chateauguay.ca\/en\/help\/for-the-relatives-and-loved-ones-of-a-victim\/as-a-supporter-what-do-i-need-to-know\/\" \/>\n<meta property=\"og:site_name\" content=\"Calacs Chateauguay\" \/>\n<meta property=\"article:modified_time\" content=\"2023-07-20T19:15:03+00:00\" \/>\n<meta name=\"twitter:label1\" content=\"Est. reading time\" \/>\n\t<meta name=\"twitter:data1\" content=\"6 minutes\" \/>\n<script type=\"application\/ld+json\" class=\"yoast-schema-graph\">{\"@context\":\"https:\\\/\\\/schema.org\",\"@graph\":[{\"@type\":\"WebPage\",\"@id\":\"https:\\\/\\\/calacs-chateauguay.ca\\\/en\\\/help\\\/for-the-relatives-and-loved-ones-of-a-victim\\\/as-a-supporter-what-do-i-need-to-know\\\/\",\"url\":\"https:\\\/\\\/calacs-chateauguay.ca\\\/en\\\/help\\\/for-the-relatives-and-loved-ones-of-a-victim\\\/as-a-supporter-what-do-i-need-to-know\\\/\",\"name\":\"As a Supporter\u2026 What do I Need to Know&nbsp;? - Calacs Chateauguay\",\"isPartOf\":{\"@id\":\"https:\\\/\\\/calacs-chateauguay.ca\\\/en\\\/#website\"},\"datePublished\":\"2013-08-16T07:47:30+00:00\",\"dateModified\":\"2023-07-20T19:15:03+00:00\",\"breadcrumb\":{\"@id\":\"https:\\\/\\\/calacs-chateauguay.ca\\\/en\\\/help\\\/for-the-relatives-and-loved-ones-of-a-victim\\\/as-a-supporter-what-do-i-need-to-know\\\/#breadcrumb\"},\"inLanguage\":\"en-US\",\"potentialAction\":[{\"@type\":\"ReadAction\",\"target\":[\"https:\\\/\\\/calacs-chateauguay.ca\\\/en\\\/help\\\/for-the-relatives-and-loved-ones-of-a-victim\\\/as-a-supporter-what-do-i-need-to-know\\\/\"]}]},{\"@type\":\"BreadcrumbList\",\"@id\":\"https:\\\/\\\/calacs-chateauguay.ca\\\/en\\\/help\\\/for-the-relatives-and-loved-ones-of-a-victim\\\/as-a-supporter-what-do-i-need-to-know\\\/#breadcrumb\",\"itemListElement\":[{\"@type\":\"ListItem\",\"position\":1,\"name\":\"Reception\",\"item\":\"https:\\\/\\\/calacs-chateauguay.ca\\\/en\\\/\"},{\"@type\":\"ListItem\",\"position\":2,\"name\":\"Support Services\",\"item\":\"https:\\\/\\\/calacs-chateauguay.ca\\\/en\\\/help\\\/\"},{\"@type\":\"ListItem\",\"position\":3,\"name\":\"For the Relatives and Loved Ones of a Victim\",\"item\":\"https:\\\/\\\/calacs-chateauguay.ca\\\/en\\\/aide\\\/pour-lentourage-dune-victime\\\/\"},{\"@type\":\"ListItem\",\"position\":4,\"name\":\"As a Supporter\u2026 What do I Need to Know&nbsp;?\"}]},{\"@type\":\"WebSite\",\"@id\":\"https:\\\/\\\/calacs-chateauguay.ca\\\/en\\\/#website\",\"url\":\"https:\\\/\\\/calacs-chateauguay.ca\\\/en\\\/\",\"name\":\"Calacs Chateauguay\",\"description\":\"EN PARLER C\u2019EST SE LIBERER\",\"potentialAction\":[{\"@type\":\"SearchAction\",\"target\":{\"@type\":\"EntryPoint\",\"urlTemplate\":\"https:\\\/\\\/calacs-chateauguay.ca\\\/en\\\/?s={search_term_string}\"},\"query-input\":{\"@type\":\"PropertyValueSpecification\",\"valueRequired\":true,\"valueName\":\"search_term_string\"}}],\"inLanguage\":\"en-US\"}]}<\/script>\n<!-- \/ Yoast SEO plugin. -->","yoast_head_json":{"title":"As a Supporter\u2026 What do I Need to Know&nbsp;? - Calacs Chateauguay","robots":{"index":"index","follow":"follow","max-snippet":"max-snippet:-1","max-image-preview":"max-image-preview:large","max-video-preview":"max-video-preview:-1"},"canonical":"https:\/\/calacs-chateauguay.ca\/en\/help\/for-the-relatives-and-loved-ones-of-a-victim\/as-a-supporter-what-do-i-need-to-know\/","og_locale":"en_US","og_type":"article","og_title":"As a Supporter\u2026 What do I Need to Know&nbsp;? - Calacs Chateauguay","og_description":"A woman close to you was a victim of sexual assault recently or in the past? You need to know that sexual assault is a severe, traumatic event that attacks a person\u2019s physical and psychological integrity. Distressing memories can surface at any time, days, months even years after. The support of family members, close relatives, [&hellip;]","og_url":"https:\/\/calacs-chateauguay.ca\/en\/help\/for-the-relatives-and-loved-ones-of-a-victim\/as-a-supporter-what-do-i-need-to-know\/","og_site_name":"Calacs Chateauguay","article_modified_time":"2023-07-20T19:15:03+00:00","twitter_misc":{"Est. reading time":"6 minutes"},"schema":{"@context":"https:\/\/schema.org","@graph":[{"@type":"WebPage","@id":"https:\/\/calacs-chateauguay.ca\/en\/help\/for-the-relatives-and-loved-ones-of-a-victim\/as-a-supporter-what-do-i-need-to-know\/","url":"https:\/\/calacs-chateauguay.ca\/en\/help\/for-the-relatives-and-loved-ones-of-a-victim\/as-a-supporter-what-do-i-need-to-know\/","name":"As a Supporter\u2026 What do I Need to Know&nbsp;? - Calacs Chateauguay","isPartOf":{"@id":"https:\/\/calacs-chateauguay.ca\/en\/#website"},"datePublished":"2013-08-16T07:47:30+00:00","dateModified":"2023-07-20T19:15:03+00:00","breadcrumb":{"@id":"https:\/\/calacs-chateauguay.ca\/en\/help\/for-the-relatives-and-loved-ones-of-a-victim\/as-a-supporter-what-do-i-need-to-know\/#breadcrumb"},"inLanguage":"en-US","potentialAction":[{"@type":"ReadAction","target":["https:\/\/calacs-chateauguay.ca\/en\/help\/for-the-relatives-and-loved-ones-of-a-victim\/as-a-supporter-what-do-i-need-to-know\/"]}]},{"@type":"BreadcrumbList","@id":"https:\/\/calacs-chateauguay.ca\/en\/help\/for-the-relatives-and-loved-ones-of-a-victim\/as-a-supporter-what-do-i-need-to-know\/#breadcrumb","itemListElement":[{"@type":"ListItem","position":1,"name":"Reception","item":"https:\/\/calacs-chateauguay.ca\/en\/"},{"@type":"ListItem","position":2,"name":"Support Services","item":"https:\/\/calacs-chateauguay.ca\/en\/help\/"},{"@type":"ListItem","position":3,"name":"For the Relatives and Loved Ones of a Victim","item":"https:\/\/calacs-chateauguay.ca\/en\/aide\/pour-lentourage-dune-victime\/"},{"@type":"ListItem","position":4,"name":"As a Supporter\u2026 What do I Need to Know&nbsp;?"}]},{"@type":"WebSite","@id":"https:\/\/calacs-chateauguay.ca\/en\/#website","url":"https:\/\/calacs-chateauguay.ca\/en\/","name":"Calacs Chateauguay","description":"EN PARLER C\u2019EST SE LIBERER","potentialAction":[{"@type":"SearchAction","target":{"@type":"EntryPoint","urlTemplate":"https:\/\/calacs-chateauguay.ca\/en\/?s={search_term_string}"},"query-input":{"@type":"PropertyValueSpecification","valueRequired":true,"valueName":"search_term_string"}}],"inLanguage":"en-US"}]}},"_links":{"self":[{"href":"https:\/\/calacs-chateauguay.ca\/en\/wp-json\/wp\/v2\/pages\/6046","targetHints":{"allow":["GET"]}}],"collection":[{"href":"https:\/\/calacs-chateauguay.ca\/en\/wp-json\/wp\/v2\/pages"}],"about":[{"href":"https:\/\/calacs-chateauguay.ca\/en\/wp-json\/wp\/v2\/types\/page"}],"author":[{"embeddable":true,"href":"https:\/\/calacs-chateauguay.ca\/en\/wp-json\/wp\/v2\/users\/4"}],"replies":[{"embeddable":true,"href":"https:\/\/calacs-chateauguay.ca\/en\/wp-json\/wp\/v2\/comments?post=6046"}],"version-history":[{"count":5,"href":"https:\/\/calacs-chateauguay.ca\/en\/wp-json\/wp\/v2\/pages\/6046\/revisions"}],"predecessor-version":[{"id":8216,"href":"https:\/\/calacs-chateauguay.ca\/en\/wp-json\/wp\/v2\/pages\/6046\/revisions\/8216"}],"up":[{"embeddable":true,"href":"https:\/\/calacs-chateauguay.ca\/en\/wp-json\/wp\/v2\/pages\/5946"}],"wp:attachment":[{"href":"https:\/\/calacs-chateauguay.ca\/en\/wp-json\/wp\/v2\/media?parent=6046"}],"curies":[{"name":"wp","href":"https:\/\/api.w.org\/{rel}","templated":true}]}}