{"id":6085,"date":"2023-03-03T14:34:35","date_gmt":"2023-03-03T18:34:35","guid":{"rendered":"https:\/\/calacs-chateauguay.ca\/compensation-for-victim-of-crime-ivac-indemnisation-des-victimes-dactes-criminels\/"},"modified":"2024-06-06T16:00:11","modified_gmt":"2024-06-06T20:00:11","slug":"compensation-for-victim-of-crime-ivac-indemnisation-des-victimes-dactes-criminels","status":"publish","type":"page","link":"https:\/\/calacs-chateauguay.ca\/en\/achivements\/compensation-for-victim-of-crime-ivac-indemnisation-des-victimes-dactes-criminels\/","title":{"rendered":"Compensation for Victim of Crime (IVAC \u2013 Indemnisation des victimes d\u2019actes criminels)"},"content":{"rendered":"<p>[et_pb_section fb_built=&#8221;1&#8243; specialty=&#8221;on&#8221; _builder_version=&#8221;4.16&#8243; global_colors_info=&#8221;{}&#8221;][et_pb_column type=&#8221;1_4&#8243; _builder_version=&#8221;4.16&#8243; custom_padding=&#8221;|||&#8221; global_colors_info=&#8221;{}&#8221; custom_padding__hover=&#8221;|||&#8221;]<\/p>\n<p>[et_pb_sidebar area=&#8221;et_pb_widget_area_11&#8243; _builder_version=&#8221;4.21.0&#8243; global_colors_info=&#8221;{}&#8221;][\/et_pb_sidebar]<\/p>\n<p>[\/et_pb_column][et_pb_column type=&#8221;3_4&#8243; specialty_columns=&#8221;3&#8243; _builder_version=&#8221;4.16&#8243; custom_padding=&#8221;|||&#8221; global_colors_info=&#8221;{}&#8221; custom_padding__hover=&#8221;|||&#8221;][et_pb_row_inner _builder_version=&#8221;4.20.0&#8243; _module_preset=&#8221;default&#8221; global_colors_info=&#8221;{}&#8221;][et_pb_column_inner saved_specialty_column_type=&#8221;3_4&#8243; _builder_version=&#8221;4.20.0&#8243; _module_preset=&#8221;default&#8221; global_colors_info=&#8221;{}&#8221;][et_pb_text admin_label=&#8221;Prot\u00e9ger une personne qui a peur&#8221; _builder_version=&#8221;4.21.0&#8243; _module_preset=&#8221;default&#8221; custom_padding=&#8221;||4px|||&#8221; global_colors_info=&#8221;{}&#8221;]<\/p>\n<h3><strong>Note from CALACS Ch\u00e2teauguay :\u00a0 <\/strong><\/h3>\n<h5>Victims of sexual assault may be eligible for this compensation according to the criteria below.<\/h5>\n<p>&nbsp;<\/p>\n<p>In Qu\u00e9bec, the main resource for compensation of victims of criminal acts is the\u00a0<em>Indemnisation des victimes d\u2019actes criminels<\/em>, or IVAC. The objective of this program is to support victims during their recovery, providing financial compensation if they are unable to work or reimbursing a portion of their medical or therapy expenses.<\/p>\n<p>To be eligible for the IVAC program, the applicant must provide documentation proving that they were the victim of a criminal act and that they were injured. It is not necessary to have reported the crime to the police.<\/p>\n<p>An application for benefits is filed with the Commission for labour standards, pay\u00a0equity\u00a0and occupational\u00a0health and safety\u00a0(<em>Commission des normes, de l\u2019\u00e9quit\u00e9, de la sant\u00e9 et de la s\u00e9curit\u00e9 du travail<\/em>\u00a0&#8211; CNESST) if the criminal act occurred in the workplace. It is also possible to go through the Human rights and youth rights commission (<em>Commission des droits de la personne et des droits de la jeunesse<\/em>\u00a0&#8211; CDPDJ) if the act of sexual violence was discriminatory, i.e., if it was based on gender identity or expression, a disability or cultural background.<\/p>\n<p>If the crime was committed outside of Canadian borders, you may contact the federal program for\u00a0<a href=\"https:\/\/www.justice.gc.ca\/eng\/fund-fina\/cj-jp\/fund-fond\/abroad-etranger.html\" target=\"_blank\" rel=\"noopener\">Financial Assistance for Canadians Victimized Abroad.<\/a><\/p>\n<p>&nbsp;<\/p>\n<h5><strong>What is a person who is a victim of a criminal offence?<\/strong><\/h5>\n<p>A victim of a criminal offence is a natural person who, as a result of the offence committed against him or her or another person, suffers physical or psychological harm.<\/p>\n<p>He or she may be injured or dead as a result of the criminal offence or may have suffered material damage.<\/p>\n<p>He or she may be the victim of a criminal offence that occurred in Quebec or outside Quebec, according to the criteria set out in the Regulation.<\/p>\n<p>A person who is a victim of a criminal offence may receive financial assistance and be entitled to a range of services adapted to the category in which he or she finds himself or herself and which is provided for in the\u00a0<a href=\"https:\/\/legisquebec.gouv.qc.ca\/fr\/showdoc\/cs\/p-9.2.1\" target=\"_blank\" rel=\"noopener\">Loi visant \u00e0 aider les personnes victimes d\u2019infractions criminelles et \u00e0 favoriser leur r\u00e9tablissement<\/a>.<\/p>\n<p>&nbsp;<\/p>\n<h5><strong>Categories of victims<\/strong><\/h5>\n<p>Several categories of victims are established.<\/p>\n<p>&nbsp;<\/p>\n<h5><strong>Victims<\/strong><\/h5>\n<p>The following persons are considered victims :<\/p>\n<ul>\n<li>a person who suffers the criminal offence<\/li>\n<li>a person who is harmed as a result of the criminal offence<\/li>\n<li>a parent or guardian of a child who is the victim of a criminal offence or who has died as a result of a criminal offence<\/li>\n<li>a child of a parent or guardian who is a victim of a criminal offence or who has died as a result of a criminal offence<\/li>\n<li>the spouse of a person who is the victim of a criminal offence or who has died as a result of a criminal offence<\/li>\n<li>a dependant of a person who is the victim of a criminal offence or who has died as a result of a criminal offence<\/li>\n<li>a relative of a person who is the victim of a criminal offence or who has died as a result of a criminal offence<\/li>\n<li>a\u00a0witness to a criminal offence or the scene intact<\/li>\n<\/ul>\n<p>&nbsp;<\/p>\n<h5><strong>Interveners<\/strong><\/h5>\n<p>The following persons are, by reason of civic intervention, considered to be victims :<\/p>\n<ul>\n<li>a person who suffers an injury or death while attempting to prevent the commission of a criminal offence<\/li>\n<li>a person who is injured or killed while attempting to apprehend an offender<\/li>\n<li>a person who suffers a bodily harm while making or attempting to make an arrest of an offender or assisting a peace officer<\/li>\n<li>a parent or guardian of a child who has died or is injured while acting as an intervener<\/li>\n<li>the child of an intervener (parent or guardian) who has died or has been harmed<\/li>\n<li>spouse of a person who has died or has suffered a loss of integrity while being an intervener<\/li>\n<li>a dependant of a person who has died or is injured while an intervener<br \/>close relative of a person who has died or has suffered a loss of integrity while being an intervener<\/li>\n<\/ul>\n<ul>\n<li>witnessing a criminal offence or the scene intact<\/li>\n<\/ul>\n<p>A person may qualify in more than one victim category and receive financial assistance under one of the categories. The category selected will be the one that is most beneficial to the victim.<\/p>\n<p>The Direction g\u00e9n\u00e9rale de l&#8217;IVAC is responsible for the qualification and processing of applications for qualification. Qualification for the plan must meet some\u00a0eligibility requirements.<\/p>\n<p>[\/et_pb_text][et_pb_text admin_label=&#8221;Sources&#8221; module_id=&#8221;source-table&#8221; _builder_version=&#8221;4.23.1&#8243; _module_preset=&#8221;default&#8221; hover_enabled=&#8221;0&#8243; global_colors_info=&#8221;{}&#8221; sticky_enabled=&#8221;0&#8243;]<\/p>\n<h5 style=\"text-align: center;\"><strong>The CALACS Ch\u00e2teauguay workers can help and support you in completing your compensation request.<br \/><\/strong><\/h5>\n<p>[\/et_pb_text][et_pb_text admin_label=&#8221;Sources&#8221; module_id=&#8221;source-table&#8221; _builder_version=&#8221;4.25.1&#8243; _module_preset=&#8221;default&#8221; hover_enabled=&#8221;0&#8243; global_colors_info=&#8221;{}&#8221; sticky_enabled=&#8221;0&#8243;]<strong>Sources<\/strong> : <a href=\"https:\/\/infoaideviolencesexuelle.ca\/\" target=\"_blank\" rel=\"noopener\">Info-Aide Violence Sexuelle<\/a><br \/>\n<span style=\"padding-left:8.7%\"><a href=\"http:\/\/www.ivac.qc.ca\" target=\"_blank\" rel=\"noopener\">IVAC<\/a><\/span>[\/et_pb_text][\/et_pb_column_inner][\/et_pb_row_inner][\/et_pb_column][\/et_pb_section]<\/p>\n","protected":false},"excerpt":{"rendered":"<p>Note from CALACS Ch\u00e2teauguay :\u00a0 Victims of sexual assault may be eligible for this compensation according to the criteria below. &nbsp; In Qu\u00e9bec, the main resource for compensation of victims of criminal acts is the\u00a0Indemnisation des victimes d\u2019actes criminels, or IVAC. The objective of this program is to support victims during their recovery, providing financial [&hellip;]<\/p>\n","protected":false},"author":5,"featured_media":0,"parent":6148,"menu_order":0,"comment_status":"closed","ping_status":"closed","template":"","meta":{"_et_pb_use_builder":"on","_et_pb_old_content":"","_et_gb_content_width":"","footnotes":""},"class_list":["post-6085","page","type-page","status-publish","hentry"],"yoast_head":"<!-- This site is optimized with the Yoast SEO plugin v27.3 - https:\/\/yoast.com\/product\/yoast-seo-wordpress\/ -->\n<title>Compensation for Victim of Crime (IVAC \u2013 Indemnisation des victimes d\u2019actes criminels) - Calacs Chateauguay<\/title>\n<meta name=\"robots\" content=\"index, follow, max-snippet:-1, max-image-preview:large, max-video-preview:-1\" \/>\n<link rel=\"canonical\" href=\"https:\/\/calacs-chateauguay.ca\/en\/achivements\/compensation-for-victim-of-crime-ivac-indemnisation-des-victimes-dactes-criminels\/\" \/>\n<meta property=\"og:locale\" content=\"en_US\" \/>\n<meta property=\"og:type\" content=\"article\" \/>\n<meta property=\"og:title\" content=\"Compensation for Victim of Crime (IVAC \u2013 Indemnisation des victimes d\u2019actes criminels) - Calacs Chateauguay\" \/>\n<meta property=\"og:description\" content=\"Note from CALACS Ch\u00e2teauguay :\u00a0 Victims of sexual assault may be eligible for this compensation according to the criteria below. &nbsp; In Qu\u00e9bec, the main resource for compensation of victims of criminal acts is the\u00a0Indemnisation des victimes d\u2019actes criminels, or IVAC. The objective of this program is to support victims during their recovery, providing financial [&hellip;]\" \/>\n<meta property=\"og:url\" content=\"https:\/\/calacs-chateauguay.ca\/en\/achivements\/compensation-for-victim-of-crime-ivac-indemnisation-des-victimes-dactes-criminels\/\" \/>\n<meta property=\"og:site_name\" content=\"Calacs Chateauguay\" \/>\n<meta property=\"article:modified_time\" content=\"2024-06-06T20:00:11+00:00\" \/>\n<meta name=\"twitter:label1\" content=\"Est. reading time\" \/>\n\t<meta name=\"twitter:data1\" content=\"5 minutes\" \/>\n<script type=\"application\/ld+json\" class=\"yoast-schema-graph\">{\"@context\":\"https:\\\/\\\/schema.org\",\"@graph\":[{\"@type\":\"WebPage\",\"@id\":\"https:\\\/\\\/calacs-chateauguay.ca\\\/en\\\/achivements\\\/compensation-for-victim-of-crime-ivac-indemnisation-des-victimes-dactes-criminels\\\/\",\"url\":\"https:\\\/\\\/calacs-chateauguay.ca\\\/en\\\/achivements\\\/compensation-for-victim-of-crime-ivac-indemnisation-des-victimes-dactes-criminels\\\/\",\"name\":\"Compensation for Victim of Crime (IVAC \u2013 Indemnisation des victimes d\u2019actes criminels) - Calacs Chateauguay\",\"isPartOf\":{\"@id\":\"https:\\\/\\\/calacs-chateauguay.ca\\\/en\\\/#website\"},\"datePublished\":\"2023-03-03T18:34:35+00:00\",\"dateModified\":\"2024-06-06T20:00:11+00:00\",\"breadcrumb\":{\"@id\":\"https:\\\/\\\/calacs-chateauguay.ca\\\/en\\\/achivements\\\/compensation-for-victim-of-crime-ivac-indemnisation-des-victimes-dactes-criminels\\\/#breadcrumb\"},\"inLanguage\":\"en-US\",\"potentialAction\":[{\"@type\":\"ReadAction\",\"target\":[\"https:\\\/\\\/calacs-chateauguay.ca\\\/en\\\/achivements\\\/compensation-for-victim-of-crime-ivac-indemnisation-des-victimes-dactes-criminels\\\/\"]}]},{\"@type\":\"BreadcrumbList\",\"@id\":\"https:\\\/\\\/calacs-chateauguay.ca\\\/en\\\/achivements\\\/compensation-for-victim-of-crime-ivac-indemnisation-des-victimes-dactes-criminels\\\/#breadcrumb\",\"itemListElement\":[{\"@type\":\"ListItem\",\"position\":1,\"name\":\"Reception\",\"item\":\"https:\\\/\\\/calacs-chateauguay.ca\\\/en\\\/\"},{\"@type\":\"ListItem\",\"position\":2,\"name\":\"Achivements\",\"item\":\"https:\\\/\\\/calacs-chateauguay.ca\\\/en\\\/realisations\\\/\"},{\"@type\":\"ListItem\",\"position\":3,\"name\":\"Compensation for Victim of Crime (IVAC \u2013 Indemnisation des victimes d\u2019actes criminels)\"}]},{\"@type\":\"WebSite\",\"@id\":\"https:\\\/\\\/calacs-chateauguay.ca\\\/en\\\/#website\",\"url\":\"https:\\\/\\\/calacs-chateauguay.ca\\\/en\\\/\",\"name\":\"Calacs Chateauguay\",\"description\":\"EN PARLER C\u2019EST SE LIBERER\",\"potentialAction\":[{\"@type\":\"SearchAction\",\"target\":{\"@type\":\"EntryPoint\",\"urlTemplate\":\"https:\\\/\\\/calacs-chateauguay.ca\\\/en\\\/?s={search_term_string}\"},\"query-input\":{\"@type\":\"PropertyValueSpecification\",\"valueRequired\":true,\"valueName\":\"search_term_string\"}}],\"inLanguage\":\"en-US\"}]}<\/script>\n<!-- \/ Yoast SEO plugin. -->","yoast_head_json":{"title":"Compensation for Victim of Crime (IVAC \u2013 Indemnisation des victimes d\u2019actes criminels) - Calacs Chateauguay","robots":{"index":"index","follow":"follow","max-snippet":"max-snippet:-1","max-image-preview":"max-image-preview:large","max-video-preview":"max-video-preview:-1"},"canonical":"https:\/\/calacs-chateauguay.ca\/en\/achivements\/compensation-for-victim-of-crime-ivac-indemnisation-des-victimes-dactes-criminels\/","og_locale":"en_US","og_type":"article","og_title":"Compensation for Victim of Crime (IVAC \u2013 Indemnisation des victimes d\u2019actes criminels) - Calacs Chateauguay","og_description":"Note from CALACS Ch\u00e2teauguay :\u00a0 Victims of sexual assault may be eligible for this compensation according to the criteria below. &nbsp; In Qu\u00e9bec, the main resource for compensation of victims of criminal acts is the\u00a0Indemnisation des victimes d\u2019actes criminels, or IVAC. The objective of this program is to support victims during their recovery, providing financial [&hellip;]","og_url":"https:\/\/calacs-chateauguay.ca\/en\/achivements\/compensation-for-victim-of-crime-ivac-indemnisation-des-victimes-dactes-criminels\/","og_site_name":"Calacs Chateauguay","article_modified_time":"2024-06-06T20:00:11+00:00","twitter_misc":{"Est. reading time":"5 minutes"},"schema":{"@context":"https:\/\/schema.org","@graph":[{"@type":"WebPage","@id":"https:\/\/calacs-chateauguay.ca\/en\/achivements\/compensation-for-victim-of-crime-ivac-indemnisation-des-victimes-dactes-criminels\/","url":"https:\/\/calacs-chateauguay.ca\/en\/achivements\/compensation-for-victim-of-crime-ivac-indemnisation-des-victimes-dactes-criminels\/","name":"Compensation for Victim of Crime (IVAC \u2013 Indemnisation des victimes d\u2019actes criminels) - Calacs Chateauguay","isPartOf":{"@id":"https:\/\/calacs-chateauguay.ca\/en\/#website"},"datePublished":"2023-03-03T18:34:35+00:00","dateModified":"2024-06-06T20:00:11+00:00","breadcrumb":{"@id":"https:\/\/calacs-chateauguay.ca\/en\/achivements\/compensation-for-victim-of-crime-ivac-indemnisation-des-victimes-dactes-criminels\/#breadcrumb"},"inLanguage":"en-US","potentialAction":[{"@type":"ReadAction","target":["https:\/\/calacs-chateauguay.ca\/en\/achivements\/compensation-for-victim-of-crime-ivac-indemnisation-des-victimes-dactes-criminels\/"]}]},{"@type":"BreadcrumbList","@id":"https:\/\/calacs-chateauguay.ca\/en\/achivements\/compensation-for-victim-of-crime-ivac-indemnisation-des-victimes-dactes-criminels\/#breadcrumb","itemListElement":[{"@type":"ListItem","position":1,"name":"Reception","item":"https:\/\/calacs-chateauguay.ca\/en\/"},{"@type":"ListItem","position":2,"name":"Achivements","item":"https:\/\/calacs-chateauguay.ca\/en\/realisations\/"},{"@type":"ListItem","position":3,"name":"Compensation for Victim of Crime (IVAC \u2013 Indemnisation des victimes d\u2019actes criminels)"}]},{"@type":"WebSite","@id":"https:\/\/calacs-chateauguay.ca\/en\/#website","url":"https:\/\/calacs-chateauguay.ca\/en\/","name":"Calacs Chateauguay","description":"EN PARLER C\u2019EST SE LIBERER","potentialAction":[{"@type":"SearchAction","target":{"@type":"EntryPoint","urlTemplate":"https:\/\/calacs-chateauguay.ca\/en\/?s={search_term_string}"},"query-input":{"@type":"PropertyValueSpecification","valueRequired":true,"valueName":"search_term_string"}}],"inLanguage":"en-US"}]}},"_links":{"self":[{"href":"https:\/\/calacs-chateauguay.ca\/en\/wp-json\/wp\/v2\/pages\/6085","targetHints":{"allow":["GET"]}}],"collection":[{"href":"https:\/\/calacs-chateauguay.ca\/en\/wp-json\/wp\/v2\/pages"}],"about":[{"href":"https:\/\/calacs-chateauguay.ca\/en\/wp-json\/wp\/v2\/types\/page"}],"author":[{"embeddable":true,"href":"https:\/\/calacs-chateauguay.ca\/en\/wp-json\/wp\/v2\/users\/5"}],"replies":[{"embeddable":true,"href":"https:\/\/calacs-chateauguay.ca\/en\/wp-json\/wp\/v2\/comments?post=6085"}],"version-history":[{"count":5,"href":"https:\/\/calacs-chateauguay.ca\/en\/wp-json\/wp\/v2\/pages\/6085\/revisions"}],"predecessor-version":[{"id":9066,"href":"https:\/\/calacs-chateauguay.ca\/en\/wp-json\/wp\/v2\/pages\/6085\/revisions\/9066"}],"up":[{"embeddable":true,"href":"https:\/\/calacs-chateauguay.ca\/en\/wp-json\/wp\/v2\/pages\/6148"}],"wp:attachment":[{"href":"https:\/\/calacs-chateauguay.ca\/en\/wp-json\/wp\/v2\/media?parent=6085"}],"curies":[{"name":"wp","href":"https:\/\/api.w.org\/{rel}","templated":true}]}}