{"id":6091,"date":"2023-03-03T14:38:26","date_gmt":"2023-03-03T18:38:26","guid":{"rendered":"https:\/\/calacs-chateauguay.ca\/others-possible-recourses\/"},"modified":"2023-07-20T15:15:01","modified_gmt":"2023-07-20T19:15:01","slug":"others-possible-recourses","status":"publish","type":"page","link":"https:\/\/calacs-chateauguay.ca\/en\/achivements\/others-possible-recourses\/","title":{"rendered":"Others Possible Recourses"},"content":{"rendered":"<p>[et_pb_section fb_built=&#8221;1&#8243; specialty=&#8221;on&#8221; _builder_version=&#8221;4.16&#8243; global_colors_info=&#8221;{}&#8221;][et_pb_column type=&#8221;1_4&#8243; _builder_version=&#8221;4.16&#8243; custom_padding=&#8221;|||&#8221; global_colors_info=&#8221;{}&#8221; custom_padding__hover=&#8221;|||&#8221;]<\/p>\n<p>[et_pb_sidebar area=&#8221;et_pb_widget_area_11&#8243; _builder_version=&#8221;4.21.0&#8243; global_colors_info=&#8221;{}&#8221;][\/et_pb_sidebar]<\/p>\n<p>[\/et_pb_column][et_pb_column type=&#8221;3_4&#8243; specialty_columns=&#8221;3&#8243; _builder_version=&#8221;4.16&#8243; custom_padding=&#8221;|||&#8221; global_colors_info=&#8221;{}&#8221; custom_padding__hover=&#8221;|||&#8221;][et_pb_row_inner _builder_version=&#8221;4.20.0&#8243; _module_preset=&#8221;default&#8221; hover_enabled=&#8221;0&#8243; global_colors_info=&#8221;{}&#8221; sticky_enabled=&#8221;0&#8243;][et_pb_column_inner saved_specialty_column_type=&#8221;3_4&#8243; _builder_version=&#8221;4.20.0&#8243; _module_preset=&#8221;default&#8221; global_colors_info=&#8221;{}&#8221;][et_pb_text admin_label=&#8221;Prot\u00e9ger une personne qui a peur&#8221; _builder_version=&#8221;4.21.0&#8243; _module_preset=&#8221;default&#8221; global_colors_info=&#8221;{}&#8221;]<\/p>\n<p>Acts of sexual violence can be reported to the competent authorities. Depending on the form and context of the sexual violence you experienced, you may have access to the judicial system or other forms of recourse, some of which do not require reporting the sexual violence to the police.<\/p>\n<p>&nbsp;<\/p>\n<h5><strong>Justice system<\/strong><\/h5>\n<p><strong>Criminal procedure:<\/strong> The act of violence must be mentioned in the federal Criminal Code (for example: sexual assault, human trafficking for sexual purposes, child pornography). The objective is to punish the criminal and ensure public safety. You will be required to report the incident of sexual violence to the police, after which a prosecutor will bring the assailant to justice. You may be called on to testify in court.<\/p>\n<p><strong>Civil procedure:<\/strong> The objective is to obtain reparation or compensation for the harm done to you. You will need to hire a lawyer to represent you during the trial.<\/p>\n<p>You can also initiate a collective action or join an existing action with other victims of the same person or institution. To launch a collective action, you will need to hire a lawyer.<\/p>\n<p>&nbsp;<\/p>\n<h5><strong>Workplace<\/strong><\/h5>\n<p>If you have been the target of inappropriate behaviour of a sexual nature in your place of work, you can report the incident to your employer\u2019s HR department, your union, the Commission for labour standards, pay\u00a0equity\u00a0and occupational\u00a0health and safety\u00a0(<em>Commission des normes, de l\u2019\u00e9quit\u00e9, de la sant\u00e9 et de la s\u00e9curit\u00e9 du travail<\/em>\u00a0&#8211; CNESST) or the Human rights and youth rights commission (<em>Commission des droits de la personne et des droits de la jeunesse<\/em>\u00a0&#8211; CDPDJ). Depending on your situation, you may be eligible for support.<\/p>\n<p>&nbsp;<\/p>\n<h5><strong>Alternative justice<\/strong><\/h5>\n<p>All the various restorative justice and citizen mediation programs are aimed at obtaining reparation for harm done. A competent authority will evaluate the possibility of responding to your request and determine the course of action that is in your best interest.<\/p>\n<p>&nbsp;<\/p>\n<h5><strong>Colleges (including CEGEP), universities or other postsecondary teaching institutions<\/strong><\/h5>\n<p>These establishments are required to have a policy to prevent and fight sexual violence that include accommodation measures and measures to protect victims from reprisals following a report of sexual violence.<\/p>\n<p>&nbsp;<\/p>\n<h5><strong>Military justice system<\/strong><\/h5>\n<p>The military justice system operates alongside the civil criminal justice system. There may be a trial in a military court if you have been the victim of a crime of a sexual nature committed by a member of the Canadian Armed Forces.\u00a0In addition, since 2022 trials have been held in a civil court like any other citizen.<\/p>\n<p>&nbsp;<\/p>\n<h5><strong>Professional orders<\/strong><\/h5>\n<p>Professionals such as lawyers and health professionals are required to comply with the code of conduct of the order to which they belong. Once you have submitted a complaint to the order in question, the Office of the Syndic will support and represent you.<\/p>\n<p>&nbsp;<\/p>\n<h5><strong>Athletic activities<\/strong><\/h5>\n<p>Sports and athletic associations and federations have policies to counter sexual violence, and athletes and trainers are required to respect a code of conduct. The Complaint Officer for the protection of integrity in the practice of sport is (<em>Officier des plaintes de la protection de l\u2019int\u00e9grit\u00e9 dans l\u2019exercice du sport<\/em>) is an independent bureau that receives complaints and provides support throughout the process.<\/p>\n<p>[\/et_pb_text][et_pb_text admin_label=&#8221;Sources&#8221; module_id=&#8221;source-table&#8221; _builder_version=&#8221;4.21.0&#8243; _module_preset=&#8221;default&#8221; global_colors_info=&#8221;{}&#8221;]<\/p>\n<table style=\"width: 100%;\" border=\"0\">\n<tbody>\n<tr>\n<td style=\"width: 10%;\"><strong>Source<\/strong> :<\/td>\n<td style=\"width: 90%;\">Info-Aide Violence Sexuelle<\/td>\n<\/tr>\n<tr>\n<td style=\"width: 10%;\">\u00a0<\/td>\n<td style=\"width: 90%;\"><a href=\"http:\/\/infoaideviolencesexuelle.ca\/en\" target=\"_blank\" rel=\"noopener\">infoaideviolencesexuelle.ca\/en<\/a><\/td>\n<\/tr>\n<\/tbody>\n<\/table>\n<p>&nbsp;<\/p>\n<p>[\/et_pb_text][\/et_pb_column_inner][\/et_pb_row_inner][\/et_pb_column][\/et_pb_section]<\/p>\n","protected":false},"excerpt":{"rendered":"<p>Acts of sexual violence can be reported to the competent authorities. Depending on the form and context of the sexual violence you experienced, you may have access to the judicial system or other forms of recourse, some of which do not require reporting the sexual violence to the police. &nbsp; Justice system Criminal procedure: The [&hellip;]<\/p>\n","protected":false},"author":5,"featured_media":0,"parent":6148,"menu_order":0,"comment_status":"closed","ping_status":"closed","template":"","meta":{"_et_pb_use_builder":"on","_et_pb_old_content":"","_et_gb_content_width":"","footnotes":""},"class_list":["post-6091","page","type-page","status-publish","hentry"],"yoast_head":"<!-- This site is optimized with the Yoast SEO plugin v27.3 - https:\/\/yoast.com\/product\/yoast-seo-wordpress\/ -->\n<title>Others Possible Recourses - Calacs Chateauguay<\/title>\n<meta name=\"robots\" content=\"index, follow, max-snippet:-1, max-image-preview:large, max-video-preview:-1\" \/>\n<link rel=\"canonical\" href=\"https:\/\/calacs-chateauguay.ca\/en\/achivements\/others-possible-recourses\/\" \/>\n<meta property=\"og:locale\" content=\"en_US\" \/>\n<meta property=\"og:type\" content=\"article\" \/>\n<meta property=\"og:title\" content=\"Others Possible Recourses - Calacs Chateauguay\" \/>\n<meta property=\"og:description\" content=\"Acts of sexual violence can be reported to the competent authorities. Depending on the form and context of the sexual violence you experienced, you may have access to the judicial system or other forms of recourse, some of which do not require reporting the sexual violence to the police. &nbsp; Justice system Criminal procedure: The [&hellip;]\" \/>\n<meta property=\"og:url\" content=\"https:\/\/calacs-chateauguay.ca\/en\/achivements\/others-possible-recourses\/\" \/>\n<meta property=\"og:site_name\" content=\"Calacs Chateauguay\" \/>\n<meta property=\"article:modified_time\" content=\"2023-07-20T19:15:01+00:00\" \/>\n<meta name=\"twitter:label1\" content=\"Est. reading time\" \/>\n\t<meta name=\"twitter:data1\" content=\"3 minutes\" \/>\n<script type=\"application\/ld+json\" class=\"yoast-schema-graph\">{\"@context\":\"https:\\\/\\\/schema.org\",\"@graph\":[{\"@type\":\"WebPage\",\"@id\":\"https:\\\/\\\/calacs-chateauguay.ca\\\/en\\\/achivements\\\/others-possible-recourses\\\/\",\"url\":\"https:\\\/\\\/calacs-chateauguay.ca\\\/en\\\/achivements\\\/others-possible-recourses\\\/\",\"name\":\"Others Possible Recourses - Calacs Chateauguay\",\"isPartOf\":{\"@id\":\"https:\\\/\\\/calacs-chateauguay.ca\\\/en\\\/#website\"},\"datePublished\":\"2023-03-03T18:38:26+00:00\",\"dateModified\":\"2023-07-20T19:15:01+00:00\",\"breadcrumb\":{\"@id\":\"https:\\\/\\\/calacs-chateauguay.ca\\\/en\\\/achivements\\\/others-possible-recourses\\\/#breadcrumb\"},\"inLanguage\":\"en-US\",\"potentialAction\":[{\"@type\":\"ReadAction\",\"target\":[\"https:\\\/\\\/calacs-chateauguay.ca\\\/en\\\/achivements\\\/others-possible-recourses\\\/\"]}]},{\"@type\":\"BreadcrumbList\",\"@id\":\"https:\\\/\\\/calacs-chateauguay.ca\\\/en\\\/achivements\\\/others-possible-recourses\\\/#breadcrumb\",\"itemListElement\":[{\"@type\":\"ListItem\",\"position\":1,\"name\":\"Reception\",\"item\":\"https:\\\/\\\/calacs-chateauguay.ca\\\/en\\\/\"},{\"@type\":\"ListItem\",\"position\":2,\"name\":\"Achivements\",\"item\":\"https:\\\/\\\/calacs-chateauguay.ca\\\/en\\\/realisations\\\/\"},{\"@type\":\"ListItem\",\"position\":3,\"name\":\"Others Possible Recourses\"}]},{\"@type\":\"WebSite\",\"@id\":\"https:\\\/\\\/calacs-chateauguay.ca\\\/en\\\/#website\",\"url\":\"https:\\\/\\\/calacs-chateauguay.ca\\\/en\\\/\",\"name\":\"Calacs Chateauguay\",\"description\":\"EN PARLER C\u2019EST SE LIBERER\",\"potentialAction\":[{\"@type\":\"SearchAction\",\"target\":{\"@type\":\"EntryPoint\",\"urlTemplate\":\"https:\\\/\\\/calacs-chateauguay.ca\\\/en\\\/?s={search_term_string}\"},\"query-input\":{\"@type\":\"PropertyValueSpecification\",\"valueRequired\":true,\"valueName\":\"search_term_string\"}}],\"inLanguage\":\"en-US\"}]}<\/script>\n<!-- \/ Yoast SEO plugin. -->","yoast_head_json":{"title":"Others Possible Recourses - Calacs Chateauguay","robots":{"index":"index","follow":"follow","max-snippet":"max-snippet:-1","max-image-preview":"max-image-preview:large","max-video-preview":"max-video-preview:-1"},"canonical":"https:\/\/calacs-chateauguay.ca\/en\/achivements\/others-possible-recourses\/","og_locale":"en_US","og_type":"article","og_title":"Others Possible Recourses - Calacs Chateauguay","og_description":"Acts of sexual violence can be reported to the competent authorities. Depending on the form and context of the sexual violence you experienced, you may have access to the judicial system or other forms of recourse, some of which do not require reporting the sexual violence to the police. &nbsp; Justice system Criminal procedure: The [&hellip;]","og_url":"https:\/\/calacs-chateauguay.ca\/en\/achivements\/others-possible-recourses\/","og_site_name":"Calacs Chateauguay","article_modified_time":"2023-07-20T19:15:01+00:00","twitter_misc":{"Est. reading time":"3 minutes"},"schema":{"@context":"https:\/\/schema.org","@graph":[{"@type":"WebPage","@id":"https:\/\/calacs-chateauguay.ca\/en\/achivements\/others-possible-recourses\/","url":"https:\/\/calacs-chateauguay.ca\/en\/achivements\/others-possible-recourses\/","name":"Others Possible Recourses - Calacs Chateauguay","isPartOf":{"@id":"https:\/\/calacs-chateauguay.ca\/en\/#website"},"datePublished":"2023-03-03T18:38:26+00:00","dateModified":"2023-07-20T19:15:01+00:00","breadcrumb":{"@id":"https:\/\/calacs-chateauguay.ca\/en\/achivements\/others-possible-recourses\/#breadcrumb"},"inLanguage":"en-US","potentialAction":[{"@type":"ReadAction","target":["https:\/\/calacs-chateauguay.ca\/en\/achivements\/others-possible-recourses\/"]}]},{"@type":"BreadcrumbList","@id":"https:\/\/calacs-chateauguay.ca\/en\/achivements\/others-possible-recourses\/#breadcrumb","itemListElement":[{"@type":"ListItem","position":1,"name":"Reception","item":"https:\/\/calacs-chateauguay.ca\/en\/"},{"@type":"ListItem","position":2,"name":"Achivements","item":"https:\/\/calacs-chateauguay.ca\/en\/realisations\/"},{"@type":"ListItem","position":3,"name":"Others Possible Recourses"}]},{"@type":"WebSite","@id":"https:\/\/calacs-chateauguay.ca\/en\/#website","url":"https:\/\/calacs-chateauguay.ca\/en\/","name":"Calacs Chateauguay","description":"EN PARLER C\u2019EST SE LIBERER","potentialAction":[{"@type":"SearchAction","target":{"@type":"EntryPoint","urlTemplate":"https:\/\/calacs-chateauguay.ca\/en\/?s={search_term_string}"},"query-input":{"@type":"PropertyValueSpecification","valueRequired":true,"valueName":"search_term_string"}}],"inLanguage":"en-US"}]}},"_links":{"self":[{"href":"https:\/\/calacs-chateauguay.ca\/en\/wp-json\/wp\/v2\/pages\/6091","targetHints":{"allow":["GET"]}}],"collection":[{"href":"https:\/\/calacs-chateauguay.ca\/en\/wp-json\/wp\/v2\/pages"}],"about":[{"href":"https:\/\/calacs-chateauguay.ca\/en\/wp-json\/wp\/v2\/types\/page"}],"author":[{"embeddable":true,"href":"https:\/\/calacs-chateauguay.ca\/en\/wp-json\/wp\/v2\/users\/5"}],"replies":[{"embeddable":true,"href":"https:\/\/calacs-chateauguay.ca\/en\/wp-json\/wp\/v2\/comments?post=6091"}],"version-history":[{"count":5,"href":"https:\/\/calacs-chateauguay.ca\/en\/wp-json\/wp\/v2\/pages\/6091\/revisions"}],"predecessor-version":[{"id":8610,"href":"https:\/\/calacs-chateauguay.ca\/en\/wp-json\/wp\/v2\/pages\/6091\/revisions\/8610"}],"up":[{"embeddable":true,"href":"https:\/\/calacs-chateauguay.ca\/en\/wp-json\/wp\/v2\/pages\/6148"}],"wp:attachment":[{"href":"https:\/\/calacs-chateauguay.ca\/en\/wp-json\/wp\/v2\/media?parent=6091"}],"curies":[{"name":"wp","href":"https:\/\/api.w.org\/{rel}","templated":true}]}}