{"id":6100,"date":"2014-04-15T05:02:47","date_gmt":"2014-04-15T09:02:47","guid":{"rendered":"https:\/\/calacs-chateauguay.ca\/justice\/canadian-victims-bill-of-rights\/"},"modified":"2023-07-21T13:24:02","modified_gmt":"2023-07-21T17:24:02","slug":"canadian-victims-bill-of-rights","status":"publish","type":"page","link":"https:\/\/calacs-chateauguay.ca\/en\/justice-recourses\/justice\/canadian-victims-bill-of-rights\/","title":{"rendered":"Canadian Victim&#8217;s Bill of Rights"},"content":{"rendered":"<p>[et_pb_section fb_built=&#8221;1&#8243; specialty=&#8221;on&#8221; _builder_version=&#8221;4.16&#8243; global_colors_info=&#8221;{}&#8221;][et_pb_column type=&#8221;1_4&#8243; _builder_version=&#8221;4.16&#8243; custom_padding=&#8221;|||&#8221; global_colors_info=&#8221;{}&#8221; custom_padding__hover=&#8221;|||&#8221;]<\/p>\n<h5>[et_pb_sidebar area=&#8221;et_pb_widget_area_8&#8243; _builder_version=&#8221;4.21.0&#8243; global_colors_info=&#8221;{}&#8221;][\/et_pb_sidebar]<\/h5>\n<p>[\/et_pb_column][et_pb_column type=&#8221;3_4&#8243; specialty_columns=&#8221;3&#8243; _builder_version=&#8221;4.16&#8243; custom_padding=&#8221;|||&#8221; global_colors_info=&#8221;{}&#8221; custom_padding__hover=&#8221;|||&#8221;][et_pb_row_inner _builder_version=&#8221;4.16&#8243; background_size=&#8221;initial&#8221; background_position=&#8221;top_left&#8221; background_repeat=&#8221;repeat&#8221; global_colors_info=&#8221;{}&#8221;][et_pb_column_inner saved_specialty_column_type=&#8221;3_4&#8243; _builder_version=&#8221;4.16&#8243; custom_padding=&#8221;|||&#8221; global_colors_info=&#8221;{}&#8221; custom_padding__hover=&#8221;|||&#8221;][et_pb_text admin_label=&#8221;Le 23 avril 2015 marque l\u2019entr\u00e9e en vigueur&#8230;&#8221; _builder_version=&#8221;4.21.0&#8243; background_size=&#8221;initial&#8221; background_position=&#8221;top_left&#8221; background_repeat=&#8221;repeat&#8221; global_colors_info=&#8221;{}&#8221;]<\/p>\n<h5><strong>The Victim&#8217;s Bill of Rights Act came into effect on April 23, 2015, resulting in:<\/strong><\/h5>\n<ul>\n<li>the creation of the Canadian Victims Bill of Rights (CVBR)<\/li>\n<li>changes to the Criminal Code that improve victims\u2019 right to information and protection and encourage their participation at every stage of the criminal justice process<\/li>\n<li>changes to the Corrections and Conditional Release Act that give victims access to more information on the offender who harmed them.<\/li>\n<\/ul>\n<p>&nbsp;<\/p>\n<h5><strong>Whom does the CVBR apply to? <\/strong><\/h5>\n<p>The CVBR applies to you if you were the victim of a crime committed in\u00a0Canada that caused you physical, psychological or financial harm. You\u00a0must also have reported the crime to the police.<\/p>\n<p>The Criminal Code defines behaviours that are considered criminal in\u00a0Canada. You are the victim of a criminal act if:<\/p>\n<ul>\n<li>you were threatened, harassed, beaten, assaulted or subjected to\u00a0any other physical or psychological harm under the Criminal Code,<\/li>\n<\/ul>\n<p>or<\/p>\n<ul>\n<li>you were robbed of property, were the victim of fraud, or suffered any other crime against your property.<\/li>\n<\/ul>\n<p>&nbsp;<\/p>\n<h5><strong>If the victim is deceased or incapable to act, who may act on his or her behalf?<\/strong><\/h5>\n<p><strong>The following persons may act on the victim\u2019s behalf if the victim is\u00a0deceased or unable to enforce his or her rights:<\/strong><\/p>\n<ul>\n<li>the victim\u2019s spouse<\/li>\n<li>the person who is in a relationship with the victim and has been living\u00a0with him or her for at least one year (or had been living with the victim\u00a0for at least one year at the time of death)<\/li>\n<li>the victim\u2019s mother or father or a family member (uncle, grandmother,\u00a0etc.)<\/li>\n<li>the victim\u2019s child<\/li>\n<li>any other person for whom the victim is responsible (for example, a person with disabilities or an elderly parent)<\/li>\n<li>anyone with legal custody of the victim<\/li>\n<li>anyone who has legal custody of the victim\u2019s child or of any other\u00a0person for whom the victim is responsible (for example, the mother of\u00a0a victim who has legal custody of her grandchildren).<\/li>\n<\/ul>\n<p>These individuals may benefit from certain rights recognized by the CVBR depending on the circumstances and as permitted under other laws.<\/p>\n<p>&nbsp;<\/p>\n<h5><strong>When does the CVBR applies? <\/strong><\/h5>\n<ul>\n<li>While the offence is investigated or prosecuted;<\/li>\n<li>While the offender is subject to the corrections process or the conditional release process in relation to the offence;<\/li>\n<li>While the accused is, in relation to the offence, under the jurisdiction of a court or a Review Board if they are found not criminally responsible on account of mental disorder or unfit to stand trial.<\/li>\n<\/ul>\n<p>&nbsp;<\/p>\n<h5><strong>The rights recognized by the CVBR<\/strong><\/h5>\n<p>[\/et_pb_text][et_pb_image src=&#8221;https:\/\/calacs-chateauguay.ca\/wp-content\/uploads\/Droit-a-linformation.jpg&#8221; title_text=&#8221;right to information&#8221; admin_label=&#8221;Image &#8211; Droit \u00e0 l&#8217;information&#8221; _builder_version=&#8221;4.21.0&#8243; _module_preset=&#8221;default&#8221; global_colors_info=&#8221;{}&#8221;][\/et_pb_image][et_pb_text admin_label=&#8221;Toute victime a le droit de demander de l\u2019information sur:&#8221; _builder_version=&#8221;4.21.0&#8243; background_size=&#8221;initial&#8221; background_position=&#8221;top_left&#8221; background_repeat=&#8221;repeat&#8221; global_colors_info=&#8221;{}&#8221;]<\/p>\n<h5><strong>Every victim has\u00a0the right to request information about:<\/strong><\/h5>\n<ul>\n<li>the criminal justice system and his or her role as a victim<\/li>\n<li>the services and programs available to them<\/li>\n<li>the status and outcome of the investigation and legal procedures<\/li>\n<li>the date, time, and location of proceedings in relation\u00a0to the offence<\/li>\n<li>reviews relating to the offender\u2019s conditional release and the\u00a0timing and conditions of that release.<\/li>\n<\/ul>\n<p>[\/et_pb_text][et_pb_image src=&#8221;https:\/\/calacs-chateauguay.ca\/wp-content\/uploads\/Droit-a-la-protection.jpg&#8221; title_text=&#8221;Right to protection&#8221; admin_label=&#8221;Image &#8211; Droit \u00e0 la protection&#8221; _builder_version=&#8221;4.21.0&#8243; _module_preset=&#8221;default&#8221; global_colors_info=&#8221;{}&#8221;][\/et_pb_image][et_pb_text admin_label=&#8221;Toute victime a le droit:&#8221; _builder_version=&#8221;4.21.0&#8243; background_size=&#8221;initial&#8221; background_position=&#8221;top_left&#8221; background_repeat=&#8221;repeat&#8221; global_colors_info=&#8221;{}&#8221;]<\/p>\n<h5><strong>Every victim has the right to:<\/strong><\/h5>\n<ul>\n<li>have his or her security and privacy considered by the appropriate<br \/>authorities in the criminal justice system<\/li>\n<li>have measures taken to protect him or her from intimidation\u00a0and retaliation<\/li>\n<li>request that his or her identity be withheld from the public<\/li>\n<li>request testimonial aids when appearing as a witness in court.<\/li>\n<\/ul>\n<p>[\/et_pb_text][et_pb_image src=&#8221;https:\/\/calacs-chateauguay.ca\/wp-content\/uploads\/Droit-a-la-participation.jpg&#8221; title_text=&#8221;Right to participation&#8221; admin_label=&#8221;Image &#8211; Droit \u00e0 la participation&#8221; _builder_version=&#8221;4.21.0&#8243; _module_preset=&#8221;default&#8221; global_colors_info=&#8221;{}&#8221;][\/et_pb_image][et_pb_text admin_label=&#8221;Toute victime a le droit de:&#8221; _builder_version=&#8221;4.21.0&#8243; background_size=&#8221;initial&#8221; background_position=&#8221;top_left&#8221; background_repeat=&#8221;repeat&#8221; global_colors_info=&#8221;{}&#8221;]<\/p>\n<h5><strong>Every victim has the right to:<\/strong><\/h5>\n<ul>\n<li>present a victim impact statement and have it taken\u00a0into consideration<\/li>\n<li>share his or her views on decisions that affect his or her rights.<\/li>\n<\/ul>\n<p>[\/et_pb_text][et_pb_image src=&#8221;https:\/\/calacs-chateauguay.ca\/wp-content\/uploads\/Droit-au-dedommagement.jpg&#8221; title_text=&#8221;Right to restitution&#8221; admin_label=&#8221;Image &#8211; Droit au d\u00e9dommagement&#8221; _builder_version=&#8221;4.21.0&#8243; _module_preset=&#8221;default&#8221; global_colors_info=&#8221;{}&#8221;][\/et_pb_image][et_pb_text admin_label=&#8221;Toute victime a le droit de:&#8221; _builder_version=&#8221;4.21.0&#8243; background_size=&#8221;initial&#8221; background_position=&#8221;top_left&#8221; background_repeat=&#8221;repeat&#8221; global_colors_info=&#8221;{}&#8221;]<\/p>\n<h5><strong>Every victim has the right to:<\/strong><\/h5>\n<ul>\n<li>have the court consider making a restitution order against\u00a0the offender to pay for his or her financial losses<\/li>\n<li>file the restitution order as a civil court judgment if the\u00a0offender fails to pay.<\/li>\n<\/ul>\n<p>[\/et_pb_text][et_pb_text admin_label=&#8221;LES RECOURS EN CAS DE NON-RESPECT DES DROITS &#8221; _builder_version=&#8221;4.21.0&#8243; background_size=&#8221;initial&#8221; background_position=&#8221;top_left&#8221; background_repeat=&#8221;repeat&#8221; hover_enabled=&#8221;0&#8243; global_colors_info=&#8221;{}&#8221; sticky_enabled=&#8221;0&#8243;]<\/p>\n<h5><\/h5>\n<h5><strong>DROIT DE PORTER PLAINTE<\/strong><\/h5>\n<p>&nbsp;<\/p>\n<h5><strong>D\u00e9poser une plainte en vertu de la CCDV \u2013 Instances f\u00e9d\u00e9rales<\/strong><\/h5>\n<p>Toute victime a le droit de porter plainte si elle juge que les droits qui lui sont conf\u00e9r\u00e9s par la CCDV n\u2019ont pas \u00e9t\u00e9 respect\u00e9s par un <strong>minist\u00e8re, une agence ou un organisme f\u00e9d\u00e9ral<\/strong>. En vertu de la Charte, ces instances sont tenues de se doter d\u2019un m\u00e9canisme d\u2019examen des plaintes qui pr\u00e9voit:<\/p>\n<ul>\n<li>l\u2019examen des plaintes relatives \u00e0 la violation ou \u00e0 la n\u00e9gation des droits pr\u00e9vus par la CCDV;<\/li>\n<li>le pouvoir de recommander l\u2019adoption de mesures correctives;<\/li>\n<li>l\u2019obligation d\u2019informer les victimes du r\u00e9sultat de l\u2019examen et, le cas \u00e9ch\u00e9ant, des recommandations qui en d\u00e9coulent.<\/li>\n<\/ul>\n<p>&nbsp;<\/p>\n<h5><strong>Conditions requises pour porter plainte<\/strong><\/h5>\n<p>La personne qui porte plainte doit r\u00e9pondre \u00e0 la d\u00e9finition du terme \u00ab victime \u00bb ou \u00eatre admissible \u00e0 agir au nom d\u2019une victime.<\/p>\n<p>&nbsp;<\/p>\n<h5><strong>Minist\u00e8res et organismes f\u00e9d\u00e9raux ayant des responsabilit\u00e9s en vertu de la CCDV<\/strong><\/h5>\n<p>Communiquez avec le minist\u00e8re ou de l\u2019organisme public concern\u00e9. Consultez leur site Internet pour en savoir davantage sur le m\u00e9canisme de plaintes:<\/p>\n<ul>\n<li><a href=\"https:\/\/www.csc-scc.gc.ca\/victimes\/003006-7006-fr.shtml\">Le Service correctionnel du Canada<\/a><\/li>\n<li><a href=\"https:\/\/www.canada.ca\/fr\/commission-liberations-conditionnelles\/organisation\/publications-et-formulaires\/victimes-soumettre-une-plainte-a-la-commission-des-liberations-conditionnelles-du-canada-clcc.html\">La Commission des lib\u00e9rations conditionnelles du Canada<\/a><\/li>\n<li><a href=\"https:\/\/www.securitepublique.gc.ca\/cnt\/cntrng-crm\/crrctns\/ntnl-ffc-vctms-mk-cmplnt-fr.aspx\">Le Bureau national pour les victimes d\u2019actes criminels de S\u00e9curit\u00e9 publique Canada<\/a><\/li>\n<li><a href=\"https:\/\/www.ppsc-sppc.gc.ca\/fra\/pln-cmp\/index.html\">Le Service des poursuites p\u00e9nales du Canada<\/a><\/li>\n<li><a href=\"https:\/\/www.justice.gc.ca\/fra\/contact\/plainte-complaint.html\">Le minist\u00e8re de la Justice du Canada, y compris le Centre de la politique concernant les victimes<\/a><\/li>\n<li><a href=\"https:\/\/www.crcc-ccetp.gc.ca\/fr\/depot-dune-plainte\">La Gendarmerie royale du Canada<\/a><\/li>\n<li><a href=\"https:\/\/www.cbsa-asfc.gc.ca\/contact\/cvbr-ccdv-fra.html\">L\u2019Agence des services frontaliers du Canada<\/a><\/li>\n<\/ul>\n<p>&nbsp;<\/p>\n<h5><strong>Quoi faire en cas d&#8217;insatisfaction?<\/strong><\/h5>\n<p>Si la personne qui porte plainte n\u2019est pas satisfaite de la r\u00e9ponse obtenue, elle peut demander un r\u00e9examen de sa plainte au minist\u00e8re ou \u00e0 l\u2019organisme f\u00e9d\u00e9ral lui ayant fourni la r\u00e9ponse. En dernier recours, elle peut contacter le\u00a0<a href=\"https:\/\/www.victimesdabord.gc.ca\/fup-mac\/qgpne-wtcwt.html\">Bureau de l\u2019ombudsman f\u00e9d\u00e9ral des victimes d\u2019actes criminels<\/a>.<\/p>\n<p>&nbsp;<\/p>\n<p><strong>Source :\u00a0\u00a0 <\/strong><a href=\"https:\/\/aqpv.ca\/\" target=\"_blank\" rel=\"noopener\">Association qu\u00e9b\u00e9coise plaidoyer-victimes<\/a><\/p>\n<p>[\/et_pb_text][\/et_pb_column_inner][\/et_pb_row_inner][\/et_pb_column][\/et_pb_section]<\/p>\n","protected":false},"excerpt":{"rendered":"<p>The Victim&#8217;s Bill of Rights Act came into effect on April 23, 2015, resulting in: the creation of the Canadian Victims Bill of Rights (CVBR) changes to the Criminal Code that improve victims\u2019 right to information and protection and encourage their participation at every stage of the criminal justice process changes to the Corrections and [&hellip;]<\/p>\n","protected":false},"author":4,"featured_media":0,"parent":5937,"menu_order":420,"comment_status":"closed","ping_status":"closed","template":"","meta":{"_et_pb_use_builder":"on","_et_pb_old_content":"","_et_gb_content_width":"","footnotes":""},"class_list":["post-6100","page","type-page","status-publish","hentry"],"yoast_head":"<!-- This site is optimized with the Yoast SEO plugin v27.5 - https:\/\/yoast.com\/product\/yoast-seo-wordpress\/ -->\n<title>Canadian Victim&#039;s Bill of Rights - Calacs Chateauguay<\/title>\n<meta name=\"robots\" content=\"index, follow, max-snippet:-1, max-image-preview:large, max-video-preview:-1\" \/>\n<link rel=\"canonical\" href=\"https:\/\/calacs-chateauguay.ca\/en\/justice-recourses\/justice\/canadian-victims-bill-of-rights\/\" \/>\n<meta property=\"og:locale\" content=\"en_US\" \/>\n<meta property=\"og:type\" content=\"article\" \/>\n<meta property=\"og:title\" content=\"Canadian Victim&#039;s Bill of Rights - Calacs Chateauguay\" \/>\n<meta property=\"og:description\" content=\"The Victim&#039;s Bill of Rights Act came into effect on April 23, 2015, resulting in: the creation of the Canadian Victims Bill of Rights (CVBR) changes to the Criminal Code that improve victims\u2019 right to information and protection and encourage their participation at every stage of the criminal justice process changes to the Corrections and [&hellip;]\" \/>\n<meta property=\"og:url\" content=\"https:\/\/calacs-chateauguay.ca\/en\/justice-recourses\/justice\/canadian-victims-bill-of-rights\/\" \/>\n<meta property=\"og:site_name\" content=\"Calacs Chateauguay\" \/>\n<meta property=\"article:modified_time\" content=\"2023-07-21T17:24:02+00:00\" \/>\n<meta name=\"twitter:label1\" content=\"Est. reading time\" \/>\n\t<meta name=\"twitter:data1\" content=\"7 minutes\" \/>\n<script type=\"application\/ld+json\" class=\"yoast-schema-graph\">{\"@context\":\"https:\\\/\\\/schema.org\",\"@graph\":[{\"@type\":\"WebPage\",\"@id\":\"https:\\\/\\\/calacs-chateauguay.ca\\\/en\\\/justice-recourses\\\/justice\\\/canadian-victims-bill-of-rights\\\/\",\"url\":\"https:\\\/\\\/calacs-chateauguay.ca\\\/en\\\/justice-recourses\\\/justice\\\/canadian-victims-bill-of-rights\\\/\",\"name\":\"Canadian Victim's Bill of Rights - Calacs Chateauguay\",\"isPartOf\":{\"@id\":\"https:\\\/\\\/calacs-chateauguay.ca\\\/en\\\/#website\"},\"datePublished\":\"2014-04-15T09:02:47+00:00\",\"dateModified\":\"2023-07-21T17:24:02+00:00\",\"breadcrumb\":{\"@id\":\"https:\\\/\\\/calacs-chateauguay.ca\\\/en\\\/justice-recourses\\\/justice\\\/canadian-victims-bill-of-rights\\\/#breadcrumb\"},\"inLanguage\":\"en-US\",\"potentialAction\":[{\"@type\":\"ReadAction\",\"target\":[\"https:\\\/\\\/calacs-chateauguay.ca\\\/en\\\/justice-recourses\\\/justice\\\/canadian-victims-bill-of-rights\\\/\"]}]},{\"@type\":\"BreadcrumbList\",\"@id\":\"https:\\\/\\\/calacs-chateauguay.ca\\\/en\\\/justice-recourses\\\/justice\\\/canadian-victims-bill-of-rights\\\/#breadcrumb\",\"itemListElement\":[{\"@type\":\"ListItem\",\"position\":1,\"name\":\"Reception\",\"item\":\"https:\\\/\\\/calacs-chateauguay.ca\\\/en\\\/\"},{\"@type\":\"ListItem\",\"position\":2,\"name\":\"Justice\\\/Recourses\",\"item\":\"https:\\\/\\\/calacs-chateauguay.ca\\\/en\\\/justicerecours\\\/\"},{\"@type\":\"ListItem\",\"position\":3,\"name\":\"Justice\",\"item\":\"https:\\\/\\\/calacs-chateauguay.ca\\\/en\\\/justicerecours\\\/justice\\\/\"},{\"@type\":\"ListItem\",\"position\":4,\"name\":\"Canadian Victim&rsquo;s Bill of Rights\"}]},{\"@type\":\"WebSite\",\"@id\":\"https:\\\/\\\/calacs-chateauguay.ca\\\/en\\\/#website\",\"url\":\"https:\\\/\\\/calacs-chateauguay.ca\\\/en\\\/\",\"name\":\"Calacs Chateauguay\",\"description\":\"EN PARLER C\u2019EST SE LIBERER\",\"potentialAction\":[{\"@type\":\"SearchAction\",\"target\":{\"@type\":\"EntryPoint\",\"urlTemplate\":\"https:\\\/\\\/calacs-chateauguay.ca\\\/en\\\/?s={search_term_string}\"},\"query-input\":{\"@type\":\"PropertyValueSpecification\",\"valueRequired\":true,\"valueName\":\"search_term_string\"}}],\"inLanguage\":\"en-US\"}]}<\/script>\n<!-- \/ Yoast SEO plugin. -->","yoast_head_json":{"title":"Canadian Victim's Bill of Rights - Calacs Chateauguay","robots":{"index":"index","follow":"follow","max-snippet":"max-snippet:-1","max-image-preview":"max-image-preview:large","max-video-preview":"max-video-preview:-1"},"canonical":"https:\/\/calacs-chateauguay.ca\/en\/justice-recourses\/justice\/canadian-victims-bill-of-rights\/","og_locale":"en_US","og_type":"article","og_title":"Canadian Victim's Bill of Rights - Calacs Chateauguay","og_description":"The Victim's Bill of Rights Act came into effect on April 23, 2015, resulting in: the creation of the Canadian Victims Bill of Rights (CVBR) changes to the Criminal Code that improve victims\u2019 right to information and protection and encourage their participation at every stage of the criminal justice process changes to the Corrections and [&hellip;]","og_url":"https:\/\/calacs-chateauguay.ca\/en\/justice-recourses\/justice\/canadian-victims-bill-of-rights\/","og_site_name":"Calacs Chateauguay","article_modified_time":"2023-07-21T17:24:02+00:00","twitter_misc":{"Est. reading time":"7 minutes"},"schema":{"@context":"https:\/\/schema.org","@graph":[{"@type":"WebPage","@id":"https:\/\/calacs-chateauguay.ca\/en\/justice-recourses\/justice\/canadian-victims-bill-of-rights\/","url":"https:\/\/calacs-chateauguay.ca\/en\/justice-recourses\/justice\/canadian-victims-bill-of-rights\/","name":"Canadian Victim's Bill of Rights - Calacs Chateauguay","isPartOf":{"@id":"https:\/\/calacs-chateauguay.ca\/en\/#website"},"datePublished":"2014-04-15T09:02:47+00:00","dateModified":"2023-07-21T17:24:02+00:00","breadcrumb":{"@id":"https:\/\/calacs-chateauguay.ca\/en\/justice-recourses\/justice\/canadian-victims-bill-of-rights\/#breadcrumb"},"inLanguage":"en-US","potentialAction":[{"@type":"ReadAction","target":["https:\/\/calacs-chateauguay.ca\/en\/justice-recourses\/justice\/canadian-victims-bill-of-rights\/"]}]},{"@type":"BreadcrumbList","@id":"https:\/\/calacs-chateauguay.ca\/en\/justice-recourses\/justice\/canadian-victims-bill-of-rights\/#breadcrumb","itemListElement":[{"@type":"ListItem","position":1,"name":"Reception","item":"https:\/\/calacs-chateauguay.ca\/en\/"},{"@type":"ListItem","position":2,"name":"Justice\/Recourses","item":"https:\/\/calacs-chateauguay.ca\/en\/justicerecours\/"},{"@type":"ListItem","position":3,"name":"Justice","item":"https:\/\/calacs-chateauguay.ca\/en\/justicerecours\/justice\/"},{"@type":"ListItem","position":4,"name":"Canadian Victim&rsquo;s Bill of Rights"}]},{"@type":"WebSite","@id":"https:\/\/calacs-chateauguay.ca\/en\/#website","url":"https:\/\/calacs-chateauguay.ca\/en\/","name":"Calacs Chateauguay","description":"EN PARLER C\u2019EST SE LIBERER","potentialAction":[{"@type":"SearchAction","target":{"@type":"EntryPoint","urlTemplate":"https:\/\/calacs-chateauguay.ca\/en\/?s={search_term_string}"},"query-input":{"@type":"PropertyValueSpecification","valueRequired":true,"valueName":"search_term_string"}}],"inLanguage":"en-US"}]}},"_links":{"self":[{"href":"https:\/\/calacs-chateauguay.ca\/en\/wp-json\/wp\/v2\/pages\/6100","targetHints":{"allow":["GET"]}}],"collection":[{"href":"https:\/\/calacs-chateauguay.ca\/en\/wp-json\/wp\/v2\/pages"}],"about":[{"href":"https:\/\/calacs-chateauguay.ca\/en\/wp-json\/wp\/v2\/types\/page"}],"author":[{"embeddable":true,"href":"https:\/\/calacs-chateauguay.ca\/en\/wp-json\/wp\/v2\/users\/4"}],"replies":[{"embeddable":true,"href":"https:\/\/calacs-chateauguay.ca\/en\/wp-json\/wp\/v2\/comments?post=6100"}],"version-history":[{"count":5,"href":"https:\/\/calacs-chateauguay.ca\/en\/wp-json\/wp\/v2\/pages\/6100\/revisions"}],"predecessor-version":[{"id":8724,"href":"https:\/\/calacs-chateauguay.ca\/en\/wp-json\/wp\/v2\/pages\/6100\/revisions\/8724"}],"up":[{"embeddable":true,"href":"https:\/\/calacs-chateauguay.ca\/en\/wp-json\/wp\/v2\/pages\/5937"}],"wp:attachment":[{"href":"https:\/\/calacs-chateauguay.ca\/en\/wp-json\/wp\/v2\/media?parent=6100"}],"curies":[{"name":"wp","href":"https:\/\/api.w.org\/{rel}","templated":true}]}}