{"id":6112,"date":"2023-03-03T13:39:38","date_gmt":"2023-03-03T17:39:38","guid":{"rendered":"https:\/\/calacs-chateauguay.ca\/victims-of-crime-understanding-the-court-system-and-sentencing-procedure\/"},"modified":"2023-11-07T21:04:53","modified_gmt":"2023-11-08T01:04:53","slug":"victims-of-crime-understanding-the-court-system-and-sentencing-procedure","status":"publish","type":"page","link":"https:\/\/calacs-chateauguay.ca\/en\/justice-recourses\/victims-of-crime-understanding-the-court-system-and-sentencing-procedure\/","title":{"rendered":"Victims of Crime &#8211; Understanding the Court System and Sentencing Procedure"},"content":{"rendered":"<p>[et_pb_section fb_built=&#8221;1&#8243; specialty=&#8221;on&#8221; _builder_version=&#8221;4.16&#8243; global_colors_info=&#8221;{}&#8221;][et_pb_column type=&#8221;1_4&#8243; _builder_version=&#8221;4.16&#8243; custom_padding=&#8221;|||&#8221; global_colors_info=&#8221;{}&#8221; custom_padding__hover=&#8221;|||&#8221;]<\/p>\n<p>[et_pb_sidebar area=&#8221;et_pb_widget_area_12&#8243; _builder_version=&#8221;4.21.0&#8243; global_colors_info=&#8221;{}&#8221;][\/et_pb_sidebar]<\/p>\n<p>[\/et_pb_column][et_pb_column type=&#8221;3_4&#8243; specialty_columns=&#8221;3&#8243; _builder_version=&#8221;4.16&#8243; custom_padding=&#8221;|||&#8221; global_colors_info=&#8221;{}&#8221; custom_padding__hover=&#8221;|||&#8221;][et_pb_row_inner admin_label=&#8221;row&#8221; _builder_version=&#8221;4.16&#8243; background_size=&#8221;initial&#8221; background_position=&#8221;top_left&#8221; background_repeat=&#8221;repeat&#8221; global_colors_info=&#8221;{}&#8221;][et_pb_column_inner saved_specialty_column_type=&#8221;3_4&#8243; _builder_version=&#8221;4.16&#8243; custom_padding=&#8221;|||&#8221; global_colors_info=&#8221;{}&#8221; custom_padding__hover=&#8221;|||&#8221;][et_pb_text admin_label=&#8221;Vous avez \u00e9t\u00e9 victime d\u2019un crime&#8230;&#8221; _builder_version=&#8221;4.21.0&#8243; _module_preset=&#8221;default&#8221; hover_enabled=&#8221;0&#8243; global_colors_info=&#8221;{}&#8221; sticky_enabled=&#8221;0&#8243;]<\/p>\n<p>As the victim of a crime, you have called the police. The police has conducted an investigation, identified a suspect, and submitted a report to the criminal and penal prosecuting attorney, who has found that there is sufficient evidence to take the case to court. The prosecuting attorney will determine the charges, and will handle the case until the end of the proceedings.<\/p>\n<p>If you are called as a witness, you will receive the leaflet Witness \u2013 Your role in court \u2014 Criminal Division \u2013 Youth Division along with your subp\u0153na to a witness.<\/p>\n<p>&nbsp;<\/p>\n<h5><strong>Principles of criminal law<\/strong><\/h5>\n<p>According to law, a person accused of a crime is innocent until found guilty by a judge. As a result, a suspect can be deprived of his or her liberty during legal proceedings only if certain conditions are met. At the trial, the prosecuting attorney must prove beyond reasonable doubt that the defendant is guilty. At this stage, any testimony you are asked to provide may be crucial. Court proceedings usually take place in public. However, in certain circumstances, the judge may decide to proceed in the absence of the public.<\/p>\n<p>&nbsp;<\/p>\n<h5><strong>Arraignment<\/strong><\/h5>\n<p>When the accused appears before the judge for the first time, at the arraignment, the presence of the victim is not usually required. If the accused pleads guilty, the judge will either hand down a sentence immediately, or postpone sentencing to a later date. If the accused pleads not guilty, the judge sets the date for the next stage in the court process.<\/p>\n<p>&nbsp;<\/p>\n<h5><strong>Release (bail) hearing<\/strong><\/h5>\n<p>An accused who is in custody at the time of the arraignment must be released by the judge unless the prosecuting attorney objects to release and satisfies the court that it is necessary to keep the accused in custody for the duration of the court process. A judge who agrees to release the accused may impose conditions. If you, the victim, want specific conditions to be placed on the accused, you should tell the prosecuting attorney. If the accused fails to comply with the conditions imposed by the judge, the court may review the decision to release the accused. It is important for you to notify the police immediately if you become aware of any failure to comply with the conditions.<\/p>\n<p>&nbsp;<\/p>\n<h5><strong>Preliminary inquiry and trial<\/strong><\/h5>\n<p>The goal of the preliminary inquiry is to determine whether there is enough evidence to warrant a trial, when the prosecution will attempt to show that the accused is guilty beyond a reasonable doubt. In both cases, the attorneys call and question witnesses, including the victim or victims, and present evidence. After the trial, if the accused is found guilty, the judge will hand down a sentence. In the case of a trial with judge and jury, the judge sentences the offender after the jury delivers a \u201cguilty\u201d verdict.<\/p>\n<h5><strong>Sentencing<\/strong><\/h5>\n<p><strong>At sentencing, the judge may;<\/strong><\/p>\n<ul>\n<li>impose a probation order containing various conditions that the judge considers appropriate in the circumstances. If you, as the victim, want specific conditions to be imposed on the accused, you can discuss them with the prosecuting attorney responsible for the case;<\/li>\n<li>impose a fine;<\/li>\n<li>impose a conditional sentence of imprisonment, in other words a sentence to be served in the community while complying with compulsory conditions;<\/li>\n<li>impose imprisonment.<\/li>\n<\/ul>\n<p>&nbsp;<\/p>\n<h5><strong>Appeal<\/strong><\/h5>\n<p>In certain circumstances, the accused or the prosecuting attorney may ask the Court of Appeal to review the verdict rendered or the sentence handed down by the trial judge.<\/p>\n<p>&nbsp;<\/p>\n<h5><strong>Conditional release measures<\/strong><\/h5>\n<p>While detained, the offender may be eligible for various conditional release programs intended to facilitate social rehabilitation.<\/p>\n<p>The Commission qu\u00e9b\u00e9coise des lib\u00e9rations conditionnelles (CQLC) is responsible for making decisions concerning the conditional release of offenders sentenced to a <strong>prison term of less than two years<\/strong>. Victims and their immediate family may express their position using the form provided for that purpose, adding any relevant comments. Offenders serving a <strong>prison sentence of two years or more <\/strong>are under the authority of the National Parole Board (NPB).<\/p>\n<p><strong>\u00a0<\/strong><\/p>\n<h5><strong>Victims of crime may<\/strong><\/h5>\n<ul>\n<li>furnish information that will assist the NPB in its consideration of an offender\u2019s conditional release;<\/li>\n<li>assist at NPB hearings as observers where they are given an opportunity to read a statement prepared in advance and submitted to the NPB. The statement may also be given on tape or by video;<\/li>\n<li>obtain certain types of information about the offender (for example, the place where the person is incarcerated and the date on which the person is eligible for parole), as well as information on the rights of victims under Canadian law.<\/li>\n<\/ul>\n<p><strong>\u00a0<\/strong><\/p>\n<h5><strong>Useful contacts<\/strong><\/h5>\n<h5><strong>Centre d\u2019aide aux victimes d\u2019actes criminels (CAVAC)<\/strong><\/h5>\n<p><strong>Toll-free:<\/strong> 1 866 LECAVAC (532-2822)<br \/><strong>Website:<\/strong> <a href=\"http:\/\/www.cavac.qc.ca\">www.cavac.qc.ca<\/a><\/p>\n<p><strong>\u00a0<\/strong><\/p>\n<h5><strong>Commission qu\u00e9b\u00e9coise des lib\u00e9rations conditionnelles (CQLC)<\/strong><\/h5>\n<p><strong>Phone:<\/strong> 418 646-8300 or 514 873-2230<br \/><strong>Website:<\/strong> <a href=\"http:\/\/www.cqlc.gouv.qc.ca\">www.cqlc.gouv.qc.ca<\/a><\/p>\n<p><strong>\u00a0<\/strong><\/p>\n<h5><strong>National Parole Board (NPB)<\/strong><\/h5>\n<p><strong>Phone:<\/strong> 514 283-4584<br \/><strong>Toll-free:<\/strong> 1 877 333-4473<br \/><strong>Website:<\/strong> <a href=\"http:\/\/www.npb-cnlc.gc.ca\">www.npb-cnlc.gc.ca<\/a><br \/><strong>Source :<\/strong> Justice in Quebec<\/p>\n<p>[\/et_pb_text][\/et_pb_column_inner][\/et_pb_row_inner][\/et_pb_column][\/et_pb_section]<\/p>\n","protected":false},"excerpt":{"rendered":"<p>As the victim of a crime, you have called the police. The police has conducted an investigation, identified a suspect, and submitted a report to the criminal and penal prosecuting attorney, who has found that there is sufficient evidence to take the case to court. The prosecuting attorney will determine the charges, and will handle [&hellip;]<\/p>\n","protected":false},"author":5,"featured_media":0,"parent":6133,"menu_order":0,"comment_status":"closed","ping_status":"closed","template":"","meta":{"_et_pb_use_builder":"on","_et_pb_old_content":"","_et_gb_content_width":"","footnotes":""},"class_list":["post-6112","page","type-page","status-publish","hentry"],"yoast_head":"<!-- This site is optimized with the Yoast SEO plugin v27.3 - https:\/\/yoast.com\/product\/yoast-seo-wordpress\/ -->\n<title>Victims of Crime - Understanding the Court System and Sentencing Procedure - Calacs Chateauguay<\/title>\n<meta name=\"robots\" content=\"index, follow, max-snippet:-1, max-image-preview:large, max-video-preview:-1\" \/>\n<link rel=\"canonical\" href=\"https:\/\/calacs-chateauguay.ca\/en\/justice-recourses\/victims-of-crime-understanding-the-court-system-and-sentencing-procedure\/\" \/>\n<meta property=\"og:locale\" content=\"en_US\" \/>\n<meta property=\"og:type\" content=\"article\" \/>\n<meta property=\"og:title\" content=\"Victims of Crime - Understanding the Court System and Sentencing Procedure - Calacs Chateauguay\" \/>\n<meta property=\"og:description\" content=\"As the victim of a crime, you have called the police. The police has conducted an investigation, identified a suspect, and submitted a report to the criminal and penal prosecuting attorney, who has found that there is sufficient evidence to take the case to court. The prosecuting attorney will determine the charges, and will handle [&hellip;]\" \/>\n<meta property=\"og:url\" content=\"https:\/\/calacs-chateauguay.ca\/en\/justice-recourses\/victims-of-crime-understanding-the-court-system-and-sentencing-procedure\/\" \/>\n<meta property=\"og:site_name\" content=\"Calacs Chateauguay\" \/>\n<meta property=\"article:modified_time\" content=\"2023-11-08T01:04:53+00:00\" \/>\n<meta name=\"twitter:label1\" content=\"Est. reading time\" \/>\n\t<meta name=\"twitter:data1\" content=\"5 minutes\" \/>\n<script type=\"application\/ld+json\" class=\"yoast-schema-graph\">{\"@context\":\"https:\\\/\\\/schema.org\",\"@graph\":[{\"@type\":\"WebPage\",\"@id\":\"https:\\\/\\\/calacs-chateauguay.ca\\\/en\\\/justice-recourses\\\/victims-of-crime-understanding-the-court-system-and-sentencing-procedure\\\/\",\"url\":\"https:\\\/\\\/calacs-chateauguay.ca\\\/en\\\/justice-recourses\\\/victims-of-crime-understanding-the-court-system-and-sentencing-procedure\\\/\",\"name\":\"Victims of Crime - Understanding the Court System and Sentencing Procedure - Calacs Chateauguay\",\"isPartOf\":{\"@id\":\"https:\\\/\\\/calacs-chateauguay.ca\\\/en\\\/#website\"},\"datePublished\":\"2023-03-03T17:39:38+00:00\",\"dateModified\":\"2023-11-08T01:04:53+00:00\",\"breadcrumb\":{\"@id\":\"https:\\\/\\\/calacs-chateauguay.ca\\\/en\\\/justice-recourses\\\/victims-of-crime-understanding-the-court-system-and-sentencing-procedure\\\/#breadcrumb\"},\"inLanguage\":\"en-US\",\"potentialAction\":[{\"@type\":\"ReadAction\",\"target\":[\"https:\\\/\\\/calacs-chateauguay.ca\\\/en\\\/justice-recourses\\\/victims-of-crime-understanding-the-court-system-and-sentencing-procedure\\\/\"]}]},{\"@type\":\"BreadcrumbList\",\"@id\":\"https:\\\/\\\/calacs-chateauguay.ca\\\/en\\\/justice-recourses\\\/victims-of-crime-understanding-the-court-system-and-sentencing-procedure\\\/#breadcrumb\",\"itemListElement\":[{\"@type\":\"ListItem\",\"position\":1,\"name\":\"Reception\",\"item\":\"https:\\\/\\\/calacs-chateauguay.ca\\\/en\\\/\"},{\"@type\":\"ListItem\",\"position\":2,\"name\":\"Justice\\\/Recourses\",\"item\":\"https:\\\/\\\/calacs-chateauguay.ca\\\/en\\\/justicerecours\\\/\"},{\"@type\":\"ListItem\",\"position\":3,\"name\":\"Victims of Crime &#8211; Understanding the Court System and Sentencing Procedure\"}]},{\"@type\":\"WebSite\",\"@id\":\"https:\\\/\\\/calacs-chateauguay.ca\\\/en\\\/#website\",\"url\":\"https:\\\/\\\/calacs-chateauguay.ca\\\/en\\\/\",\"name\":\"Calacs Chateauguay\",\"description\":\"EN PARLER C\u2019EST SE LIBERER\",\"potentialAction\":[{\"@type\":\"SearchAction\",\"target\":{\"@type\":\"EntryPoint\",\"urlTemplate\":\"https:\\\/\\\/calacs-chateauguay.ca\\\/en\\\/?s={search_term_string}\"},\"query-input\":{\"@type\":\"PropertyValueSpecification\",\"valueRequired\":true,\"valueName\":\"search_term_string\"}}],\"inLanguage\":\"en-US\"}]}<\/script>\n<!-- \/ Yoast SEO plugin. -->","yoast_head_json":{"title":"Victims of Crime - Understanding the Court System and Sentencing Procedure - Calacs Chateauguay","robots":{"index":"index","follow":"follow","max-snippet":"max-snippet:-1","max-image-preview":"max-image-preview:large","max-video-preview":"max-video-preview:-1"},"canonical":"https:\/\/calacs-chateauguay.ca\/en\/justice-recourses\/victims-of-crime-understanding-the-court-system-and-sentencing-procedure\/","og_locale":"en_US","og_type":"article","og_title":"Victims of Crime - Understanding the Court System and Sentencing Procedure - Calacs Chateauguay","og_description":"As the victim of a crime, you have called the police. The police has conducted an investigation, identified a suspect, and submitted a report to the criminal and penal prosecuting attorney, who has found that there is sufficient evidence to take the case to court. The prosecuting attorney will determine the charges, and will handle [&hellip;]","og_url":"https:\/\/calacs-chateauguay.ca\/en\/justice-recourses\/victims-of-crime-understanding-the-court-system-and-sentencing-procedure\/","og_site_name":"Calacs Chateauguay","article_modified_time":"2023-11-08T01:04:53+00:00","twitter_misc":{"Est. reading time":"5 minutes"},"schema":{"@context":"https:\/\/schema.org","@graph":[{"@type":"WebPage","@id":"https:\/\/calacs-chateauguay.ca\/en\/justice-recourses\/victims-of-crime-understanding-the-court-system-and-sentencing-procedure\/","url":"https:\/\/calacs-chateauguay.ca\/en\/justice-recourses\/victims-of-crime-understanding-the-court-system-and-sentencing-procedure\/","name":"Victims of Crime - Understanding the Court System and Sentencing Procedure - Calacs Chateauguay","isPartOf":{"@id":"https:\/\/calacs-chateauguay.ca\/en\/#website"},"datePublished":"2023-03-03T17:39:38+00:00","dateModified":"2023-11-08T01:04:53+00:00","breadcrumb":{"@id":"https:\/\/calacs-chateauguay.ca\/en\/justice-recourses\/victims-of-crime-understanding-the-court-system-and-sentencing-procedure\/#breadcrumb"},"inLanguage":"en-US","potentialAction":[{"@type":"ReadAction","target":["https:\/\/calacs-chateauguay.ca\/en\/justice-recourses\/victims-of-crime-understanding-the-court-system-and-sentencing-procedure\/"]}]},{"@type":"BreadcrumbList","@id":"https:\/\/calacs-chateauguay.ca\/en\/justice-recourses\/victims-of-crime-understanding-the-court-system-and-sentencing-procedure\/#breadcrumb","itemListElement":[{"@type":"ListItem","position":1,"name":"Reception","item":"https:\/\/calacs-chateauguay.ca\/en\/"},{"@type":"ListItem","position":2,"name":"Justice\/Recourses","item":"https:\/\/calacs-chateauguay.ca\/en\/justicerecours\/"},{"@type":"ListItem","position":3,"name":"Victims of Crime &#8211; Understanding the Court System and Sentencing Procedure"}]},{"@type":"WebSite","@id":"https:\/\/calacs-chateauguay.ca\/en\/#website","url":"https:\/\/calacs-chateauguay.ca\/en\/","name":"Calacs Chateauguay","description":"EN PARLER C\u2019EST SE LIBERER","potentialAction":[{"@type":"SearchAction","target":{"@type":"EntryPoint","urlTemplate":"https:\/\/calacs-chateauguay.ca\/en\/?s={search_term_string}"},"query-input":{"@type":"PropertyValueSpecification","valueRequired":true,"valueName":"search_term_string"}}],"inLanguage":"en-US"}]}},"_links":{"self":[{"href":"https:\/\/calacs-chateauguay.ca\/en\/wp-json\/wp\/v2\/pages\/6112","targetHints":{"allow":["GET"]}}],"collection":[{"href":"https:\/\/calacs-chateauguay.ca\/en\/wp-json\/wp\/v2\/pages"}],"about":[{"href":"https:\/\/calacs-chateauguay.ca\/en\/wp-json\/wp\/v2\/types\/page"}],"author":[{"embeddable":true,"href":"https:\/\/calacs-chateauguay.ca\/en\/wp-json\/wp\/v2\/users\/5"}],"replies":[{"embeddable":true,"href":"https:\/\/calacs-chateauguay.ca\/en\/wp-json\/wp\/v2\/comments?post=6112"}],"version-history":[{"count":5,"href":"https:\/\/calacs-chateauguay.ca\/en\/wp-json\/wp\/v2\/pages\/6112\/revisions"}],"predecessor-version":[{"id":8985,"href":"https:\/\/calacs-chateauguay.ca\/en\/wp-json\/wp\/v2\/pages\/6112\/revisions\/8985"}],"up":[{"embeddable":true,"href":"https:\/\/calacs-chateauguay.ca\/en\/wp-json\/wp\/v2\/pages\/6133"}],"wp:attachment":[{"href":"https:\/\/calacs-chateauguay.ca\/en\/wp-json\/wp\/v2\/media?parent=6112"}],"curies":[{"name":"wp","href":"https:\/\/api.w.org\/{rel}","templated":true}]}}