{"id":6148,"date":"2014-06-11T01:31:44","date_gmt":"2014-06-11T05:31:44","guid":{"rendered":"https:\/\/calacs-chateauguay.ca\/achivements\/"},"modified":"2023-07-20T15:15:07","modified_gmt":"2023-07-20T19:15:07","slug":"achivements","status":"publish","type":"page","link":"https:\/\/calacs-chateauguay.ca\/en\/achivements\/","title":{"rendered":"Achivements"},"content":{"rendered":"<p>[et_pb_section fb_built=&#8221;1&#8243; specialty=&#8221;on&#8221; _builder_version=&#8221;4.16&#8243; global_colors_info=&#8221;{}&#8221;][et_pb_column type=&#8221;1_4&#8243; _builder_version=&#8221;4.16&#8243; custom_padding=&#8221;|||&#8221; global_colors_info=&#8221;{}&#8221; custom_padding__hover=&#8221;|||&#8221;]<\/p>\n<p>[et_pb_sidebar _builder_version=&#8221;4.16&#8243; global_colors_info=&#8221;{}&#8221;][\/et_pb_sidebar]<\/p>\n<p>[\/et_pb_column][et_pb_column type=&#8221;3_4&#8243; specialty_columns=&#8221;3&#8243; _builder_version=&#8221;4.16&#8243; custom_padding=&#8221;|||&#8221; global_colors_info=&#8221;{}&#8221; custom_padding__hover=&#8221;|||&#8221;][et_pb_row_inner _builder_version=&#8221;4.16&#8243; global_colors_info=&#8221;{}&#8221;][et_pb_column_inner saved_specialty_column_type=&#8221;3_4&#8243; _builder_version=&#8221;4.16&#8243; global_colors_info=&#8221;{}&#8221;][et_pb_text _builder_version=&#8221;4.21.0&#8243; background_size=&#8221;initial&#8221; background_position=&#8221;top_left&#8221; background_repeat=&#8221;repeat&#8221; hover_enabled=&#8221;0&#8243; global_colors_info=&#8221;{}&#8221; sticky_enabled=&#8221;0&#8243;]<\/p>\n<h3>Brochures and Order Forms<\/h3>\n\n\n\n<div id=\"wpv-view-layout-6636-CATTRbd5e50fd96327c3a961fceb2373fbd12\" class=\"js-wpv-view-layout js-wpv-layout-responsive js-wpv-view-layout-6636-CATTRbd5e50fd96327c3a961fceb2373fbd12\" data-viewnumber=\"6636-CATTRbd5e50fd96327c3a961fceb2373fbd12\" data-pagination=\"{&quot;id&quot;:6636,&quot;query&quot;:&quot;normal&quot;,&quot;type&quot;:&quot;disabled&quot;,&quot;effect&quot;:&quot;fade&quot;,&quot;duration&quot;:500,&quot;speed&quot;:5,&quot;pause_on_hover&quot;:&quot;disabled&quot;,&quot;stop_rollover&quot;:&quot;false&quot;,&quot;cache_pages&quot;:&quot;enabled&quot;,&quot;preload_images&quot;:&quot;enabled&quot;,&quot;preload_pages&quot;:&quot;enabled&quot;,&quot;preload_reach&quot;:1,&quot;spinner&quot;:&quot;builtin&quot;,&quot;spinner_image&quot;:&quot;https:\/\/calacs-chateauguay.ca\/wp-content\/plugins\/wp-views\/res\/img\/ajax-loader.gif&quot;,&quot;callback_next&quot;:&quot;&quot;,&quot;manage_history&quot;:&quot;enabled&quot;,&quot;has_controls_in_form&quot;:&quot;disabled&quot;,&quot;infinite_tolerance&quot;:&quot;0&quot;,&quot;max_pages&quot;:0,&quot;page&quot;:1,&quot;base_permalink&quot;:&quot;\/en\/wp-json\/wp\/v2\/pages\/6148?wpv_view_count=6636-CATTRbd5e50fd96327c3a961fceb2373fbd12&amp;wpv_paged=WPV_PAGE_NUM&quot;,&quot;loop&quot;:{&quot;type&quot;:&quot;&quot;,&quot;name&quot;:&quot;&quot;,&quot;data&quot;:[],&quot;id&quot;:0}}\" data-permalink=\"\/en\/wp-json\/wp\/v2\/pages\/6148?wpv_view_count=6636-CATTRbd5e50fd96327c3a961fceb2373fbd12\">\n\n\t\n\t\n\t\n\t\t<div class=\"pub-item pdf\">\n\t<a href=\"https:\/\/calacs-chateauguay.ca\/wp-content\/uploads\/depliant-calacs.pdf\" target=\"_blank\" rel=\"noopener\">Bilingual Brochure &#8211; CALACS Ch\u00e2teauguay<\/a>\n<\/div>\n\t\n\t\t<div class=\"pub-item pdf\">\n\t<a href=\"https:\/\/calacs-chateauguay.ca\/wp-content\/uploads\/D%C3%A9pliant-bilingue-Guides-de-soutien-%C3%A0-lentourage.pdf\" target=\"_blank\" rel=\"noopener\">Bilingual Brochure \u2013 Information Guide for the Relatives and Loved Ones of a Sexual Assault Victim<\/a>\n<\/div>\n\t\n\t\t<div class=\"pub-item pdf\">\n\t<a href=\"https:\/\/calacs-chateauguay.ca\/wp-content\/uploads\/Guide-de-soutien-%C3%A0-lintention-de-lentourage...-Infos-pour-achat.pdf\" target=\"_blank\" rel=\"noopener\">Bilingual Order Form \u2013 Information Guide for the Relatives and Loved Ones of a Sexual Assault Victim<\/a>\n<\/div>\n\t\n\t\n\t\n\t\n<\/div>\n\n<hr \/>\n<p><!--\n\n<h3>Projets r\u00e9alis\u00e9s par le CALACS Ch\u00e2teauguay<\/h3>\n\n\n\n\n[wpv-view name=\"realisations\" wpvtypedepublication=\"Projets r\u00e9alis\u00e9s par le CALACS Ch\u00e2teauguay\"]\n\n\n\n\n<hr \/>\n\n\n\n\n<h3>Projets r\u00e9alis\u00e9s par le Groupe Action-Pr\u00e9vention (GAP)<\/h3>\n\n\n\n\n<p>[wpv-view name=\"realisations\" wpvtypedepublication=\"Projets r\u00e9alis\u00e9s par le Groupe Action-Pr\u00e9vention (GAP)\"]<br \/>\n\n\n<hr \/>\n\n--><\/p>\n<h3>Projects carried out for 12 days of action<\/h3>\n\n\n\n<div id=\"wpv-view-layout-6636-CATTR40409615185e83359b8ed4f1739cf4b3\" class=\"js-wpv-view-layout js-wpv-layout-responsive js-wpv-view-layout-6636-CATTR40409615185e83359b8ed4f1739cf4b3\" data-viewnumber=\"6636-CATTR40409615185e83359b8ed4f1739cf4b3\" data-pagination=\"{&quot;id&quot;:6636,&quot;query&quot;:&quot;normal&quot;,&quot;type&quot;:&quot;disabled&quot;,&quot;effect&quot;:&quot;fade&quot;,&quot;duration&quot;:500,&quot;speed&quot;:5,&quot;pause_on_hover&quot;:&quot;disabled&quot;,&quot;stop_rollover&quot;:&quot;false&quot;,&quot;cache_pages&quot;:&quot;enabled&quot;,&quot;preload_images&quot;:&quot;enabled&quot;,&quot;preload_pages&quot;:&quot;enabled&quot;,&quot;preload_reach&quot;:1,&quot;spinner&quot;:&quot;builtin&quot;,&quot;spinner_image&quot;:&quot;https:\/\/calacs-chateauguay.ca\/wp-content\/plugins\/wp-views\/res\/img\/ajax-loader.gif&quot;,&quot;callback_next&quot;:&quot;&quot;,&quot;manage_history&quot;:&quot;enabled&quot;,&quot;has_controls_in_form&quot;:&quot;disabled&quot;,&quot;infinite_tolerance&quot;:&quot;0&quot;,&quot;max_pages&quot;:0,&quot;page&quot;:1,&quot;base_permalink&quot;:&quot;\/en\/wp-json\/wp\/v2\/pages\/6148?wpv_view_count=6636-CATTR40409615185e83359b8ed4f1739cf4b3&amp;wpv_paged=WPV_PAGE_NUM&quot;,&quot;loop&quot;:{&quot;type&quot;:&quot;&quot;,&quot;name&quot;:&quot;&quot;,&quot;data&quot;:[],&quot;id&quot;:0}}\" data-permalink=\"\/en\/wp-json\/wp\/v2\/pages\/6148?wpv_view_count=6636-CATTR40409615185e83359b8ed4f1739cf4b3\">\n\n\t\n\t\n\t\n\t\t<div class=\"pub-item pdf\">\n\t<a href=\"https:\/\/calacs-chateauguay.ca\/wp-content\/uploads\/Signet-bilingue-2019-2020.pdf\" target=\"_blank\" rel=\"noopener\">Bilingual Bookmark \u2013 2019-2020<\/a>\n<\/div>\n\t\n\t\t<div class=\"pub-item pdf\">\n\t<a href=\"https:\/\/calacs-chateauguay.ca\/wp-content\/uploads\/5-Bilingual-Bookmark-English-and-Mohawk-12-jdays-of-Action-2019-2020.pdf\" target=\"_blank\" rel=\"noopener\">Bilingual (English and Mohawk) Bookmark \u2013 2019-2020<\/a>\n<\/div>\n\t\n\t\t<div class=\"pub-item pdf\">\n\t<a href=\"https:\/\/calacs-chateauguay.ca\/wp-content\/uploads\/Signet-bilingue-2020-2021-et-2021-2022.pdf\" target=\"_blank\" rel=\"noopener\">Bilingual Bookmark \u2013 2020-2021 and 2021-2022<\/a>\n<\/div>\n\t\n\t\t<div class=\"pub-item pdf\">\n\t<a href=\"https:\/\/calacs-chateauguay.ca\/wp-content\/uploads\/Signet-bilingue-2022-2023.pdf\" target=\"_blank\" rel=\"noopener\">Bilingual Bookmark \u2013 2022-2023<\/a>\n<\/div>\n\t\n\t\n\t\n\t\n<\/div>\n\n<hr \/>\n<p><!--\n\n<h3>Projets r\u00e9alis\u00e9s en collaboration<\/h3>\n\n\n\n\n<p>[wpv-view name=\"realisations\" wpvtypedepublication=\"Projets r\u00e9alis\u00e9s en collaboration\"]<br \/>\n\n\n<hr \/>\n\n-->[\/et_pb_text][\/et_pb_column_inner][\/et_pb_row_inner][\/et_pb_column][\/et_pb_section]<\/p>\n","protected":false},"excerpt":{"rendered":"<p>Brochures and Order Forms \n\n\n<div id=\"wpv-view-layout-6636-CATTRbd5e50fd96327c3a961fceb2373fbd12\" class=\"js-wpv-view-layout js-wpv-layout-responsive js-wpv-view-layout-6636-CATTRbd5e50fd96327c3a961fceb2373fbd12\" data-viewnumber=\"6636-CATTRbd5e50fd96327c3a961fceb2373fbd12\" data-pagination=\"{&quot;id&quot;:6636,&quot;query&quot;:&quot;normal&quot;,&quot;type&quot;:&quot;disabled&quot;,&quot;effect&quot;:&quot;fade&quot;,&quot;duration&quot;:500,&quot;speed&quot;:5,&quot;pause_on_hover&quot;:&quot;disabled&quot;,&quot;stop_rollover&quot;:&quot;false&quot;,&quot;cache_pages&quot;:&quot;enabled&quot;,&quot;preload_images&quot;:&quot;enabled&quot;,&quot;preload_pages&quot;:&quot;enabled&quot;,&quot;preload_reach&quot;:1,&quot;spinner&quot;:&quot;builtin&quot;,&quot;spinner_image&quot;:&quot;https:\/\/calacs-chateauguay.ca\/wp-content\/plugins\/wp-views\/res\/img\/ajax-loader.gif&quot;,&quot;callback_next&quot;:&quot;&quot;,&quot;manage_history&quot;:&quot;enabled&quot;,&quot;has_controls_in_form&quot;:&quot;disabled&quot;,&quot;infinite_tolerance&quot;:&quot;0&quot;,&quot;max_pages&quot;:0,&quot;page&quot;:1,&quot;base_permalink&quot;:&quot;\/en\/wp-json\/wp\/v2\/pages\/6148?wpv_view_count=6636-CATTRbd5e50fd96327c3a961fceb2373fbd12&amp;wpv_paged=WPV_PAGE_NUM&quot;,&quot;loop&quot;:{&quot;type&quot;:&quot;&quot;,&quot;name&quot;:&quot;&quot;,&quot;data&quot;:[],&quot;id&quot;:0}}\" data-permalink=\"\/en\/wp-json\/wp\/v2\/pages\/6148?wpv_view_count=6636-CATTRbd5e50fd96327c3a961fceb2373fbd12\">\n\n\t\n\t\n\t\n\t\t<div class=\"pub-item pdf\">\n\t<a href=\"https:\/\/calacs-chateauguay.ca\/wp-content\/uploads\/depliant-calacs.pdf\" target=\"_blank\" rel=\"noopener\">Bilingual Brochure &#8211; CALACS Ch\u00e2teauguay<\/a>\n<\/div>\n\t\n\t\t<div class=\"pub-item pdf\">\n\t<a href=\"https:\/\/calacs-chateauguay.ca\/wp-content\/uploads\/D%C3%A9pliant-bilingue-Guides-de-soutien-%C3%A0-lentourage.pdf\" target=\"_blank\" rel=\"noopener\">Bilingual Brochure \u2013 Information Guide for the Relatives and Loved Ones of a Sexual Assault Victim<\/a>\n<\/div>\n\t\n\t\t<div class=\"pub-item pdf\">\n\t<a href=\"https:\/\/calacs-chateauguay.ca\/wp-content\/uploads\/Guide-de-soutien-%C3%A0-lintention-de-lentourage...-Infos-pour-achat.pdf\" target=\"_blank\" rel=\"noopener\">Bilingual Order Form \u2013 Information Guide for the Relatives and Loved Ones of a Sexual Assault Victim<\/a>\n<\/div>\n\t\n\t\n\t\n\t\n<\/div>\n Projects carried out for 12 days of action \n\n\n<div id=\"wpv-view-layout-6636-CATTR40409615185e83359b8ed4f1739cf4b3\" class=\"js-wpv-view-layout js-wpv-layout-responsive js-wpv-view-layout-6636-CATTR40409615185e83359b8ed4f1739cf4b3\" data-viewnumber=\"6636-CATTR40409615185e83359b8ed4f1739cf4b3\" data-pagination=\"{&quot;id&quot;:6636,&quot;query&quot;:&quot;normal&quot;,&quot;type&quot;:&quot;disabled&quot;,&quot;effect&quot;:&quot;fade&quot;,&quot;duration&quot;:500,&quot;speed&quot;:5,&quot;pause_on_hover&quot;:&quot;disabled&quot;,&quot;stop_rollover&quot;:&quot;false&quot;,&quot;cache_pages&quot;:&quot;enabled&quot;,&quot;preload_images&quot;:&quot;enabled&quot;,&quot;preload_pages&quot;:&quot;enabled&quot;,&quot;preload_reach&quot;:1,&quot;spinner&quot;:&quot;builtin&quot;,&quot;spinner_image&quot;:&quot;https:\/\/calacs-chateauguay.ca\/wp-content\/plugins\/wp-views\/res\/img\/ajax-loader.gif&quot;,&quot;callback_next&quot;:&quot;&quot;,&quot;manage_history&quot;:&quot;enabled&quot;,&quot;has_controls_in_form&quot;:&quot;disabled&quot;,&quot;infinite_tolerance&quot;:&quot;0&quot;,&quot;max_pages&quot;:0,&quot;page&quot;:1,&quot;base_permalink&quot;:&quot;\/en\/wp-json\/wp\/v2\/pages\/6148?wpv_view_count=6636-CATTR40409615185e83359b8ed4f1739cf4b3&amp;wpv_paged=WPV_PAGE_NUM&quot;,&quot;loop&quot;:{&quot;type&quot;:&quot;&quot;,&quot;name&quot;:&quot;&quot;,&quot;data&quot;:[],&quot;id&quot;:0}}\" data-permalink=\"\/en\/wp-json\/wp\/v2\/pages\/6148?wpv_view_count=6636-CATTR40409615185e83359b8ed4f1739cf4b3\">\n\n\t\n\t\n\t\n\t\t<div class=\"pub-item pdf\">\n\t<a href=\"https:\/\/calacs-chateauguay.ca\/wp-content\/uploads\/Signet-bilingue-2019-2020.pdf\" target=\"_blank\" rel=\"noopener\">Bilingual Bookmark \u2013 2019-2020<\/a>\n<\/div>\n\t\n\t\t<div class=\"pub-item pdf\">\n\t<a href=\"https:\/\/calacs-chateauguay.ca\/wp-content\/uploads\/5-Bilingual-Bookmark-English-and-Mohawk-12-jdays-of-Action-2019-2020.pdf\" target=\"_blank\" rel=\"noopener\">Bilingual (English and Mohawk) Bookmark \u2013 2019-2020<\/a>\n<\/div>\n\t\n\t\t<div class=\"pub-item pdf\">\n\t<a href=\"https:\/\/calacs-chateauguay.ca\/wp-content\/uploads\/Signet-bilingue-2020-2021-et-2021-2022.pdf\" target=\"_blank\" rel=\"noopener\">Bilingual Bookmark \u2013 2020-2021 and 2021-2022<\/a>\n<\/div>\n\t\n\t\t<div class=\"pub-item pdf\">\n\t<a href=\"https:\/\/calacs-chateauguay.ca\/wp-content\/uploads\/Signet-bilingue-2022-2023.pdf\" target=\"_blank\" rel=\"noopener\">Bilingual Bookmark \u2013 2022-2023<\/a>\n<\/div>\n\t\n\t\n\t\n\t\n<\/div>\n<\/p>\n","protected":false},"author":4,"featured_media":0,"parent":0,"menu_order":600,"comment_status":"open","ping_status":"closed","template":"","meta":{"_et_pb_use_builder":"on","_et_pb_old_content":"","_et_gb_content_width":"","footnotes":""},"class_list":["post-6148","page","type-page","status-publish","hentry"],"yoast_head":"<!-- This site is optimized with the Yoast SEO plugin v27.3 - https:\/\/yoast.com\/product\/yoast-seo-wordpress\/ -->\n<title>Achivements - Calacs Chateauguay<\/title>\n<meta name=\"robots\" content=\"index, follow, max-snippet:-1, max-image-preview:large, max-video-preview:-1\" \/>\n<link rel=\"canonical\" href=\"https:\/\/calacs-chateauguay.ca\/en\/achivements\/\" \/>\n<meta property=\"og:locale\" content=\"en_US\" \/>\n<meta property=\"og:type\" content=\"article\" \/>\n<meta property=\"og:title\" content=\"Achivements - Calacs Chateauguay\" \/>\n<meta property=\"og:description\" content=\"Brochures and Order Forms Projects carried out for 12 days of action\" \/>\n<meta property=\"og:url\" content=\"https:\/\/calacs-chateauguay.ca\/en\/achivements\/\" \/>\n<meta property=\"og:site_name\" content=\"Calacs Chateauguay\" \/>\n<meta property=\"article:modified_time\" content=\"2023-07-20T19:15:07+00:00\" \/>\n<meta name=\"twitter:label1\" content=\"Est. reading time\" \/>\n\t<meta name=\"twitter:data1\" content=\"1 minute\" \/>\n<script type=\"application\/ld+json\" class=\"yoast-schema-graph\">{\"@context\":\"https:\\\/\\\/schema.org\",\"@graph\":[{\"@type\":\"WebPage\",\"@id\":\"https:\\\/\\\/calacs-chateauguay.ca\\\/en\\\/achivements\\\/\",\"url\":\"https:\\\/\\\/calacs-chateauguay.ca\\\/en\\\/achivements\\\/\",\"name\":\"Achivements - Calacs Chateauguay\",\"isPartOf\":{\"@id\":\"https:\\\/\\\/calacs-chateauguay.ca\\\/en\\\/#website\"},\"datePublished\":\"2014-06-11T05:31:44+00:00\",\"dateModified\":\"2023-07-20T19:15:07+00:00\",\"breadcrumb\":{\"@id\":\"https:\\\/\\\/calacs-chateauguay.ca\\\/en\\\/achivements\\\/#breadcrumb\"},\"inLanguage\":\"en-US\",\"potentialAction\":[{\"@type\":\"ReadAction\",\"target\":[\"https:\\\/\\\/calacs-chateauguay.ca\\\/en\\\/achivements\\\/\"]}]},{\"@type\":\"BreadcrumbList\",\"@id\":\"https:\\\/\\\/calacs-chateauguay.ca\\\/en\\\/achivements\\\/#breadcrumb\",\"itemListElement\":[{\"@type\":\"ListItem\",\"position\":1,\"name\":\"Reception\",\"item\":\"https:\\\/\\\/calacs-chateauguay.ca\\\/en\\\/\"},{\"@type\":\"ListItem\",\"position\":2,\"name\":\"Achivements\"}]},{\"@type\":\"WebSite\",\"@id\":\"https:\\\/\\\/calacs-chateauguay.ca\\\/en\\\/#website\",\"url\":\"https:\\\/\\\/calacs-chateauguay.ca\\\/en\\\/\",\"name\":\"Calacs Chateauguay\",\"description\":\"EN PARLER C\u2019EST SE LIBERER\",\"potentialAction\":[{\"@type\":\"SearchAction\",\"target\":{\"@type\":\"EntryPoint\",\"urlTemplate\":\"https:\\\/\\\/calacs-chateauguay.ca\\\/en\\\/?s={search_term_string}\"},\"query-input\":{\"@type\":\"PropertyValueSpecification\",\"valueRequired\":true,\"valueName\":\"search_term_string\"}}],\"inLanguage\":\"en-US\"}]}<\/script>\n<!-- \/ Yoast SEO plugin. -->","yoast_head_json":{"title":"Achivements - Calacs Chateauguay","robots":{"index":"index","follow":"follow","max-snippet":"max-snippet:-1","max-image-preview":"max-image-preview:large","max-video-preview":"max-video-preview:-1"},"canonical":"https:\/\/calacs-chateauguay.ca\/en\/achivements\/","og_locale":"en_US","og_type":"article","og_title":"Achivements - Calacs Chateauguay","og_description":"Brochures and Order Forms Projects carried out for 12 days of action","og_url":"https:\/\/calacs-chateauguay.ca\/en\/achivements\/","og_site_name":"Calacs Chateauguay","article_modified_time":"2023-07-20T19:15:07+00:00","twitter_misc":{"Est. reading time":"1 minute"},"schema":{"@context":"https:\/\/schema.org","@graph":[{"@type":"WebPage","@id":"https:\/\/calacs-chateauguay.ca\/en\/achivements\/","url":"https:\/\/calacs-chateauguay.ca\/en\/achivements\/","name":"Achivements - Calacs Chateauguay","isPartOf":{"@id":"https:\/\/calacs-chateauguay.ca\/en\/#website"},"datePublished":"2014-06-11T05:31:44+00:00","dateModified":"2023-07-20T19:15:07+00:00","breadcrumb":{"@id":"https:\/\/calacs-chateauguay.ca\/en\/achivements\/#breadcrumb"},"inLanguage":"en-US","potentialAction":[{"@type":"ReadAction","target":["https:\/\/calacs-chateauguay.ca\/en\/achivements\/"]}]},{"@type":"BreadcrumbList","@id":"https:\/\/calacs-chateauguay.ca\/en\/achivements\/#breadcrumb","itemListElement":[{"@type":"ListItem","position":1,"name":"Reception","item":"https:\/\/calacs-chateauguay.ca\/en\/"},{"@type":"ListItem","position":2,"name":"Achivements"}]},{"@type":"WebSite","@id":"https:\/\/calacs-chateauguay.ca\/en\/#website","url":"https:\/\/calacs-chateauguay.ca\/en\/","name":"Calacs Chateauguay","description":"EN PARLER C\u2019EST SE LIBERER","potentialAction":[{"@type":"SearchAction","target":{"@type":"EntryPoint","urlTemplate":"https:\/\/calacs-chateauguay.ca\/en\/?s={search_term_string}"},"query-input":{"@type":"PropertyValueSpecification","valueRequired":true,"valueName":"search_term_string"}}],"inLanguage":"en-US"}]}},"_links":{"self":[{"href":"https:\/\/calacs-chateauguay.ca\/en\/wp-json\/wp\/v2\/pages\/6148","targetHints":{"allow":["GET"]}}],"collection":[{"href":"https:\/\/calacs-chateauguay.ca\/en\/wp-json\/wp\/v2\/pages"}],"about":[{"href":"https:\/\/calacs-chateauguay.ca\/en\/wp-json\/wp\/v2\/types\/page"}],"author":[{"embeddable":true,"href":"https:\/\/calacs-chateauguay.ca\/en\/wp-json\/wp\/v2\/users\/4"}],"replies":[{"embeddable":true,"href":"https:\/\/calacs-chateauguay.ca\/en\/wp-json\/wp\/v2\/comments?post=6148"}],"version-history":[{"count":5,"href":"https:\/\/calacs-chateauguay.ca\/en\/wp-json\/wp\/v2\/pages\/6148\/revisions"}],"predecessor-version":[{"id":8547,"href":"https:\/\/calacs-chateauguay.ca\/en\/wp-json\/wp\/v2\/pages\/6148\/revisions\/8547"}],"wp:attachment":[{"href":"https:\/\/calacs-chateauguay.ca\/en\/wp-json\/wp\/v2\/media?parent=6148"}],"curies":[{"name":"wp","href":"https:\/\/api.w.org\/{rel}","templated":true}]}}