{"id":6506,"date":"2014-04-15T04:56:56","date_gmt":"2014-04-15T08:56:56","guid":{"rendered":"https:\/\/calacs-chateauguay.ca\/help\/liens-agression-sexuelle\/useful-links\/"},"modified":"2024-08-22T15:04:24","modified_gmt":"2024-08-22T19:04:24","slug":"useful-links","status":"publish","type":"page","link":"https:\/\/calacs-chateauguay.ca\/en\/useful-links\/","title":{"rendered":"Useful links"},"content":{"rendered":"<p>[et_pb_section fb_built=&#8221;1&#8243; specialty=&#8221;on&#8221; _builder_version=&#8221;4.16&#8243; global_colors_info=&#8221;{}&#8221;][et_pb_column type=&#8221;1_4&#8243; _builder_version=&#8221;4.16&#8243; custom_padding=&#8221;|||&#8221; global_colors_info=&#8221;{}&#8221; custom_padding__hover=&#8221;|||&#8221;]<\/p>\n<p>[et_pb_sidebar area=&#8221;et_pb_widget_area_4&#8243; _builder_version=&#8221;4.16&#8243; global_colors_info=&#8221;{}&#8221;][\/et_pb_sidebar]<\/p>\n<p>[\/et_pb_column][et_pb_column type=&#8221;3_4&#8243; specialty_columns=&#8221;3&#8243; _builder_version=&#8221;4.16&#8243; custom_padding=&#8221;|||&#8221; global_colors_info=&#8221;{}&#8221; custom_padding__hover=&#8221;|||&#8221;][et_pb_row_inner _builder_version=&#8221;4.16&#8243; global_colors_info=&#8221;{}&#8221;][et_pb_column_inner saved_specialty_column_type=&#8221;3_4&#8243; _builder_version=&#8221;4.16&#8243; global_colors_info=&#8221;{}&#8221;][et_pb_text _builder_version=&#8221;4.21.0&#8243; background_size=&#8221;initial&#8221; background_position=&#8221;top_left&#8221; background_repeat=&#8221;repeat&#8221; global_colors_info=&#8221;{}&#8221;]<\/p>\n<h3>Gouvernement du Qu\u00e9bec<\/h3>\n<p>Informations sur les agressions sexuelles. Site Internet : <a href=\"https:\/\/www.agressionssexuelles.gouv.qc.ca\" target=\"_blank\" rel=\"noopener noreferrer\">agressionssexuelles.gouv.qc.ca<\/a><\/p>\n<h3>La Trousse m\u00e9dico-l\u00e9gale en cas d&#8217;agression sexuelle<\/h3>\n<p>Informations sur l\u2019utilisation de la trousse m\u00e9dico-l\u00e9gale. Site Internet\u00a0: <a href=\"http.\/\/umf.formation.csssgatineau.qc.ca\/fileadmin\/documents\/core\/sommaires\/cores_2012-13\/trousse_agression_sexuelle.pdf\" target=\"_blank\" rel=\"noopener noreferrer\">umf.formation.csssgatineau.qc.ca<\/a><\/p>\n<h3>La Soci\u00e9t\u00e9 des obst\u00e9triciens et gyn\u00e9cologues du Canada<\/h3>\n<p>Informations sur la sexualit\u00e9 Site Internet\u00a0: <a href=\"https:\/\/www.masexualite.ca\" target=\"_blank\" rel=\"noopener noreferrer\">masexualite.ca<\/a><\/p>\n<h3>\u00c9LYSA<\/h3>\n<p>Informations diverses sur la sexualit\u00e9 avec la possibilit\u00e9 de soumettre une question. Ce site est g\u00e9r\u00e9 par l\u2019Universit\u00e9 du Qu\u00e9bec \u00e0 Montr\u00e9al (UQ\u00c0M) Site Internet\u00a0: <a href=\"https:\/\/www.elysa.uqam.ca\/\" target=\"_blank\" rel=\"noopener noreferrer\">elysa.uqam.ca<\/a><\/p>\n<h3>Centre d\u2019Assistance et d\u2019Accompagnement aux Plaintes (CAAP)<\/h3>\n<p>Le <strong>C<\/strong>entre d\u2019<strong>A<\/strong>ssistance et d\u2019<strong>A<\/strong>ccompagnement aux <strong>P<\/strong>laintes est un organisme r\u00e9gional ind\u00e9pendant, mandat\u00e9\u00a0par le ministre de la Sant\u00e9 et des Services sociaux pour offrir du soutien aux usagers qui d\u00e9sirent d\u00e9poser une plainte. T\u00e9l\u00e9phone : 1\u00a0800\u00a0263-0670 Site Internet : <a href=\"https:\/\/www.caapmonteregie.ca\">caap.ca\/caap\/<\/a><\/p>\n<h3>PROTECTEUR DU CITOYEN<\/h3>\n<p>Le Protecteur du citoyen examine les plaintes des personnes, entreprises, groupes ou\u00a0associations qui croient avoir \u00e9t\u00e9 trait\u00e9es de mani\u00e8re injuste ou incorrecte par un minist\u00e8re ou un organisme du gouvernement du Qu\u00e9bec ou encore par un \u00e9tablissement du r\u00e9seau de la sant\u00e9 et des services sociaux (recours de deuxi\u00e8me niveau dans ce secteur). Montr\u00e9al : 514 873-2032 Sans frais de partout au Qu\u00e9bec : 1 800 463-5070 Courriel : <a href=\"mailto:protecteur@protecteurducitoyen.qc.ca\">protecteur@protecteurducitoyen.qc.ca<\/a> Site Internet\u00a0: <a href=\"www.protecteurducitoyen.qc.ca\" target=\"_blank\" rel=\"noopener noreferrer\">protecteurducitoyen.qc.ca<\/a><\/p>\n<p>[\/et_pb_text][\/et_pb_column_inner][\/et_pb_row_inner][\/et_pb_column][\/et_pb_section]<\/p>\n","protected":false},"excerpt":{"rendered":"<p>Gouvernement du Qu\u00e9bec Informations sur les agressions sexuelles. Site Internet : agressionssexuelles.gouv.qc.ca La Trousse m\u00e9dico-l\u00e9gale en cas d&#8217;agression sexuelle Informations sur l\u2019utilisation de la trousse m\u00e9dico-l\u00e9gale. Site Internet\u00a0: umf.formation.csssgatineau.qc.ca La Soci\u00e9t\u00e9 des obst\u00e9triciens et gyn\u00e9cologues du Canada Informations sur la sexualit\u00e9 Site Internet\u00a0: masexualite.ca \u00c9LYSA Informations diverses sur la sexualit\u00e9 avec la possibilit\u00e9 de soumettre [&hellip;]<\/p>\n","protected":false},"author":4,"featured_media":0,"parent":0,"menu_order":271,"comment_status":"closed","ping_status":"open","template":"","meta":{"_et_pb_use_builder":"on","_et_pb_old_content":"","_et_gb_content_width":"","footnotes":""},"class_list":["post-6506","page","type-page","status-publish","hentry"],"yoast_head":"<!-- This site is optimized with the Yoast SEO plugin v27.3 - https:\/\/yoast.com\/product\/yoast-seo-wordpress\/ -->\n<title>Useful links - Calacs Chateauguay<\/title>\n<meta name=\"robots\" content=\"index, follow, max-snippet:-1, max-image-preview:large, max-video-preview:-1\" \/>\n<link rel=\"canonical\" href=\"https:\/\/calacs-chateauguay.ca\/en\/useful-links\/\" \/>\n<meta property=\"og:locale\" content=\"en_US\" \/>\n<meta property=\"og:type\" content=\"article\" \/>\n<meta property=\"og:title\" content=\"Useful links - Calacs Chateauguay\" \/>\n<meta property=\"og:description\" content=\"Gouvernement du Qu\u00e9bec Informations sur les agressions sexuelles. Site Internet : agressionssexuelles.gouv.qc.ca La Trousse m\u00e9dico-l\u00e9gale en cas d&#039;agression sexuelle Informations sur l\u2019utilisation de la trousse m\u00e9dico-l\u00e9gale. Site Internet\u00a0: umf.formation.csssgatineau.qc.ca La Soci\u00e9t\u00e9 des obst\u00e9triciens et gyn\u00e9cologues du Canada Informations sur la sexualit\u00e9 Site Internet\u00a0: masexualite.ca \u00c9LYSA Informations diverses sur la sexualit\u00e9 avec la possibilit\u00e9 de soumettre [&hellip;]\" \/>\n<meta property=\"og:url\" content=\"https:\/\/calacs-chateauguay.ca\/en\/useful-links\/\" \/>\n<meta property=\"og:site_name\" content=\"Calacs Chateauguay\" \/>\n<meta property=\"article:modified_time\" content=\"2024-08-22T19:04:24+00:00\" \/>\n<meta name=\"twitter:label1\" content=\"Est. reading time\" \/>\n\t<meta name=\"twitter:data1\" content=\"2 minutes\" \/>\n<script type=\"application\/ld+json\" class=\"yoast-schema-graph\">{\"@context\":\"https:\\\/\\\/schema.org\",\"@graph\":[{\"@type\":\"WebPage\",\"@id\":\"https:\\\/\\\/calacs-chateauguay.ca\\\/en\\\/useful-links\\\/\",\"url\":\"https:\\\/\\\/calacs-chateauguay.ca\\\/en\\\/useful-links\\\/\",\"name\":\"Useful links - Calacs Chateauguay\",\"isPartOf\":{\"@id\":\"https:\\\/\\\/calacs-chateauguay.ca\\\/en\\\/#website\"},\"datePublished\":\"2014-04-15T08:56:56+00:00\",\"dateModified\":\"2024-08-22T19:04:24+00:00\",\"breadcrumb\":{\"@id\":\"https:\\\/\\\/calacs-chateauguay.ca\\\/en\\\/useful-links\\\/#breadcrumb\"},\"inLanguage\":\"en-US\",\"potentialAction\":[{\"@type\":\"ReadAction\",\"target\":[\"https:\\\/\\\/calacs-chateauguay.ca\\\/en\\\/useful-links\\\/\"]}]},{\"@type\":\"BreadcrumbList\",\"@id\":\"https:\\\/\\\/calacs-chateauguay.ca\\\/en\\\/useful-links\\\/#breadcrumb\",\"itemListElement\":[{\"@type\":\"ListItem\",\"position\":1,\"name\":\"Reception\",\"item\":\"https:\\\/\\\/calacs-chateauguay.ca\\\/en\\\/\"},{\"@type\":\"ListItem\",\"position\":2,\"name\":\"Useful links\"}]},{\"@type\":\"WebSite\",\"@id\":\"https:\\\/\\\/calacs-chateauguay.ca\\\/en\\\/#website\",\"url\":\"https:\\\/\\\/calacs-chateauguay.ca\\\/en\\\/\",\"name\":\"Calacs Chateauguay\",\"description\":\"EN PARLER C\u2019EST SE LIBERER\",\"potentialAction\":[{\"@type\":\"SearchAction\",\"target\":{\"@type\":\"EntryPoint\",\"urlTemplate\":\"https:\\\/\\\/calacs-chateauguay.ca\\\/en\\\/?s={search_term_string}\"},\"query-input\":{\"@type\":\"PropertyValueSpecification\",\"valueRequired\":true,\"valueName\":\"search_term_string\"}}],\"inLanguage\":\"en-US\"}]}<\/script>\n<!-- \/ Yoast SEO plugin. -->","yoast_head_json":{"title":"Useful links - Calacs Chateauguay","robots":{"index":"index","follow":"follow","max-snippet":"max-snippet:-1","max-image-preview":"max-image-preview:large","max-video-preview":"max-video-preview:-1"},"canonical":"https:\/\/calacs-chateauguay.ca\/en\/useful-links\/","og_locale":"en_US","og_type":"article","og_title":"Useful links - Calacs Chateauguay","og_description":"Gouvernement du Qu\u00e9bec Informations sur les agressions sexuelles. Site Internet : agressionssexuelles.gouv.qc.ca La Trousse m\u00e9dico-l\u00e9gale en cas d'agression sexuelle Informations sur l\u2019utilisation de la trousse m\u00e9dico-l\u00e9gale. Site Internet\u00a0: umf.formation.csssgatineau.qc.ca La Soci\u00e9t\u00e9 des obst\u00e9triciens et gyn\u00e9cologues du Canada Informations sur la sexualit\u00e9 Site Internet\u00a0: masexualite.ca \u00c9LYSA Informations diverses sur la sexualit\u00e9 avec la possibilit\u00e9 de soumettre [&hellip;]","og_url":"https:\/\/calacs-chateauguay.ca\/en\/useful-links\/","og_site_name":"Calacs Chateauguay","article_modified_time":"2024-08-22T19:04:24+00:00","twitter_misc":{"Est. reading time":"2 minutes"},"schema":{"@context":"https:\/\/schema.org","@graph":[{"@type":"WebPage","@id":"https:\/\/calacs-chateauguay.ca\/en\/useful-links\/","url":"https:\/\/calacs-chateauguay.ca\/en\/useful-links\/","name":"Useful links - Calacs Chateauguay","isPartOf":{"@id":"https:\/\/calacs-chateauguay.ca\/en\/#website"},"datePublished":"2014-04-15T08:56:56+00:00","dateModified":"2024-08-22T19:04:24+00:00","breadcrumb":{"@id":"https:\/\/calacs-chateauguay.ca\/en\/useful-links\/#breadcrumb"},"inLanguage":"en-US","potentialAction":[{"@type":"ReadAction","target":["https:\/\/calacs-chateauguay.ca\/en\/useful-links\/"]}]},{"@type":"BreadcrumbList","@id":"https:\/\/calacs-chateauguay.ca\/en\/useful-links\/#breadcrumb","itemListElement":[{"@type":"ListItem","position":1,"name":"Reception","item":"https:\/\/calacs-chateauguay.ca\/en\/"},{"@type":"ListItem","position":2,"name":"Useful links"}]},{"@type":"WebSite","@id":"https:\/\/calacs-chateauguay.ca\/en\/#website","url":"https:\/\/calacs-chateauguay.ca\/en\/","name":"Calacs Chateauguay","description":"EN PARLER C\u2019EST SE LIBERER","potentialAction":[{"@type":"SearchAction","target":{"@type":"EntryPoint","urlTemplate":"https:\/\/calacs-chateauguay.ca\/en\/?s={search_term_string}"},"query-input":{"@type":"PropertyValueSpecification","valueRequired":true,"valueName":"search_term_string"}}],"inLanguage":"en-US"}]}},"_links":{"self":[{"href":"https:\/\/calacs-chateauguay.ca\/en\/wp-json\/wp\/v2\/pages\/6506","targetHints":{"allow":["GET"]}}],"collection":[{"href":"https:\/\/calacs-chateauguay.ca\/en\/wp-json\/wp\/v2\/pages"}],"about":[{"href":"https:\/\/calacs-chateauguay.ca\/en\/wp-json\/wp\/v2\/types\/page"}],"author":[{"embeddable":true,"href":"https:\/\/calacs-chateauguay.ca\/en\/wp-json\/wp\/v2\/users\/4"}],"replies":[{"embeddable":true,"href":"https:\/\/calacs-chateauguay.ca\/en\/wp-json\/wp\/v2\/comments?post=6506"}],"version-history":[{"count":5,"href":"https:\/\/calacs-chateauguay.ca\/en\/wp-json\/wp\/v2\/pages\/6506\/revisions"}],"predecessor-version":[{"id":9103,"href":"https:\/\/calacs-chateauguay.ca\/en\/wp-json\/wp\/v2\/pages\/6506\/revisions\/9103"}],"wp:attachment":[{"href":"https:\/\/calacs-chateauguay.ca\/en\/wp-json\/wp\/v2\/media?parent=6506"}],"curies":[{"name":"wp","href":"https:\/\/api.w.org\/{rel}","templated":true}]}}