{"id":6520,"date":"2013-08-16T03:51:13","date_gmt":"2013-08-16T07:51:13","guid":{"rendered":"https:\/\/calacs-chateauguay.ca\/prevention\/did-you-know\/"},"modified":"2023-07-21T10:20:55","modified_gmt":"2023-07-21T14:20:55","slug":"did-you-know","status":"publish","type":"page","link":"https:\/\/calacs-chateauguay.ca\/en\/prevention\/did-you-know\/","title":{"rendered":"Did you Know\u2026"},"content":{"rendered":"<p>[et_pb_section fb_built=&#8221;1&#8243; specialty=&#8221;on&#8221; _builder_version=&#8221;4.16&#8243; global_colors_info=&#8221;{}&#8221;][et_pb_column type=&#8221;1_4&#8243; _builder_version=&#8221;4.16&#8243; custom_padding=&#8221;|||&#8221; global_colors_info=&#8221;{}&#8221; custom_padding__hover=&#8221;|||&#8221;]<\/p>\n<p>[et_pb_sidebar area=&#8221;et_pb_widget_area_6&#8243; _builder_version=&#8221;4.16&#8243; global_colors_info=&#8221;{}&#8221;][\/et_pb_sidebar]<\/p>\n<p>[\/et_pb_column][et_pb_column type=&#8221;3_4&#8243; specialty_columns=&#8221;3&#8243; _builder_version=&#8221;4.16&#8243; custom_padding=&#8221;|||&#8221; global_colors_info=&#8221;{}&#8221; custom_padding__hover=&#8221;|||&#8221;][et_pb_row_inner _builder_version=&#8221;4.16&#8243; global_colors_info=&#8221;{}&#8221;][et_pb_column_inner saved_specialty_column_type=&#8221;3_4&#8243; _builder_version=&#8221;4.16&#8243; global_colors_info=&#8221;{}&#8221;][et_pb_text _builder_version=&#8221;4.21.0&#8243; background_size=&#8221;initial&#8221; background_position=&#8221;top_left&#8221; background_repeat=&#8221;repeat&#8221; global_colors_info=&#8221;{}&#8221;]<\/p>\n<h3>The Victims of Sexual Assault<\/h3>\n<ul class=\"arrowed\">\n<li>1 woman out of 3 has been the victim of a sexual assault.<\/li>\n<li>1 man out of 6 will be victim of a sexual assault during the course of his life.<\/li>\n<li>83% of sexual assault victims are female.<\/li>\n<li>More than 75% of native girls under the age of 18 have been sexually assaulted.<\/li>\n<li>40% of physically handicapped women will be victim of at least one sexual assault during the course of their lives.<\/li>\n<li>Women living with disabilities are two to three times more at risk of being sexually assaulted than women with no disabilities.<\/li>\n<li>7 to 9 women out of 10 with an intellectual disability will be victim of at least one sexual assault during the course of their lives.<\/li>\n<li>1 woman out of 7 has been sexually assaulted at least once by her spouse.<\/li>\n<li>Close to 8 victims out of 10 know the perpetrator.<\/li>\n<li>Up to 90% of sexual assaults are not reported to the police.<\/li>\n<li>Reported sexual assaults against people of 55 years of age and older have increased since 2001.<\/li>\n<li>Victims of sexual assault come from all sorts of social and economical backgrounds.<\/li>\n<li>No matter what their age, all women can be sexually assaulted. On the other hand, women victims of discrimination in regards to their origin, sexual orientation or disability are more vulnerable to violence and abuse.<\/li>\n<\/ul>\n<div class=\"post-it\">\u201c No mater how she is dressed, the state she is in, her behavior or the circumstances, the sexual assault victim is never responsible! \u201d<\/div>\n<h3>The Perpetrator<\/h3>\n<ul class=\"arrowed\">\n<li>20% of perpetrators are under the age of 18.<\/li>\n<li>In 2% of cases, the perpetrator is female.<\/li>\n<li>In 70% of cases, the perpetrator commits this crime in a private home (usually his own or the victim\u2019s).<\/li>\n<li>50% of perpetrators are married men living with a woman.<\/li>\n<li>95% of perpetrators have regular sexual intercourse with a consenting woman.<\/li>\n<li>The perpetrator is generally a person of sound mind who knows the victim and takes advantage of their trust relationship or his position of authority to sexually assault her.<\/li>\n<\/ul>\n<div class=\"calacs-text-box\">The perpetrator can be a family member, a friend, an acquaintance, a spouse, a professional, a co-worker, an employer, a teacher, a fellow student, a neighbour, a client, a patient or a stranger.<\/div>\n<p>[\/et_pb_text][et_pb_text admin_label=&#8221;Sources&#8221; module_id=&#8221;source-table&#8221; _builder_version=&#8221;4.21.0&#8243; _module_preset=&#8221;default&#8221; hover_enabled=&#8221;0&#8243; global_colors_info=&#8221;{}&#8221; sticky_enabled=&#8221;0&#8243;]<\/p>\n<p><strong>Sources :<\/strong><\/p>\n<ul>\n<li>Minist\u00e8re de la S\u00e9curit\u00e9 publique (2006). Les Agressions sexuelles au Qu\u00e9bec. Statistiques 2004, Sainte-Foy, Qu\u00e9bec. Direction de la pr\u00e9vention et de la lutte contre la criminalit\u00e9. Minist\u00e8re de la S\u00e9curit\u00e9 publique.<\/li>\n<li>Gouvernement du Qu\u00e9bec, Orientations gouvernementales en mati\u00e8re d\u2019agression sexuelle. Minist\u00e8re de la Sant\u00e9 et des Services sociaux. 2001.<\/li>\n<li>Statistiques 2008 sur les agressions sexuelles au Qu\u00e9bec, minist\u00e8re de la S\u00e9curit\u00e9 publique, d\u00e9cembre 2009.<\/li>\n<li>Feuerstein, 1997; Tyiska, 1998, dans Mercier 2005.<\/li>\n<\/ul>\n<p>[\/et_pb_text][\/et_pb_column_inner][\/et_pb_row_inner][\/et_pb_column][\/et_pb_section]<\/p>\n","protected":false},"excerpt":{"rendered":"<p>The Victims of Sexual Assault 1 woman out of 3 has been the victim of a sexual assault. 1 man out of 6 will be victim of a sexual assault during the course of his life. 83% of sexual assault victims are female. More than 75% of native girls under the age of 18 have [&hellip;]<\/p>\n","protected":false},"author":4,"featured_media":0,"parent":6515,"menu_order":252,"comment_status":"closed","ping_status":"closed","template":"","meta":{"_et_pb_use_builder":"on","_et_pb_old_content":"","_et_gb_content_width":"","footnotes":""},"class_list":["post-6520","page","type-page","status-publish","hentry"],"yoast_head":"<!-- This site is optimized with the Yoast SEO plugin v27.5 - https:\/\/yoast.com\/product\/yoast-seo-wordpress\/ -->\n<title>Did you Know\u2026 - Calacs Chateauguay<\/title>\n<meta name=\"robots\" content=\"index, follow, max-snippet:-1, max-image-preview:large, max-video-preview:-1\" \/>\n<link rel=\"canonical\" href=\"https:\/\/calacs-chateauguay.ca\/en\/prevention\/did-you-know\/\" \/>\n<meta property=\"og:locale\" content=\"en_US\" \/>\n<meta property=\"og:type\" content=\"article\" \/>\n<meta property=\"og:title\" content=\"Did you Know\u2026 - Calacs Chateauguay\" \/>\n<meta property=\"og:description\" content=\"The Victims of Sexual Assault 1 woman out of 3 has been the victim of a sexual assault. 1 man out of 6 will be victim of a sexual assault during the course of his life. 83% of sexual assault victims are female. More than 75% of native girls under the age of 18 have [&hellip;]\" \/>\n<meta property=\"og:url\" content=\"https:\/\/calacs-chateauguay.ca\/en\/prevention\/did-you-know\/\" \/>\n<meta property=\"og:site_name\" content=\"Calacs Chateauguay\" \/>\n<meta property=\"article:modified_time\" content=\"2023-07-21T14:20:55+00:00\" \/>\n<meta name=\"twitter:label1\" content=\"Est. reading time\" \/>\n\t<meta name=\"twitter:data1\" content=\"3 minutes\" \/>\n<script type=\"application\/ld+json\" class=\"yoast-schema-graph\">{\"@context\":\"https:\\\/\\\/schema.org\",\"@graph\":[{\"@type\":\"WebPage\",\"@id\":\"https:\\\/\\\/calacs-chateauguay.ca\\\/en\\\/prevention\\\/did-you-know\\\/\",\"url\":\"https:\\\/\\\/calacs-chateauguay.ca\\\/en\\\/prevention\\\/did-you-know\\\/\",\"name\":\"Did you Know\u2026 - Calacs Chateauguay\",\"isPartOf\":{\"@id\":\"https:\\\/\\\/calacs-chateauguay.ca\\\/en\\\/#website\"},\"datePublished\":\"2013-08-16T07:51:13+00:00\",\"dateModified\":\"2023-07-21T14:20:55+00:00\",\"breadcrumb\":{\"@id\":\"https:\\\/\\\/calacs-chateauguay.ca\\\/en\\\/prevention\\\/did-you-know\\\/#breadcrumb\"},\"inLanguage\":\"en-US\",\"potentialAction\":[{\"@type\":\"ReadAction\",\"target\":[\"https:\\\/\\\/calacs-chateauguay.ca\\\/en\\\/prevention\\\/did-you-know\\\/\"]}]},{\"@type\":\"BreadcrumbList\",\"@id\":\"https:\\\/\\\/calacs-chateauguay.ca\\\/en\\\/prevention\\\/did-you-know\\\/#breadcrumb\",\"itemListElement\":[{\"@type\":\"ListItem\",\"position\":1,\"name\":\"Reception\",\"item\":\"https:\\\/\\\/calacs-chateauguay.ca\\\/en\\\/\"},{\"@type\":\"ListItem\",\"position\":2,\"name\":\"Prevention\",\"item\":\"https:\\\/\\\/calacs-chateauguay.ca\\\/en\\\/lutte-2\\\/\"},{\"@type\":\"ListItem\",\"position\":3,\"name\":\"Did you Know\u2026\"}]},{\"@type\":\"WebSite\",\"@id\":\"https:\\\/\\\/calacs-chateauguay.ca\\\/en\\\/#website\",\"url\":\"https:\\\/\\\/calacs-chateauguay.ca\\\/en\\\/\",\"name\":\"Calacs Chateauguay\",\"description\":\"EN PARLER C\u2019EST SE LIBERER\",\"potentialAction\":[{\"@type\":\"SearchAction\",\"target\":{\"@type\":\"EntryPoint\",\"urlTemplate\":\"https:\\\/\\\/calacs-chateauguay.ca\\\/en\\\/?s={search_term_string}\"},\"query-input\":{\"@type\":\"PropertyValueSpecification\",\"valueRequired\":true,\"valueName\":\"search_term_string\"}}],\"inLanguage\":\"en-US\"}]}<\/script>\n<!-- \/ Yoast SEO plugin. -->","yoast_head_json":{"title":"Did you Know\u2026 - Calacs Chateauguay","robots":{"index":"index","follow":"follow","max-snippet":"max-snippet:-1","max-image-preview":"max-image-preview:large","max-video-preview":"max-video-preview:-1"},"canonical":"https:\/\/calacs-chateauguay.ca\/en\/prevention\/did-you-know\/","og_locale":"en_US","og_type":"article","og_title":"Did you Know\u2026 - Calacs Chateauguay","og_description":"The Victims of Sexual Assault 1 woman out of 3 has been the victim of a sexual assault. 1 man out of 6 will be victim of a sexual assault during the course of his life. 83% of sexual assault victims are female. More than 75% of native girls under the age of 18 have [&hellip;]","og_url":"https:\/\/calacs-chateauguay.ca\/en\/prevention\/did-you-know\/","og_site_name":"Calacs Chateauguay","article_modified_time":"2023-07-21T14:20:55+00:00","twitter_misc":{"Est. reading time":"3 minutes"},"schema":{"@context":"https:\/\/schema.org","@graph":[{"@type":"WebPage","@id":"https:\/\/calacs-chateauguay.ca\/en\/prevention\/did-you-know\/","url":"https:\/\/calacs-chateauguay.ca\/en\/prevention\/did-you-know\/","name":"Did you Know\u2026 - Calacs Chateauguay","isPartOf":{"@id":"https:\/\/calacs-chateauguay.ca\/en\/#website"},"datePublished":"2013-08-16T07:51:13+00:00","dateModified":"2023-07-21T14:20:55+00:00","breadcrumb":{"@id":"https:\/\/calacs-chateauguay.ca\/en\/prevention\/did-you-know\/#breadcrumb"},"inLanguage":"en-US","potentialAction":[{"@type":"ReadAction","target":["https:\/\/calacs-chateauguay.ca\/en\/prevention\/did-you-know\/"]}]},{"@type":"BreadcrumbList","@id":"https:\/\/calacs-chateauguay.ca\/en\/prevention\/did-you-know\/#breadcrumb","itemListElement":[{"@type":"ListItem","position":1,"name":"Reception","item":"https:\/\/calacs-chateauguay.ca\/en\/"},{"@type":"ListItem","position":2,"name":"Prevention","item":"https:\/\/calacs-chateauguay.ca\/en\/lutte-2\/"},{"@type":"ListItem","position":3,"name":"Did you Know\u2026"}]},{"@type":"WebSite","@id":"https:\/\/calacs-chateauguay.ca\/en\/#website","url":"https:\/\/calacs-chateauguay.ca\/en\/","name":"Calacs Chateauguay","description":"EN PARLER C\u2019EST SE LIBERER","potentialAction":[{"@type":"SearchAction","target":{"@type":"EntryPoint","urlTemplate":"https:\/\/calacs-chateauguay.ca\/en\/?s={search_term_string}"},"query-input":{"@type":"PropertyValueSpecification","valueRequired":true,"valueName":"search_term_string"}}],"inLanguage":"en-US"}]}},"_links":{"self":[{"href":"https:\/\/calacs-chateauguay.ca\/en\/wp-json\/wp\/v2\/pages\/6520","targetHints":{"allow":["GET"]}}],"collection":[{"href":"https:\/\/calacs-chateauguay.ca\/en\/wp-json\/wp\/v2\/pages"}],"about":[{"href":"https:\/\/calacs-chateauguay.ca\/en\/wp-json\/wp\/v2\/types\/page"}],"author":[{"embeddable":true,"href":"https:\/\/calacs-chateauguay.ca\/en\/wp-json\/wp\/v2\/users\/4"}],"replies":[{"embeddable":true,"href":"https:\/\/calacs-chateauguay.ca\/en\/wp-json\/wp\/v2\/comments?post=6520"}],"version-history":[{"count":5,"href":"https:\/\/calacs-chateauguay.ca\/en\/wp-json\/wp\/v2\/pages\/6520\/revisions"}],"predecessor-version":[{"id":8693,"href":"https:\/\/calacs-chateauguay.ca\/en\/wp-json\/wp\/v2\/pages\/6520\/revisions\/8693"}],"up":[{"embeddable":true,"href":"https:\/\/calacs-chateauguay.ca\/en\/wp-json\/wp\/v2\/pages\/6515"}],"wp:attachment":[{"href":"https:\/\/calacs-chateauguay.ca\/en\/wp-json\/wp\/v2\/media?parent=6520"}],"curies":[{"name":"wp","href":"https:\/\/api.w.org\/{rel}","templated":true}]}}