{"id":6543,"date":"2014-06-12T17:41:59","date_gmt":"2014-06-12T21:41:59","guid":{"rendered":"https:\/\/calacs-chateauguay.ca\/les-agressions-sexuelles-cest-non-ensemble-reagissons\/"},"modified":"2023-05-16T21:04:34","modified_gmt":"2023-05-17T01:04:34","slug":"les-agressions-sexuelles-cest-non-ensemble-reagissons","status":"publish","type":"page","link":"https:\/\/calacs-chateauguay.ca\/en\/les-agressions-sexuelles-cest-non-ensemble-reagissons\/","title":{"rendered":"Les agressions sexuelles c&#8217;est non. Ensemble r\u00e9agissons !"},"content":{"rendered":"<p>[et_pb_section fb_built=&#8221;1&#8243; _builder_version=&#8221;3.22&#8243;][et_pb_row _builder_version=&#8221;3.25&#8243; background_size=&#8221;initial&#8221; background_position=&#8221;top_left&#8221; background_repeat=&#8221;repeat&#8221;][et_pb_column type=&#8221;4_4&#8243; _builder_version=&#8221;3.25&#8243; custom_padding=&#8221;|||&#8221; custom_padding__hover=&#8221;|||&#8221;][et_pb_text _builder_version=&#8221;3.27.4&#8243; background_size=&#8221;initial&#8221; background_position=&#8221;top_left&#8221; background_repeat=&#8221;repeat&#8221;]La r\u00e9alisation de notre projet <strong>\u00ab Les agressions sexuelles c\u2019est non. Ensemble, r\u00e9agissons ! \u00bb<\/strong> a \u00e9t\u00e9 rendu possible gr\u00e2ce \u00e0 une subvention du Minist\u00e8re de la Justice Canada dans le cadre de la Semaine nationale de sensibilisation aux victimes d\u2019actes criminels qui a eu lieu du 6 au 12 avril 2014.<\/p>\n<p>Le projet consistait \u00e0 r\u00e9unir une quinzaine de femmes ayant v\u00e9cu une agression \u00e0 caract\u00e8re sexuel pour participer \u00e0 un projet audacieux et innovateur. Il s\u2019agissait pour chacune des femmes de faire une pancarte avec un message en lien avec les agressions sexuelles qu\u2019elles ont subies. Que ce soit une phrase qui leur a \u00e9t\u00e9 dite et qui les a marqu\u00e9es, que ce soit pour d\u00e9noncer le type d\u2019agression dont elles ont \u00e9t\u00e9 victimes ou encore pour donner un message d\u2019espoir, chaque femme \u00e9tait libre de livrer le message qu\u2019elle d\u00e9sirait.<\/p>\n<p>Chaque femme avait pr\u00e9alablement consenti \u00e0 \u00eatre photographi\u00e9e avec sa pancarte \u00e9tant inform\u00e9 que ces photos seraient affich\u00e9es sur des panneaux publicitaires g\u00e9ants aux abords des routes 132 et 138 pr\u00e8s du pont Honor\u00e9-Mercier reliant la rive sud-ouest \u00e0 Montr\u00e9al. Ce pont est emprunt\u00e9 quotidiennement par plus de 121 000 automobilistes. C\u2019est donc dire que ce projet n&#8217;est pas pass\u00e9 inaper\u00e7u. Il nous a permis de d\u00e9noncer la probl\u00e9matique de la violence sexuelle et de donner une tr\u00e8s belle visibilit\u00e9 au CALACS Ch\u00e2teauguay.<\/p>\n<p>Pour les femmes qui y ont particip\u00e9, ce projet leur a permis de rompre le silence, de briser l\u2019isolement, de d\u00e9noncer et de reprendre du pouvoir sur leur vie. Il a fallu beaucoup de courage et de d\u00e9termination \u00e0 ces femmes pour s\u2019afficher \u00e0 visage d\u00e9couvert pour la plupart et \u00e0 visage semi-d\u00e9couvert pour quelques-unes. Toutes les participantes disent avoir ressenti une lib\u00e9ration et une grande fiert\u00e9.<\/p>\n<p><strong>NOUS N\u2019AVONS PAS DE MOTS POUR LEUR DIRE \u00c0 QUEL POINT NOUS LES ADMIRONS ET NOUS LES REMERCIONS POUR LEUR PR\u00c9CIEUSE COLLABORATION.<\/strong><\/p>\n<div class=\"espace\"><\/div>\n<p>Le projet pr\u00e9voyait \u00e9galement de faire une page sur notre site Internet qui est enti\u00e8rement d\u00e9di\u00e9e \u00e0 ce projet afin de continuer \u00e0 d\u00e9noncer la violence sexuelle dont sont principalement victimes les femmes et les enfants. Par cons\u00e9quent, les femmes qui le d\u00e9sirent peuvent s\u2019impliquer en nous faisant parvenir, de pr\u00e9f\u00e9rence par courriel leur po\u00e8me, leur t\u00e9moignage ou encore leur photo avec une pancarte du m\u00eame type que celles qui paraissent sur cette page. Selon votre choix et votre aisance, les photos peuvent \u00eatre \u00e0 visage totalement couvert, semi-d\u00e9couvert ou totalement d\u00e9couvert.<\/p>\n<p>Voici donc des photos des panneaux publicitaires tels qu\u2019ils ont \u00e9t\u00e9 affich\u00e9s durant plus de 5 semaines ainsi que les photos individuelles des femmes qui ont particip\u00e9 \u00e0 ce projet.<\/p>\n<p>\n\t\t\t<!-- START Projet REVOLUTION SLIDER 6.6.20 --><p class=\"rs-p-wp-fix\"><\/p>\n\t\t\t<rs-module-wrap id=\"rev_slider_2_1_wrapper\" data-source=\"gallery\" data-aimg=\"\"  style=\"visibility:hidden;background:#ffffff;padding:5;margin:0px auto;margin-top:0;margin-bottom:0;\">\n\t\t\t\t<rs-module id=\"rev_slider_2_1\" style=\"\" data-version=\"6.6.20\">\n\t\t\t\t\t<rs-slides style=\"overflow: hidden; position: absolute;\">\n\t\t\t\t\t\t<rs-slide style=\"position: absolute;\" data-key=\"rs-10\" data-title=\"Slide\" data-anim=\"adpr:false;\">\n\t\t\t\t\t\t\t<img decoding=\"async\" src=\"\/\/calacs-chateauguay.ca\/wp-content\/plugins\/revslider\/public\/assets\/assets\/dummy.png\" alt=\"Slide\" title=\"Les agressions sexuelles c&#8217;est non. Ensemble r\u00e9agissons !\" class=\"rev-slidebg tp-rs-img rs-lazyload\" data-lazyload=\"\/\/calacs-chateauguay.ca\/wp-content\/plugins\/revslider\/public\/assets\/assets\/transparent.png\" data-no-retina>\n<!---->\t\t\t\t\t\t<\/rs-slide>\n\t\t\t\t\t\t<rs-slide style=\"position: absolute;\" data-key=\"rs-14\" data-title=\"Slide\" data-anim=\"adpr:false;\">\n\t\t\t\t\t\t\t<img decoding=\"async\" src=\"\/\/calacs-chateauguay.ca\/wp-content\/plugins\/revslider\/public\/assets\/assets\/dummy.png\" alt=\"Slide\" title=\"Les agressions sexuelles c&#8217;est non. Ensemble r\u00e9agissons !\" class=\"rev-slidebg tp-rs-img rs-lazyload\" data-lazyload=\"\/\/calacs-chateauguay.ca\/wp-content\/plugins\/revslider\/public\/assets\/assets\/transparent.png\" data-no-retina>\n<!---->\t\t\t\t\t\t<\/rs-slide>\n\t\t\t\t\t\t<rs-slide style=\"position: absolute;\" data-key=\"rs-12\" data-title=\"Slide\" data-anim=\"adpr:false;\">\n\t\t\t\t\t\t\t<img decoding=\"async\" src=\"\/\/calacs-chateauguay.ca\/wp-content\/plugins\/revslider\/public\/assets\/assets\/dummy.png\" alt=\"Slide\" title=\"Les agressions sexuelles c&#8217;est non. Ensemble r\u00e9agissons !\" class=\"rev-slidebg tp-rs-img rs-lazyload\" data-lazyload=\"\/\/calacs-chateauguay.ca\/wp-content\/plugins\/revslider\/public\/assets\/assets\/transparent.png\" data-no-retina>\n<!---->\t\t\t\t\t\t<\/rs-slide>\n\t\t\t\t\t\t<rs-slide style=\"position: absolute;\" data-key=\"rs-13\" data-title=\"Slide\" data-anim=\"adpr:false;\">\n\t\t\t\t\t\t\t<img decoding=\"async\" src=\"\/\/calacs-chateauguay.ca\/wp-content\/plugins\/revslider\/public\/assets\/assets\/dummy.png\" alt=\"Slide\" title=\"Les agressions sexuelles c&#8217;est non. Ensemble r\u00e9agissons !\" class=\"rev-slidebg tp-rs-img rs-lazyload\" data-lazyload=\"\/\/calacs-chateauguay.ca\/wp-content\/plugins\/revslider\/public\/assets\/assets\/transparent.png\" data-no-retina>\n<!---->\t\t\t\t\t\t<\/rs-slide>\n\t\t\t\t\t<\/rs-slides>\n\t\t\t\t<\/rs-module>\n\t\t\t\t<script>\n\t\t\t\t\tsetREVStartSize({c: 'rev_slider_2_1',rl:[1240,1024,778,480],el:[],gw:[700],gh:[351],type:'standard',justify:'',layout:'fullwidth',mh:\"0\"});if (window.RS_MODULES!==undefined && window.RS_MODULES.modules!==undefined && window.RS_MODULES.modules[\"revslider21\"]!==undefined) {window.RS_MODULES.modules[\"revslider21\"].once = false;window.revapi2 = undefined;if (window.RS_MODULES.checkMinimal!==undefined) window.RS_MODULES.checkMinimal()}\n\t\t\t\t<\/script>\n\t\t\t<\/rs-module-wrap>\n\t\t\t<!-- END REVOLUTION SLIDER -->\n<br \/>\n\n\t\t\t<!-- START photos REVOLUTION SLIDER 6.6.20 --><p class=\"rs-p-wp-fix\"><\/p>\n\t\t\t<rs-module-wrap id=\"rev_slider_3_2_wrapper\" data-source=\"gallery\" data-aimg=\"\"  style=\"visibility:hidden;background:#E9E9E9;padding:5;margin:0px auto;margin-top:0;margin-bottom:0;\">\n\t\t\t\t<rs-module id=\"rev_slider_3_2\" style=\"\" data-version=\"6.6.20\">\n\t\t\t\t\t<rs-slides style=\"overflow: hidden; position: absolute;\">\n\t\t\t\t\t\t<rs-slide style=\"position: absolute;\" data-key=\"rs-15\" data-title=\"Slide\" data-anim=\"adpr:false;\">\n\t\t\t\t\t\t\t<img decoding=\"async\" src=\"\/\/calacs-chateauguay.ca\/wp-content\/plugins\/revslider\/public\/assets\/assets\/dummy.png\" alt=\"Slide\" title=\"Les agressions sexuelles c&#8217;est non. Ensemble r\u00e9agissons !\" class=\"rev-slidebg tp-rs-img rs-lazyload\" data-lazyload=\"\/\/calacs-chateauguay.ca\/wp-content\/plugins\/revslider\/public\/assets\/assets\/transparent.png\" data-no-retina>\n<!---->\t\t\t\t\t\t<\/rs-slide>\n\t\t\t\t\t\t<rs-slide style=\"position: absolute;\" data-key=\"rs-16\" data-title=\"Slide\" data-anim=\"adpr:false;\">\n\t\t\t\t\t\t\t<img decoding=\"async\" src=\"\/\/calacs-chateauguay.ca\/wp-content\/plugins\/revslider\/public\/assets\/assets\/dummy.png\" alt=\"Slide\" title=\"Les agressions sexuelles c&#8217;est non. Ensemble r\u00e9agissons !\" class=\"rev-slidebg tp-rs-img rs-lazyload\" data-lazyload=\"\/\/calacs-chateauguay.ca\/wp-content\/plugins\/revslider\/public\/assets\/assets\/transparent.png\" data-no-retina>\n<!---->\t\t\t\t\t\t<\/rs-slide>\n\t\t\t\t\t\t<rs-slide style=\"position: absolute;\" data-key=\"rs-17\" data-title=\"Slide\" data-anim=\"adpr:false;\">\n\t\t\t\t\t\t\t<img decoding=\"async\" src=\"\/\/calacs-chateauguay.ca\/wp-content\/plugins\/revslider\/public\/assets\/assets\/dummy.png\" alt=\"Slide\" title=\"Les agressions sexuelles c&#8217;est non. Ensemble r\u00e9agissons !\" class=\"rev-slidebg tp-rs-img rs-lazyload\" data-lazyload=\"\/\/calacs-chateauguay.ca\/wp-content\/plugins\/revslider\/public\/assets\/assets\/transparent.png\" data-no-retina>\n<!---->\t\t\t\t\t\t<\/rs-slide>\n\t\t\t\t\t\t<rs-slide style=\"position: absolute;\" data-key=\"rs-18\" data-title=\"Slide\" data-anim=\"adpr:false;\">\n\t\t\t\t\t\t\t<img decoding=\"async\" src=\"\/\/calacs-chateauguay.ca\/wp-content\/plugins\/revslider\/public\/assets\/assets\/dummy.png\" alt=\"Slide\" title=\"Les agressions sexuelles c&#8217;est non. Ensemble r\u00e9agissons !\" class=\"rev-slidebg tp-rs-img rs-lazyload\" data-lazyload=\"\/\/calacs-chateauguay.ca\/wp-content\/plugins\/revslider\/public\/assets\/assets\/transparent.png\" data-no-retina>\n<!---->\t\t\t\t\t\t<\/rs-slide>\n\t\t\t\t\t\t<rs-slide style=\"position: absolute;\" data-key=\"rs-19\" data-title=\"Slide\" data-anim=\"adpr:false;\">\n\t\t\t\t\t\t\t<img decoding=\"async\" src=\"\/\/calacs-chateauguay.ca\/wp-content\/plugins\/revslider\/public\/assets\/assets\/dummy.png\" alt=\"Slide\" title=\"Les agressions sexuelles c&#8217;est non. Ensemble r\u00e9agissons !\" class=\"rev-slidebg tp-rs-img rs-lazyload\" data-lazyload=\"\/\/calacs-chateauguay.ca\/wp-content\/plugins\/revslider\/public\/assets\/assets\/transparent.png\" data-no-retina>\n<!---->\t\t\t\t\t\t<\/rs-slide>\n\t\t\t\t\t\t<rs-slide style=\"position: absolute;\" data-key=\"rs-20\" data-title=\"Slide\" data-anim=\"adpr:false;\">\n\t\t\t\t\t\t\t<img decoding=\"async\" src=\"\/\/calacs-chateauguay.ca\/wp-content\/plugins\/revslider\/public\/assets\/assets\/dummy.png\" alt=\"Slide\" title=\"Les agressions sexuelles c&#8217;est non. Ensemble r\u00e9agissons !\" class=\"rev-slidebg tp-rs-img rs-lazyload\" data-lazyload=\"\/\/calacs-chateauguay.ca\/wp-content\/plugins\/revslider\/public\/assets\/assets\/transparent.png\" data-no-retina>\n<!---->\t\t\t\t\t\t<\/rs-slide>\n\t\t\t\t\t\t<rs-slide style=\"position: absolute;\" data-key=\"rs-21\" data-title=\"Slide\" data-anim=\"adpr:false;\">\n\t\t\t\t\t\t\t<img decoding=\"async\" src=\"\/\/calacs-chateauguay.ca\/wp-content\/plugins\/revslider\/public\/assets\/assets\/dummy.png\" alt=\"Slide\" title=\"Les agressions sexuelles c&#8217;est non. Ensemble r\u00e9agissons !\" class=\"rev-slidebg tp-rs-img rs-lazyload\" data-lazyload=\"\/\/calacs-chateauguay.ca\/wp-content\/plugins\/revslider\/public\/assets\/assets\/transparent.png\" data-no-retina>\n<!---->\t\t\t\t\t\t<\/rs-slide>\n\t\t\t\t\t\t<rs-slide style=\"position: absolute;\" data-key=\"rs-22\" data-title=\"Slide\" data-anim=\"adpr:false;\">\n\t\t\t\t\t\t\t<img decoding=\"async\" src=\"\/\/calacs-chateauguay.ca\/wp-content\/plugins\/revslider\/public\/assets\/assets\/dummy.png\" alt=\"Slide\" title=\"Les agressions sexuelles c&#8217;est non. Ensemble r\u00e9agissons !\" class=\"rev-slidebg tp-rs-img rs-lazyload\" data-lazyload=\"\/\/calacs-chateauguay.ca\/wp-content\/plugins\/revslider\/public\/assets\/assets\/transparent.png\" data-no-retina>\n<!---->\t\t\t\t\t\t<\/rs-slide>\n\t\t\t\t\t\t<rs-slide style=\"position: absolute;\" data-key=\"rs-23\" data-title=\"Slide\" data-anim=\"adpr:false;\">\n\t\t\t\t\t\t\t<img decoding=\"async\" src=\"\/\/calacs-chateauguay.ca\/wp-content\/plugins\/revslider\/public\/assets\/assets\/dummy.png\" alt=\"Slide\" title=\"Les agressions sexuelles c&#8217;est non. Ensemble r\u00e9agissons !\" class=\"rev-slidebg tp-rs-img rs-lazyload\" data-lazyload=\"\/\/calacs-chateauguay.ca\/wp-content\/plugins\/revslider\/public\/assets\/assets\/transparent.png\" data-no-retina>\n<!---->\t\t\t\t\t\t<\/rs-slide>\n\t\t\t\t\t\t<rs-slide style=\"position: absolute;\" data-key=\"rs-24\" data-title=\"Slide\" data-anim=\"adpr:false;\">\n\t\t\t\t\t\t\t<img decoding=\"async\" src=\"\/\/calacs-chateauguay.ca\/wp-content\/plugins\/revslider\/public\/assets\/assets\/dummy.png\" alt=\"Slide\" title=\"Les agressions sexuelles c&#8217;est non. Ensemble r\u00e9agissons !\" class=\"rev-slidebg tp-rs-img rs-lazyload\" data-lazyload=\"\/\/calacs-chateauguay.ca\/wp-content\/plugins\/revslider\/public\/assets\/assets\/transparent.png\" data-no-retina>\n<!---->\t\t\t\t\t\t<\/rs-slide>\n\t\t\t\t\t\t<rs-slide style=\"position: absolute;\" data-key=\"rs-25\" data-title=\"Slide\" data-anim=\"adpr:false;\">\n\t\t\t\t\t\t\t<img decoding=\"async\" src=\"\/\/calacs-chateauguay.ca\/wp-content\/plugins\/revslider\/public\/assets\/assets\/dummy.png\" alt=\"Slide\" title=\"Les agressions sexuelles c&#8217;est non. Ensemble r\u00e9agissons !\" class=\"rev-slidebg tp-rs-img rs-lazyload\" data-lazyload=\"\/\/calacs-chateauguay.ca\/wp-content\/plugins\/revslider\/public\/assets\/assets\/transparent.png\" data-no-retina>\n<!---->\t\t\t\t\t\t<\/rs-slide>\n\t\t\t\t\t\t<rs-slide style=\"position: absolute;\" data-key=\"rs-26\" data-title=\"Slide\" data-anim=\"adpr:false;\">\n\t\t\t\t\t\t\t<img decoding=\"async\" src=\"\/\/calacs-chateauguay.ca\/wp-content\/plugins\/revslider\/public\/assets\/assets\/dummy.png\" alt=\"Slide\" title=\"Les agressions sexuelles c&#8217;est non. Ensemble r\u00e9agissons !\" class=\"rev-slidebg tp-rs-img rs-lazyload\" data-lazyload=\"\/\/calacs-chateauguay.ca\/wp-content\/plugins\/revslider\/public\/assets\/assets\/transparent.png\" data-no-retina>\n<!---->\t\t\t\t\t\t<\/rs-slide>\n\t\t\t\t\t\t<rs-slide style=\"position: absolute;\" data-key=\"rs-27\" data-title=\"Slide\" data-anim=\"adpr:false;\">\n\t\t\t\t\t\t\t<img decoding=\"async\" src=\"\/\/calacs-chateauguay.ca\/wp-content\/plugins\/revslider\/public\/assets\/assets\/dummy.png\" alt=\"Slide\" title=\"Les agressions sexuelles c&#8217;est non. Ensemble r\u00e9agissons !\" class=\"rev-slidebg tp-rs-img rs-lazyload\" data-lazyload=\"\/\/calacs-chateauguay.ca\/wp-content\/plugins\/revslider\/public\/assets\/assets\/transparent.png\" data-no-retina>\n<!---->\t\t\t\t\t\t<\/rs-slide>\n\t\t\t\t\t\t<rs-slide style=\"position: absolute;\" data-key=\"rs-28\" data-title=\"Slide\" data-anim=\"adpr:false;\">\n\t\t\t\t\t\t\t<img decoding=\"async\" src=\"\/\/calacs-chateauguay.ca\/wp-content\/plugins\/revslider\/public\/assets\/assets\/dummy.png\" alt=\"Slide\" title=\"Les agressions sexuelles c&#8217;est non. Ensemble r\u00e9agissons !\" class=\"rev-slidebg tp-rs-img rs-lazyload\" data-lazyload=\"\/\/calacs-chateauguay.ca\/wp-content\/plugins\/revslider\/public\/assets\/assets\/transparent.png\" data-no-retina>\n<!---->\t\t\t\t\t\t<\/rs-slide>\n\t\t\t\t\t\t<rs-slide style=\"position: absolute;\" data-key=\"rs-29\" data-title=\"Slide\" data-anim=\"adpr:false;\">\n\t\t\t\t\t\t\t<img decoding=\"async\" src=\"\/\/calacs-chateauguay.ca\/wp-content\/plugins\/revslider\/public\/assets\/assets\/dummy.png\" alt=\"Slide\" title=\"Les agressions sexuelles c&#8217;est non. Ensemble r\u00e9agissons !\" class=\"rev-slidebg tp-rs-img rs-lazyload\" data-lazyload=\"\/\/calacs-chateauguay.ca\/wp-content\/plugins\/revslider\/public\/assets\/assets\/transparent.png\" data-no-retina>\n<!---->\t\t\t\t\t\t<\/rs-slide>\n\t\t\t\t\t<\/rs-slides>\n\t\t\t\t<\/rs-module>\n\t\t\t\t<script>\n\t\t\t\t\tsetREVStartSize({c: 'rev_slider_3_2',rl:[1240,1024,778,480],el:[],gw:[700],gh:[467],type:'standard',justify:'',layout:'fullwidth',mh:\"0\"});if (window.RS_MODULES!==undefined && window.RS_MODULES.modules!==undefined && window.RS_MODULES.modules[\"revslider32\"]!==undefined) {window.RS_MODULES.modules[\"revslider32\"].once = false;window.revapi3 = undefined;if (window.RS_MODULES.checkMinimal!==undefined) window.RS_MODULES.checkMinimal()}\n\t\t\t\t<\/script>\n\t\t\t<\/rs-module-wrap>\n\t\t\t<!-- END REVOLUTION SLIDER -->\n<\/p>\n<div class=\"fine-print\">La r\u00e9alisation de cette page d\u00e9di\u00e9e au projet \u00ab Les agressions sexuelles c\u2019est non. Ensemble, r\u00e9agissons ! \u00bb a \u00e9t\u00e9 rendue possible gr\u00e2ce \u00e0 une subvention du Minist\u00e8re de la Justice Canada dans le cadre de la Semaine nationale de sensibilisation aux victimes d\u2019actes criminels de 2014.<\/div>\n<p>[\/et_pb_text][\/et_pb_column][\/et_pb_row][\/et_pb_section]<\/p>\n","protected":false},"excerpt":{"rendered":"<p>La r\u00e9alisation de notre projet \u00ab Les agressions sexuelles c\u2019est non. Ensemble, r\u00e9agissons ! \u00bb a \u00e9t\u00e9 rendu possible gr\u00e2ce \u00e0 une subvention du Minist\u00e8re de la Justice Canada dans le cadre de la Semaine nationale de sensibilisation aux victimes d\u2019actes criminels qui a eu lieu du 6 au 12 avril 2014. Le projet consistait [&hellip;]<\/p>\n","protected":false},"author":4,"featured_media":0,"parent":0,"menu_order":999,"comment_status":"open","ping_status":"closed","template":"","meta":{"_et_pb_use_builder":"on","_et_pb_old_content":"","_et_gb_content_width":"","footnotes":""},"class_list":["post-6543","page","type-page","status-publish","hentry"],"yoast_head":"<!-- This site is optimized with the Yoast SEO plugin v27.5 - https:\/\/yoast.com\/product\/yoast-seo-wordpress\/ -->\n<title>Les agressions sexuelles c&#039;est non. Ensemble r\u00e9agissons ! - Calacs Chateauguay<\/title>\n<meta name=\"robots\" content=\"index, follow, max-snippet:-1, max-image-preview:large, max-video-preview:-1\" \/>\n<link rel=\"canonical\" href=\"https:\/\/calacs-chateauguay.ca\/en\/les-agressions-sexuelles-cest-non-ensemble-reagissons\/\" \/>\n<meta property=\"og:locale\" content=\"en_US\" \/>\n<meta property=\"og:type\" content=\"article\" \/>\n<meta property=\"og:title\" content=\"Les agressions sexuelles c&#039;est non. Ensemble r\u00e9agissons ! - Calacs Chateauguay\" \/>\n<meta property=\"og:description\" content=\"La r\u00e9alisation de notre projet \u00ab Les agressions sexuelles c\u2019est non. Ensemble, r\u00e9agissons ! \u00bb a \u00e9t\u00e9 rendu possible gr\u00e2ce \u00e0 une subvention du Minist\u00e8re de la Justice Canada dans le cadre de la Semaine nationale de sensibilisation aux victimes d\u2019actes criminels qui a eu lieu du 6 au 12 avril 2014. Le projet consistait [&hellip;]\" \/>\n<meta property=\"og:url\" content=\"https:\/\/calacs-chateauguay.ca\/en\/les-agressions-sexuelles-cest-non-ensemble-reagissons\/\" \/>\n<meta property=\"og:site_name\" content=\"Calacs Chateauguay\" \/>\n<meta property=\"article:modified_time\" content=\"2023-05-17T01:04:34+00:00\" \/>\n<meta name=\"twitter:label1\" content=\"Est. reading time\" \/>\n\t<meta name=\"twitter:data1\" content=\"3 minutes\" \/>\n<script type=\"application\/ld+json\" class=\"yoast-schema-graph\">{\"@context\":\"https:\\\/\\\/schema.org\",\"@graph\":[{\"@type\":\"WebPage\",\"@id\":\"https:\\\/\\\/calacs-chateauguay.ca\\\/en\\\/les-agressions-sexuelles-cest-non-ensemble-reagissons\\\/\",\"url\":\"https:\\\/\\\/calacs-chateauguay.ca\\\/en\\\/les-agressions-sexuelles-cest-non-ensemble-reagissons\\\/\",\"name\":\"Les agressions sexuelles c'est non. Ensemble r\u00e9agissons ! - Calacs Chateauguay\",\"isPartOf\":{\"@id\":\"https:\\\/\\\/calacs-chateauguay.ca\\\/en\\\/#website\"},\"datePublished\":\"2014-06-12T21:41:59+00:00\",\"dateModified\":\"2023-05-17T01:04:34+00:00\",\"breadcrumb\":{\"@id\":\"https:\\\/\\\/calacs-chateauguay.ca\\\/en\\\/les-agressions-sexuelles-cest-non-ensemble-reagissons\\\/#breadcrumb\"},\"inLanguage\":\"en-US\",\"potentialAction\":[{\"@type\":\"ReadAction\",\"target\":[\"https:\\\/\\\/calacs-chateauguay.ca\\\/en\\\/les-agressions-sexuelles-cest-non-ensemble-reagissons\\\/\"]}]},{\"@type\":\"BreadcrumbList\",\"@id\":\"https:\\\/\\\/calacs-chateauguay.ca\\\/en\\\/les-agressions-sexuelles-cest-non-ensemble-reagissons\\\/#breadcrumb\",\"itemListElement\":[{\"@type\":\"ListItem\",\"position\":1,\"name\":\"Reception\",\"item\":\"https:\\\/\\\/calacs-chateauguay.ca\\\/en\\\/\"},{\"@type\":\"ListItem\",\"position\":2,\"name\":\"Les agressions sexuelles c&rsquo;est non. Ensemble r\u00e9agissons !\"}]},{\"@type\":\"WebSite\",\"@id\":\"https:\\\/\\\/calacs-chateauguay.ca\\\/en\\\/#website\",\"url\":\"https:\\\/\\\/calacs-chateauguay.ca\\\/en\\\/\",\"name\":\"Calacs Chateauguay\",\"description\":\"EN PARLER C\u2019EST SE LIBERER\",\"potentialAction\":[{\"@type\":\"SearchAction\",\"target\":{\"@type\":\"EntryPoint\",\"urlTemplate\":\"https:\\\/\\\/calacs-chateauguay.ca\\\/en\\\/?s={search_term_string}\"},\"query-input\":{\"@type\":\"PropertyValueSpecification\",\"valueRequired\":true,\"valueName\":\"search_term_string\"}}],\"inLanguage\":\"en-US\"}]}<\/script>\n<!-- \/ Yoast SEO plugin. -->","yoast_head_json":{"title":"Les agressions sexuelles c'est non. Ensemble r\u00e9agissons ! - Calacs Chateauguay","robots":{"index":"index","follow":"follow","max-snippet":"max-snippet:-1","max-image-preview":"max-image-preview:large","max-video-preview":"max-video-preview:-1"},"canonical":"https:\/\/calacs-chateauguay.ca\/en\/les-agressions-sexuelles-cest-non-ensemble-reagissons\/","og_locale":"en_US","og_type":"article","og_title":"Les agressions sexuelles c'est non. Ensemble r\u00e9agissons ! - Calacs Chateauguay","og_description":"La r\u00e9alisation de notre projet \u00ab Les agressions sexuelles c\u2019est non. Ensemble, r\u00e9agissons ! \u00bb a \u00e9t\u00e9 rendu possible gr\u00e2ce \u00e0 une subvention du Minist\u00e8re de la Justice Canada dans le cadre de la Semaine nationale de sensibilisation aux victimes d\u2019actes criminels qui a eu lieu du 6 au 12 avril 2014. Le projet consistait [&hellip;]","og_url":"https:\/\/calacs-chateauguay.ca\/en\/les-agressions-sexuelles-cest-non-ensemble-reagissons\/","og_site_name":"Calacs Chateauguay","article_modified_time":"2023-05-17T01:04:34+00:00","twitter_misc":{"Est. reading time":"3 minutes"},"schema":{"@context":"https:\/\/schema.org","@graph":[{"@type":"WebPage","@id":"https:\/\/calacs-chateauguay.ca\/en\/les-agressions-sexuelles-cest-non-ensemble-reagissons\/","url":"https:\/\/calacs-chateauguay.ca\/en\/les-agressions-sexuelles-cest-non-ensemble-reagissons\/","name":"Les agressions sexuelles c'est non. Ensemble r\u00e9agissons ! - Calacs Chateauguay","isPartOf":{"@id":"https:\/\/calacs-chateauguay.ca\/en\/#website"},"datePublished":"2014-06-12T21:41:59+00:00","dateModified":"2023-05-17T01:04:34+00:00","breadcrumb":{"@id":"https:\/\/calacs-chateauguay.ca\/en\/les-agressions-sexuelles-cest-non-ensemble-reagissons\/#breadcrumb"},"inLanguage":"en-US","potentialAction":[{"@type":"ReadAction","target":["https:\/\/calacs-chateauguay.ca\/en\/les-agressions-sexuelles-cest-non-ensemble-reagissons\/"]}]},{"@type":"BreadcrumbList","@id":"https:\/\/calacs-chateauguay.ca\/en\/les-agressions-sexuelles-cest-non-ensemble-reagissons\/#breadcrumb","itemListElement":[{"@type":"ListItem","position":1,"name":"Reception","item":"https:\/\/calacs-chateauguay.ca\/en\/"},{"@type":"ListItem","position":2,"name":"Les agressions sexuelles c&rsquo;est non. Ensemble r\u00e9agissons !"}]},{"@type":"WebSite","@id":"https:\/\/calacs-chateauguay.ca\/en\/#website","url":"https:\/\/calacs-chateauguay.ca\/en\/","name":"Calacs Chateauguay","description":"EN PARLER C\u2019EST SE LIBERER","potentialAction":[{"@type":"SearchAction","target":{"@type":"EntryPoint","urlTemplate":"https:\/\/calacs-chateauguay.ca\/en\/?s={search_term_string}"},"query-input":{"@type":"PropertyValueSpecification","valueRequired":true,"valueName":"search_term_string"}}],"inLanguage":"en-US"}]}},"_links":{"self":[{"href":"https:\/\/calacs-chateauguay.ca\/en\/wp-json\/wp\/v2\/pages\/6543","targetHints":{"allow":["GET"]}}],"collection":[{"href":"https:\/\/calacs-chateauguay.ca\/en\/wp-json\/wp\/v2\/pages"}],"about":[{"href":"https:\/\/calacs-chateauguay.ca\/en\/wp-json\/wp\/v2\/types\/page"}],"author":[{"embeddable":true,"href":"https:\/\/calacs-chateauguay.ca\/en\/wp-json\/wp\/v2\/users\/4"}],"replies":[{"embeddable":true,"href":"https:\/\/calacs-chateauguay.ca\/en\/wp-json\/wp\/v2\/comments?post=6543"}],"version-history":[{"count":1,"href":"https:\/\/calacs-chateauguay.ca\/en\/wp-json\/wp\/v2\/pages\/6543\/revisions"}],"predecessor-version":[{"id":6544,"href":"https:\/\/calacs-chateauguay.ca\/en\/wp-json\/wp\/v2\/pages\/6543\/revisions\/6544"}],"wp:attachment":[{"href":"https:\/\/calacs-chateauguay.ca\/en\/wp-json\/wp\/v2\/media?parent=6543"}],"curies":[{"name":"wp","href":"https:\/\/api.w.org\/{rel}","templated":true}]}}